{"id":3208,"date":"2023-12-07T13:01:43","date_gmt":"2023-12-07T13:01:43","guid":{"rendered":"https:\/\/victimcare-dc.org\/la-justicia-penal-y-usted\/"},"modified":"2024-03-19T11:27:16","modified_gmt":"2024-03-19T11:27:16","slug":"la-justicia-penal-y-usted","status":"publish","type":"page","link":"https:\/\/victimcare-dc.org\/es\/la-justicia-penal-y-usted\/","title":{"rendered":"La justicia penal y usted"},"content":{"rendered":"<!--themify_builder_content-->\n<div id=\"themify_builder_content-3208\" data-postid=\"3208\" class=\"themify_builder_content themify_builder_content-3208 themify_builder tf_clear\">\n                    <div  data-lazy=\"1\" class=\"module_row themify_builder_row tb_0iie717 tb_first tf_w\">\n                        <div class=\"row_inner col_align_top tb_col_count_1 tf_box tf_rel\">\n                        <div  data-lazy=\"1\" class=\"module_column tb-column col-full tb_vce9717 first\">\n                    <!-- module text -->\n<div  class=\"module module-text tb_k34x996   \" data-lazy=\"1\">\n        <div  class=\"tb_text_wrap\">\n        <p><span style=\"font-weight: 400;\">Este recurso interactivo ha sido desarrollado en nombre de la Junta Local de Justicia Penal en colaboraci\u00f3n con la Oficina del Comisario de Polic\u00eda y Crimen para ayudarle a entender cada parte del proceso de justicia penal.<\/span><\/p>\n<p><span style=\"font-weight: 400;\">Una persona de cada uno de nuestros organismos asociados le explicar\u00e1 el papel que desempe\u00f1a en su viaje, habl\u00e1ndole como profesional directamente implicado en ese \u00e1mbito de trabajo.<\/span><\/p>\n<p><span style=\"font-weight: 400;\">Tambi\u00e9n hemos incluido algunos recursos propios de nuestros socios y enlaces \u00fatiles para ponerse en contacto con la persona adecuada y consultar lecturas complementarias sobre cada paso.  <\/span><\/p>\n<p><span style=\"font-weight: 400;\">Si est\u00e1 viendo esto en un idioma distinto del ingl\u00e9s, puede ver una lista de reproducci\u00f3n de YouTube de los v\u00eddeos incluidos en este recurso y elegir el idioma de subt\u00edtulos apropiado. Tambi\u00e9n puede hacer clic en los enlaces siguientes para acceder a los guiones en PDF de cada v\u00eddeo para utilizarlos con su propio programa de traducci\u00f3n.<\/span> <\/p>\n<p>Elija la versi\u00f3n m\u00f3vil si desea ver este recurso en un tel\u00e9fono m\u00f3vil o una tableta. Si tiene problemas para ver los v\u00eddeos, tambi\u00e9n puede verlos en nuestra <a href=\"https:\/\/www.youtube.com\/playlist?list=PLeRSjPpAX54dvMPbrnUSZMUzBu635QOgU\">lista de reproducci\u00f3n de YouTube<\/a>.<\/p>\n<p>Las transcripciones y el glosario de cada v\u00eddeo tambi\u00e9n est\u00e1n disponibles en los siguientes enlaces.<\/p>    <\/div>\n<\/div>\n<!-- \/module text -->        <\/div>\n                        <\/div>\n        <\/div>\n                        <div  data-lazy=\"1\" class=\"module_row themify_builder_row tb_cxel86 tf_w\">\n                        <div class=\"row_inner col_align_top tb_col_count_1 tf_box tf_rel\">\n                        <div  data-lazy=\"1\" class=\"module_column tb-column col-full tb_y6hm86 first\">\n                    <!-- module text -->\n<div  class=\"module module-text tb_uqn0528   \" data-lazy=\"1\">\n        <div  class=\"tb_text_wrap\">\n        <h3><span style=\"font-weight: bold;\">Versi\u00f3n de sobremesa<\/span><\/h3>    <\/div>\n<\/div>\n<!-- \/module text --><!-- module plain text -->\n<div  class=\"module module-plain-text tb_5cw9947 \" data-lazy=\"1\">\n        <div class=\"tb_text_wrap\">\n    <iframe loading=\"lazy\" style=\"border: 1px solid #777;\" src=\"https:\/\/indd.adobe.com\/embed\/1af7c271-a581-401d-957c-0ebf70c28de4?startpage=1&#038;allowFullscreen=true\" width=\"650px\" height=\"460px\" frameborder=\"0\" allowfullscreen=\"\"><\/iframe>    <\/div>\n<\/div>\n<!-- \/module plain text --><!-- module text -->\n<div  class=\"module module-text tb_ssqh149   \" data-lazy=\"1\">\n        <div  class=\"tb_text_wrap\">\n        <h3><span style=\"font-weight: bold;\">Versi\u00f3n m\u00f3vil<\/span><\/h3>    <\/div>\n<\/div>\n<!-- \/module text --><!-- module plain text -->\n<div  class=\"module module-plain-text tb_ufoz709 \" data-lazy=\"1\">\n        <div class=\"tb_text_wrap\">\n    <iframe loading=\"lazy\" style=\"border: 1px solid #777;\" src=\"https:\/\/indd.adobe.com\/embed\/de607b94-277c-45d5-85f4-f3529526da05?startpage=1&#038;allowFullscreen=true\" width=\"650px\" height=\"460px\" frameborder=\"0\" allowfullscreen=\"\"><\/iframe>    <\/div>\n<\/div>\n<!-- \/module plain text -->        <\/div>\n                        <\/div>\n        <\/div>\n                        <div  data-lazy=\"1\" class=\"module_row themify_builder_row tb_v11t436 tf_w\">\n                        <div class=\"row_inner col_align_top tb_col_count_1 tf_box tf_rel\">\n                        <div  data-lazy=\"1\" class=\"module_column tb-column col-full tb_b7bu436 first\">\n                            <div  data-lazy=\"1\" class=\"module_subrow themify_builder_sub_row tf_w col_align_top tb_col_count_1 tb_fgd2330\">\n                <div  data-lazy=\"1\" class=\"module_column sub_column col-full tb_o9w0330 first\">\n                    <!-- module text -->\n<div  class=\"module module-text tb_dxsi216   \" data-lazy=\"1\">\n        <div  class=\"tb_text_wrap\">\n        <h5><strong><a href=\"https:\/\/victimcare-dc.org\/wp-content\/uploads\/2024\/02\/Introduction.pdf\">Introducci\u00f3n<\/a><\/strong><\/h5>\n<h5><strong><a href=\"https:\/\/victimcare-dc.org\/wp-content\/uploads\/2024\/02\/Reporting-a-Crime.pdf\">Denunciar un delito<\/a><\/strong><\/h5>\n<h5><strong><a href=\"https:\/\/victimcare-dc.org\/wp-content\/uploads\/2024\/02\/Providing-a-statement.pdf\">Presentar una declaraci\u00f3n<\/a><\/strong><\/h5>\n<h5><strong><a href=\"https:\/\/victimcare-dc.org\/wp-content\/uploads\/2024\/02\/Investigating-a-crime.pdf\">Investigaci\u00f3n de un delito<\/a><\/strong><\/h5>\n<h5><strong><a href=\"https:\/\/victimcare-dc.org\/wp-content\/uploads\/2024\/02\/Victim-personal-statement.pdf\">Declaraci\u00f3n personal de la v\u00edctima<\/a><\/strong><\/h5>\n<h5><strong><a href=\"https:\/\/victimcare-dc.org\/wp-content\/uploads\/2024\/02\/Police-victim-care.pdf\">Atenci\u00f3n policial a las v\u00edctimas<\/a><\/strong><\/h5>\n<h5><strong><a href=\"https:\/\/victimcare-dc.org\/wp-content\/uploads\/2024\/02\/Victim-support-services.pdf\">Servicios de apoyo a las v\u00edctimas<\/a><\/strong><\/h5>\n<h5><strong><a href=\"https:\/\/victimcare-dc.org\/wp-content\/uploads\/2024\/02\/Crown-Prosecution-Service.pdf\">Fiscal\u00eda de la Corona<\/a><\/strong><\/h5>\n<h5><strong><a href=\"https:\/\/victimcare-dc.org\/wp-content\/uploads\/2024\/02\/Restorative-justice.pdf\">Justicia reparadora<\/a><\/strong><\/h5>\n<h5><strong><a href=\"https:\/\/victimcare-dc.org\/wp-content\/uploads\/2024\/02\/Out-of-court-resolutions.pdf\">Resoluciones extrajudiciales<\/a><\/strong><\/h5>\n<h5><strong><a href=\"https:\/\/victimcare-dc.org\/wp-content\/uploads\/2024\/02\/Keeping-you-informed.pdf\">Mantenerle informado<\/a><\/strong><\/h5>\n<h5><strong><a href=\"https:\/\/victimcare-dc.org\/wp-content\/uploads\/2024\/02\/Special-measures.pdf\">Medidas especiales<\/a><\/strong><\/h5>\n<h5><strong><a href=\"https:\/\/victimcare-dc.org\/wp-content\/uploads\/2024\/02\/After-the-trial.pdf\">Despu\u00e9s del juicio<\/a><\/strong><\/h5>\n<h5><strong><a href=\"https:\/\/victimcare-dc.org\/wp-content\/uploads\/2024\/02\/Prison-and-probation.pdf\">Prisi\u00f3n y libertad condicional<\/a><\/strong><\/h5>\n<h5><strong><a href=\"https:\/\/victimcare-dc.org\/wp-content\/uploads\/2024\/02\/Youth-Justice-Service.pdf\">Servicio de Justicia Juvenil<\/a><\/strong><\/h5>    <\/div>\n<\/div>\n<!-- \/module text -->        <\/div>\n                    <\/div>\n                <\/div>\n                        <\/div>\n        <\/div>\n        <\/div>\n<!--\/themify_builder_content-->","protected":false},"excerpt":{"rendered":"<p>Este recurso interactivo ha sido desarrollado en nombre de la Junta Local de Justicia Penal en colaboraci\u00f3n con la Oficina [&hellip;]<\/p>\n","protected":false},"author":3,"featured_media":0,"parent":0,"menu_order":0,"comment_status":"closed","ping_status":"closed","template":"","meta":{"footnotes":""},"class_list":["post-3208","page","type-page","status-publish","hentry","has-post-title","has-post-date","has-post-category","has-post-tag","has-post-comment","has-post-author",""],"yoast_head":"<!-- This site is optimized with the Yoast SEO plugin v27.3 - https:\/\/yoast.com\/product\/yoast-seo-wordpress\/ -->\n<title>La justicia penal y usted - Victim Care Devon &amp; Cornwall<\/title>\n<meta name=\"description\" content=\"Una gu\u00eda para ayudar a las v\u00edctimas de delitos a comprender lo que ocurre en cada fase del proceso penal\" \/>\n<meta name=\"robots\" content=\"index, follow, max-snippet:-1, max-image-preview:large, max-video-preview:-1\" \/>\n<link rel=\"canonical\" href=\"https:\/\/victimcare-dc.org\/es\/la-justicia-penal-y-usted\/\" \/>\n<meta property=\"og:locale\" content=\"es_ES\" \/>\n<meta property=\"og:type\" content=\"article\" \/>\n<meta property=\"og:title\" content=\"La justicia penal y usted - Victim Care Devon &amp; Cornwall\" \/>\n<meta property=\"og:description\" content=\"Una gu\u00eda para ayudar a las v\u00edctimas de delitos a comprender lo que ocurre en cada fase del proceso penal\" \/>\n<meta property=\"og:url\" content=\"https:\/\/victimcare-dc.org\/es\/la-justicia-penal-y-usted\/\" \/>\n<meta property=\"og:site_name\" content=\"Victim Care Devon &amp; Cornwall\" \/>\n<meta property=\"article:publisher\" content=\"https:\/\/www.facebook.com\/DCPCC\" \/>\n<meta property=\"article:modified_time\" content=\"2024-03-19T11:27:16+00:00\" \/>\n<meta name=\"twitter:card\" content=\"summary_large_image\" \/>\n<meta name=\"twitter:site\" content=\"@DC_PCC\" \/>\n<meta name=\"twitter:label1\" content=\"Tiempo de lectura\" \/>\n\t<meta name=\"twitter:data1\" content=\"1 minuto\" \/>\n<script type=\"application\/ld+json\" class=\"yoast-schema-graph\">{\"@context\":\"https:\\\/\\\/schema.org\",\"@graph\":[{\"@type\":\"WebPage\",\"@id\":\"https:\\\/\\\/victimcare-dc.org\\\/es\\\/la-justicia-penal-y-usted\\\/\",\"url\":\"https:\\\/\\\/victimcare-dc.org\\\/es\\\/la-justicia-penal-y-usted\\\/\",\"name\":\"La justicia penal y usted - Victim Care Devon &amp; Cornwall\",\"isPartOf\":{\"@id\":\"https:\\\/\\\/victimcare-dc.org\\\/es\\\/#website\"},\"datePublished\":\"2023-12-07T13:01:43+00:00\",\"dateModified\":\"2024-03-19T11:27:16+00:00\",\"description\":\"Una gu\u00eda para ayudar a las v\u00edctimas de delitos a comprender lo que ocurre en cada fase del proceso penal\",\"breadcrumb\":{\"@id\":\"https:\\\/\\\/victimcare-dc.org\\\/es\\\/la-justicia-penal-y-usted\\\/#breadcrumb\"},\"inLanguage\":\"es\",\"potentialAction\":[{\"@type\":\"ReadAction\",\"target\":[\"https:\\\/\\\/victimcare-dc.org\\\/es\\\/la-justicia-penal-y-usted\\\/\"]}]},{\"@type\":\"BreadcrumbList\",\"@id\":\"https:\\\/\\\/victimcare-dc.org\\\/es\\\/la-justicia-penal-y-usted\\\/#breadcrumb\",\"itemListElement\":[{\"@type\":\"ListItem\",\"position\":1,\"name\":\"Home\",\"item\":\"https:\\\/\\\/victimcare-dc.org\\\/es\\\/\"},{\"@type\":\"ListItem\",\"position\":2,\"name\":\"La justicia penal y usted\"}]},{\"@type\":\"WebSite\",\"@id\":\"https:\\\/\\\/victimcare-dc.org\\\/es\\\/#website\",\"url\":\"https:\\\/\\\/victimcare-dc.org\\\/es\\\/\",\"name\":\"Victim Care Devon and Cornwall\",\"description\":\"Putting you at the heart of your own care\",\"publisher\":{\"@id\":\"https:\\\/\\\/victimcare-dc.org\\\/es\\\/#organization\"},\"potentialAction\":[{\"@type\":\"SearchAction\",\"target\":{\"@type\":\"EntryPoint\",\"urlTemplate\":\"https:\\\/\\\/victimcare-dc.org\\\/es\\\/?s={search_term_string}\"},\"query-input\":{\"@type\":\"PropertyValueSpecification\",\"valueRequired\":true,\"valueName\":\"search_term_string\"}}],\"inLanguage\":\"es\"},{\"@type\":\"Organization\",\"@id\":\"https:\\\/\\\/victimcare-dc.org\\\/es\\\/#organization\",\"name\":\"Victim Care Devon and Cornwall\",\"url\":\"https:\\\/\\\/victimcare-dc.org\\\/es\\\/\",\"logo\":{\"@type\":\"ImageObject\",\"inLanguage\":\"es\",\"@id\":\"https:\\\/\\\/victimcare-dc.org\\\/es\\\/#\\\/schema\\\/logo\\\/image\\\/\",\"url\":\"https:\\\/\\\/i0.wp.com\\\/victimcare-dc.org\\\/wp-content\\\/uploads\\\/2023\\\/05\\\/Victim-Care-logo-FINAL-web-1.png?fit=1600%2C1472&ssl=1\",\"contentUrl\":\"https:\\\/\\\/i0.wp.com\\\/victimcare-dc.org\\\/wp-content\\\/uploads\\\/2023\\\/05\\\/Victim-Care-logo-FINAL-web-1.png?fit=1600%2C1472&ssl=1\",\"width\":1600,\"height\":1472,\"caption\":\"Victim Care Devon and Cornwall\"},\"image\":{\"@id\":\"https:\\\/\\\/victimcare-dc.org\\\/es\\\/#\\\/schema\\\/logo\\\/image\\\/\"},\"sameAs\":[\"https:\\\/\\\/www.facebook.com\\\/DCPCC\",\"https:\\\/\\\/x.com\\\/DC_PCC\"]}]}<\/script>\n<!-- \/ Yoast SEO plugin. -->","yoast_head_json":{"title":"La justicia penal y usted - Victim Care Devon &amp; Cornwall","description":"Una gu\u00eda para ayudar a las v\u00edctimas de delitos a comprender lo que ocurre en cada fase del proceso penal","robots":{"index":"index","follow":"follow","max-snippet":"max-snippet:-1","max-image-preview":"max-image-preview:large","max-video-preview":"max-video-preview:-1"},"canonical":"https:\/\/victimcare-dc.org\/es\/la-justicia-penal-y-usted\/","og_locale":"es_ES","og_type":"article","og_title":"La justicia penal y usted - Victim Care Devon &amp; Cornwall","og_description":"Una gu\u00eda para ayudar a las v\u00edctimas de delitos a comprender lo que ocurre en cada fase del proceso penal","og_url":"https:\/\/victimcare-dc.org\/es\/la-justicia-penal-y-usted\/","og_site_name":"Victim Care Devon &amp; Cornwall","article_publisher":"https:\/\/www.facebook.com\/DCPCC","article_modified_time":"2024-03-19T11:27:16+00:00","twitter_card":"summary_large_image","twitter_site":"@DC_PCC","twitter_misc":{"Tiempo de lectura":"1 minuto"},"schema":{"@context":"https:\/\/schema.org","@graph":[{"@type":"WebPage","@id":"https:\/\/victimcare-dc.org\/es\/la-justicia-penal-y-usted\/","url":"https:\/\/victimcare-dc.org\/es\/la-justicia-penal-y-usted\/","name":"La justicia penal y usted - Victim Care Devon &amp; Cornwall","isPartOf":{"@id":"https:\/\/victimcare-dc.org\/es\/#website"},"datePublished":"2023-12-07T13:01:43+00:00","dateModified":"2024-03-19T11:27:16+00:00","description":"Una gu\u00eda para ayudar a las v\u00edctimas de delitos a comprender lo que ocurre en cada fase del proceso penal","breadcrumb":{"@id":"https:\/\/victimcare-dc.org\/es\/la-justicia-penal-y-usted\/#breadcrumb"},"inLanguage":"es","potentialAction":[{"@type":"ReadAction","target":["https:\/\/victimcare-dc.org\/es\/la-justicia-penal-y-usted\/"]}]},{"@type":"BreadcrumbList","@id":"https:\/\/victimcare-dc.org\/es\/la-justicia-penal-y-usted\/#breadcrumb","itemListElement":[{"@type":"ListItem","position":1,"name":"Home","item":"https:\/\/victimcare-dc.org\/es\/"},{"@type":"ListItem","position":2,"name":"La justicia penal y usted"}]},{"@type":"WebSite","@id":"https:\/\/victimcare-dc.org\/es\/#website","url":"https:\/\/victimcare-dc.org\/es\/","name":"Victim Care Devon and Cornwall","description":"Putting you at the heart of your own care","publisher":{"@id":"https:\/\/victimcare-dc.org\/es\/#organization"},"potentialAction":[{"@type":"SearchAction","target":{"@type":"EntryPoint","urlTemplate":"https:\/\/victimcare-dc.org\/es\/?s={search_term_string}"},"query-input":{"@type":"PropertyValueSpecification","valueRequired":true,"valueName":"search_term_string"}}],"inLanguage":"es"},{"@type":"Organization","@id":"https:\/\/victimcare-dc.org\/es\/#organization","name":"Victim Care Devon and Cornwall","url":"https:\/\/victimcare-dc.org\/es\/","logo":{"@type":"ImageObject","inLanguage":"es","@id":"https:\/\/victimcare-dc.org\/es\/#\/schema\/logo\/image\/","url":"https:\/\/i0.wp.com\/victimcare-dc.org\/wp-content\/uploads\/2023\/05\/Victim-Care-logo-FINAL-web-1.png?fit=1600%2C1472&ssl=1","contentUrl":"https:\/\/i0.wp.com\/victimcare-dc.org\/wp-content\/uploads\/2023\/05\/Victim-Care-logo-FINAL-web-1.png?fit=1600%2C1472&ssl=1","width":1600,"height":1472,"caption":"Victim Care Devon and Cornwall"},"image":{"@id":"https:\/\/victimcare-dc.org\/es\/#\/schema\/logo\/image\/"},"sameAs":["https:\/\/www.facebook.com\/DCPCC","https:\/\/x.com\/DC_PCC"]}]}},"jetpack_sharing_enabled":true,"builder_content":"<p>Este recurso interactivo ha sido desarrollado en nombre de la Junta Local de Justicia Penal en colaboraci\u00f3n con la Oficina del Comisario de Polic\u00eda y Crimen para ayudarle a entender cada parte del proceso de justicia penal.<\/p> <p>Una persona de cada uno de nuestros organismos asociados le explicar\u00e1 el papel que desempe\u00f1a en su viaje, habl\u00e1ndole como profesional directamente implicado en ese \u00e1mbito de trabajo.<\/p> <p>Tambi\u00e9n hemos incluido algunos recursos propios de nuestros socios y enlaces \u00fatiles para ponerse en contacto con la persona adecuada y consultar lecturas complementarias sobre cada paso. <\/p> <p>Si est\u00e1 viendo esto en un idioma distinto del ingl\u00e9s, puede ver una lista de reproducci\u00f3n de YouTube de los v\u00eddeos incluidos en este recurso y elegir el idioma de subt\u00edtulos apropiado. Tambi\u00e9n puede hacer clic en los enlaces siguientes para acceder a los guiones en PDF de cada v\u00eddeo para utilizarlos con su propio programa de traducci\u00f3n. <\/p> <p>Elija la versi\u00f3n m\u00f3vil si desea ver este recurso en un tel\u00e9fono m\u00f3vil o una tableta. Si tiene problemas para ver los v\u00eddeos, tambi\u00e9n puede verlos en nuestra <a href=\"https:\/\/www.youtube.com\/playlist?list=PLeRSjPpAX54dvMPbrnUSZMUzBu635QOgU\">lista de reproducci\u00f3n de YouTube<\/a>.<\/p> <p>Las transcripciones y el glosario de cada v\u00eddeo tambi\u00e9n est\u00e1n disponibles en los siguientes enlaces.<\/p>\n<h3>Versi\u00f3n de sobremesa<\/h3>\n<iframe loading=\"lazy\" style=\"border: 1px solid #777;\" src=\"https:\/\/indd.adobe.com\/embed\/1af7c271-a581-401d-957c-0ebf70c28de4?startpage=1&allowFullscreen=true\" width=\"650px\" height=\"460px\" frameborder=\"0\" allowfullscreen=\"\"><\/iframe>\n<h3>Versi\u00f3n m\u00f3vil<\/h3>\n<iframe loading=\"lazy\" style=\"border: 1px solid #777;\" src=\"https:\/\/indd.adobe.com\/embed\/de607b94-277c-45d5-85f4-f3529526da05?startpage=1&allowFullscreen=true\" width=\"650px\" height=\"460px\" frameborder=\"0\" allowfullscreen=\"\"><\/iframe>\n<h5><strong><a href=\"https:\/\/victimcare-dc.org\/wp-content\/uploads\/2024\/02\/Introduction.pdf\">Introducci\u00f3n<\/a><\/strong><\/h5> <h5><strong><a href=\"https:\/\/victimcare-dc.org\/wp-content\/uploads\/2024\/02\/Reporting-a-Crime.pdf\">Denunciar un delito<\/a><\/strong><\/h5> <h5><strong><a href=\"https:\/\/victimcare-dc.org\/wp-content\/uploads\/2024\/02\/Providing-a-statement.pdf\">Presentar una declaraci\u00f3n<\/a><\/strong><\/h5> <h5><strong><a href=\"https:\/\/victimcare-dc.org\/wp-content\/uploads\/2024\/02\/Investigating-a-crime.pdf\">Investigaci\u00f3n de un delito<\/a><\/strong><\/h5> <h5><strong><a href=\"https:\/\/victimcare-dc.org\/wp-content\/uploads\/2024\/02\/Victim-personal-statement.pdf\">Declaraci\u00f3n personal de la v\u00edctima<\/a><\/strong><\/h5> <h5><strong><a href=\"https:\/\/victimcare-dc.org\/wp-content\/uploads\/2024\/02\/Police-victim-care.pdf\">Atenci\u00f3n policial a las v\u00edctimas<\/a><\/strong><\/h5> <h5><strong><a href=\"https:\/\/victimcare-dc.org\/wp-content\/uploads\/2024\/02\/Victim-support-services.pdf\">Servicios de apoyo a las v\u00edctimas<\/a><\/strong><\/h5> <h5><strong><a href=\"https:\/\/victimcare-dc.org\/wp-content\/uploads\/2024\/02\/Crown-Prosecution-Service.pdf\">Fiscal\u00eda de la Corona<\/a><\/strong><\/h5> <h5><strong><a href=\"https:\/\/victimcare-dc.org\/wp-content\/uploads\/2024\/02\/Restorative-justice.pdf\">Justicia reparadora<\/a><\/strong><\/h5> <h5><strong><a href=\"https:\/\/victimcare-dc.org\/wp-content\/uploads\/2024\/02\/Out-of-court-resolutions.pdf\">Resoluciones extrajudiciales<\/a><\/strong><\/h5> <h5><strong><a href=\"https:\/\/victimcare-dc.org\/wp-content\/uploads\/2024\/02\/Keeping-you-informed.pdf\">Mantenerle informado<\/a><\/strong><\/h5> <h5><strong><a href=\"https:\/\/victimcare-dc.org\/wp-content\/uploads\/2024\/02\/Special-measures.pdf\">Medidas especiales<\/a><\/strong><\/h5> <h5><strong><a href=\"https:\/\/victimcare-dc.org\/wp-content\/uploads\/2024\/02\/After-the-trial.pdf\">Despu\u00e9s del juicio<\/a><\/strong><\/h5> <h5><strong><a href=\"https:\/\/victimcare-dc.org\/wp-content\/uploads\/2024\/02\/Prison-and-probation.pdf\">Prisi\u00f3n y libertad condicional<\/a><\/strong><\/h5> <h5><strong><a href=\"https:\/\/victimcare-dc.org\/wp-content\/uploads\/2024\/02\/Youth-Justice-Service.pdf\">Servicio de Justicia Juvenil<\/a><\/strong><\/h5>","_links":{"self":[{"href":"https:\/\/victimcare-dc.org\/es\/wp-json\/wp\/v2\/pages\/3208","targetHints":{"allow":["GET"]}}],"collection":[{"href":"https:\/\/victimcare-dc.org\/es\/wp-json\/wp\/v2\/pages"}],"about":[{"href":"https:\/\/victimcare-dc.org\/es\/wp-json\/wp\/v2\/types\/page"}],"author":[{"embeddable":true,"href":"https:\/\/victimcare-dc.org\/es\/wp-json\/wp\/v2\/users\/3"}],"replies":[{"embeddable":true,"href":"https:\/\/victimcare-dc.org\/es\/wp-json\/wp\/v2\/comments?post=3208"}],"version-history":[{"count":2,"href":"https:\/\/victimcare-dc.org\/es\/wp-json\/wp\/v2\/pages\/3208\/revisions"}],"predecessor-version":[{"id":3623,"href":"https:\/\/victimcare-dc.org\/es\/wp-json\/wp\/v2\/pages\/3208\/revisions\/3623"}],"wp:attachment":[{"href":"https:\/\/victimcare-dc.org\/es\/wp-json\/wp\/v2\/media?parent=3208"}],"curies":[{"name":"wp","href":"https:\/\/api.w.org\/{rel}","templated":true}]}}