{"id":3204,"date":"2023-12-07T13:01:43","date_gmt":"2023-12-07T13:01:43","guid":{"rendered":"https:\/\/victimcare-dc.org\/la-justice-penale-et-vous\/"},"modified":"2024-03-19T11:27:03","modified_gmt":"2024-03-19T11:27:03","slug":"la-justice-penale-et-vous","status":"publish","type":"page","link":"https:\/\/victimcare-dc.org\/fr\/la-justice-penale-et-vous\/","title":{"rendered":"La justice p\u00e9nale et vous"},"content":{"rendered":"<!--themify_builder_content-->\n<div id=\"themify_builder_content-3204\" data-postid=\"3204\" class=\"themify_builder_content themify_builder_content-3204 themify_builder tf_clear\">\n                    <div  data-lazy=\"1\" class=\"module_row themify_builder_row tb_0iie717 tb_first tf_w\">\n                        <div class=\"row_inner col_align_top tb_col_count_1 tf_box tf_rel\">\n                        <div  data-lazy=\"1\" class=\"module_column tb-column col-full tb_vce9717 first\">\n                    <!-- module text -->\n<div  class=\"module module-text tb_k34x996   \" data-lazy=\"1\">\n        <div  class=\"tb_text_wrap\">\n        <p><span style=\"font-weight: 400;\">Cette ressource interactive a \u00e9t\u00e9 d\u00e9velopp\u00e9e pour le compte du Local Criminal Justice Board en partenariat avec l&rsquo;Office of the Police and Crime Commissioner pour vous aider \u00e0 comprendre chaque partie du processus de justice p\u00e9nale.<\/span><\/p>\n<p><span style=\"font-weight: 400;\">Une personne de chacune de nos agences partenaires vous parlera de son r\u00f4le dans votre parcours, en s&rsquo;adressant \u00e0 vous en tant que professionnel directement impliqu\u00e9 dans ce domaine de travail.<\/span><\/p>\n<p><span style=\"font-weight: 400;\">Nous avons \u00e9galement inclus certaines des ressources de nos partenaires et des liens utiles pour contacter la bonne personne et pour des lectures compl\u00e9mentaires \u00e0 chaque \u00e9tape.  <\/span><\/p>\n<p><span style=\"font-weight: 400;\">Si vous consultez ce document dans une langue autre que l&rsquo;anglais, vous pouvez consulter une liste de lecture YouTube des vid\u00e9os incluses dans cette ressource et choisir la langue des sous-titres qui vous convient. Vous pouvez \u00e9galement cliquer sur les liens ci-dessous pour acc\u00e9der aux scripts PDF en texte clair de chaque vid\u00e9o, que vous pourrez utiliser avec votre propre logiciel de traduction.<\/span> <\/p>\n<p>Veuillez choisir la version mobile si vous consultez cette ressource sur un t\u00e9l\u00e9phone portable ou une tablette. Si vous avez des difficult\u00e9s \u00e0 visionner les vid\u00e9os, vous pouvez \u00e9galement les visionner sur notre <a href=\"https:\/\/www.youtube.com\/playlist?list=PLeRSjPpAX54dvMPbrnUSZMUzBu635QOgU\">liste de lecture YouTube<\/a>.<\/p>\n<p>Les transcriptions ainsi qu&rsquo;un glossaire pour chaque vid\u00e9o sont \u00e9galement disponibles sur les liens ci-dessous.<\/p>    <\/div>\n<\/div>\n<!-- \/module text -->        <\/div>\n                        <\/div>\n        <\/div>\n                        <div  data-lazy=\"1\" class=\"module_row themify_builder_row tb_cxel86 tf_w\">\n                        <div class=\"row_inner col_align_top tb_col_count_1 tf_box tf_rel\">\n                        <div  data-lazy=\"1\" class=\"module_column tb-column col-full tb_y6hm86 first\">\n                    <!-- module text -->\n<div  class=\"module module-text tb_uqn0528   \" data-lazy=\"1\">\n        <div  class=\"tb_text_wrap\">\n        <h3><span style=\"font-weight: bold;\">Version de bureau<\/span><\/h3>    <\/div>\n<\/div>\n<!-- \/module text --><!-- module plain text -->\n<div  class=\"module module-plain-text tb_5cw9947 \" data-lazy=\"1\">\n        <div class=\"tb_text_wrap\">\n    <iframe loading=\"lazy\" style=\"border: 1px solid #777;\" src=\"https:\/\/indd.adobe.com\/embed\/1af7c271-a581-401d-957c-0ebf70c28de4?startpage=1&#038;allowFullscreen=true\" width=\"650px\" height=\"460px\" frameborder=\"0\" allowfullscreen=\"\"><\/iframe>    <\/div>\n<\/div>\n<!-- \/module plain text --><!-- module text -->\n<div  class=\"module module-text tb_ssqh149   \" data-lazy=\"1\">\n        <div  class=\"tb_text_wrap\">\n        <h3><span style=\"font-weight: bold;\">Version mobile<\/span><\/h3>    <\/div>\n<\/div>\n<!-- \/module text --><!-- module plain text -->\n<div  class=\"module module-plain-text tb_ufoz709 \" data-lazy=\"1\">\n        <div class=\"tb_text_wrap\">\n    <iframe loading=\"lazy\" style=\"border: 1px solid #777;\" src=\"https:\/\/indd.adobe.com\/embed\/de607b94-277c-45d5-85f4-f3529526da05?startpage=1&#038;allowFullscreen=true\" width=\"650px\" height=\"460px\" frameborder=\"0\" allowfullscreen=\"\"><\/iframe>    <\/div>\n<\/div>\n<!-- \/module plain text -->        <\/div>\n                        <\/div>\n        <\/div>\n                        <div  data-lazy=\"1\" class=\"module_row themify_builder_row tb_v11t436 tf_w\">\n                        <div class=\"row_inner col_align_top tb_col_count_1 tf_box tf_rel\">\n                        <div  data-lazy=\"1\" class=\"module_column tb-column col-full tb_b7bu436 first\">\n                            <div  data-lazy=\"1\" class=\"module_subrow themify_builder_sub_row tf_w col_align_top tb_col_count_1 tb_fgd2330\">\n                <div  data-lazy=\"1\" class=\"module_column sub_column col-full tb_o9w0330 first\">\n                    <!-- module text -->\n<div  class=\"module module-text tb_dxsi216   \" data-lazy=\"1\">\n        <div  class=\"tb_text_wrap\">\n        <h5><strong><a href=\"https:\/\/victimcare-dc.org\/wp-content\/uploads\/2024\/02\/Introduction.pdf\">Introduction<\/a><\/strong><\/h5>\n<h5><strong><a href=\"https:\/\/victimcare-dc.org\/wp-content\/uploads\/2024\/02\/Reporting-a-Crime.pdf\">Signaler un d\u00e9lit<\/a><\/strong><\/h5>\n<h5><strong><a href=\"https:\/\/victimcare-dc.org\/wp-content\/uploads\/2024\/02\/Providing-a-statement.pdf\">Fournir une d\u00e9claration<\/a><\/strong><\/h5>\n<h5><strong><a href=\"https:\/\/victimcare-dc.org\/wp-content\/uploads\/2024\/02\/Investigating-a-crime.pdf\">Enqu\u00eater sur un crime<\/a><\/strong><\/h5>\n<h5><strong><a href=\"https:\/\/victimcare-dc.org\/wp-content\/uploads\/2024\/02\/Victim-personal-statement.pdf\">D\u00e9claration personnelle de la victime<\/a><\/strong><\/h5>\n<h5><strong><a href=\"https:\/\/victimcare-dc.org\/wp-content\/uploads\/2024\/02\/Police-victim-care.pdf\">Prise en charge des victimes par la police<\/a><\/strong><\/h5>\n<h5><strong><a href=\"https:\/\/victimcare-dc.org\/wp-content\/uploads\/2024\/02\/Victim-support-services.pdf\">Services d&rsquo;aide aux victimes<\/a><\/strong><\/h5>\n<h5><strong><a href=\"https:\/\/victimcare-dc.org\/wp-content\/uploads\/2024\/02\/Crown-Prosecution-Service.pdf\">Service des poursuites judiciaires de la Couronne<\/a><\/strong><\/h5>\n<h5><strong><a href=\"https:\/\/victimcare-dc.org\/wp-content\/uploads\/2024\/02\/Restorative-justice.pdf\">Justice r\u00e9paratrice<\/a><\/strong><\/h5>\n<h5><strong><a href=\"https:\/\/victimcare-dc.org\/wp-content\/uploads\/2024\/02\/Out-of-court-resolutions.pdf\">R\u00e9solutions extrajudiciaires<\/a><\/strong><\/h5>\n<h5><strong><a href=\"https:\/\/victimcare-dc.org\/wp-content\/uploads\/2024\/02\/Keeping-you-informed.pdf\">Vous informer<\/a><\/strong><\/h5>\n<h5><strong><a href=\"https:\/\/victimcare-dc.org\/wp-content\/uploads\/2024\/02\/Special-measures.pdf\">Mesures sp\u00e9ciales<\/a><\/strong><\/h5>\n<h5><strong><a href=\"https:\/\/victimcare-dc.org\/wp-content\/uploads\/2024\/02\/After-the-trial.pdf\">Apr\u00e8s le proc\u00e8s<\/a><\/strong><\/h5>\n<h5><strong><a href=\"https:\/\/victimcare-dc.org\/wp-content\/uploads\/2024\/02\/Prison-and-probation.pdf\">Prison et probation<\/a><\/strong><\/h5>\n<h5><strong><a href=\"https:\/\/victimcare-dc.org\/wp-content\/uploads\/2024\/02\/Youth-Justice-Service.pdf\">Service de la justice pour mineurs<\/a><\/strong><\/h5>    <\/div>\n<\/div>\n<!-- \/module text -->        <\/div>\n                    <\/div>\n                <\/div>\n                        <\/div>\n        <\/div>\n        <\/div>\n<!--\/themify_builder_content-->","protected":false},"excerpt":{"rendered":"<p>Cette ressource interactive a \u00e9t\u00e9 d\u00e9velopp\u00e9e pour le compte du Local Criminal Justice Board en partenariat avec l&rsquo;Office of the [&hellip;]<\/p>\n","protected":false},"author":3,"featured_media":0,"parent":0,"menu_order":0,"comment_status":"closed","ping_status":"closed","template":"","meta":{"footnotes":""},"class_list":["post-3204","page","type-page","status-publish","hentry","has-post-title","has-post-date","has-post-category","has-post-tag","has-post-comment","has-post-author",""],"yoast_head":"<!-- This site is optimized with the Yoast SEO plugin v27.3 - https:\/\/yoast.com\/product\/yoast-seo-wordpress\/ -->\n<title>La justice p\u00e9nale et vous - Victim Care Devon &amp; Cornwall<\/title>\n<meta name=\"description\" content=\"Un guide pour aider les victimes de la criminalit\u00e9 \u00e0 comprendre ce qui se passe \u00e0 chaque \u00e9tape du processus de justice p\u00e9nale\" \/>\n<meta name=\"robots\" content=\"index, follow, max-snippet:-1, max-image-preview:large, max-video-preview:-1\" \/>\n<link rel=\"canonical\" href=\"https:\/\/victimcare-dc.org\/fr\/la-justice-penale-et-vous\/\" \/>\n<meta property=\"og:locale\" content=\"fr_FR\" \/>\n<meta property=\"og:type\" content=\"article\" \/>\n<meta property=\"og:title\" content=\"La justice p\u00e9nale et vous - Victim Care Devon &amp; Cornwall\" \/>\n<meta property=\"og:description\" content=\"Un guide pour aider les victimes de la criminalit\u00e9 \u00e0 comprendre ce qui se passe \u00e0 chaque \u00e9tape du processus de justice p\u00e9nale\" \/>\n<meta property=\"og:url\" content=\"https:\/\/victimcare-dc.org\/fr\/la-justice-penale-et-vous\/\" \/>\n<meta property=\"og:site_name\" content=\"Victim Care Devon &amp; Cornwall\" \/>\n<meta property=\"article:publisher\" content=\"https:\/\/www.facebook.com\/DCPCC\" \/>\n<meta property=\"article:modified_time\" content=\"2024-03-19T11:27:03+00:00\" \/>\n<meta name=\"twitter:card\" content=\"summary_large_image\" \/>\n<meta name=\"twitter:site\" content=\"@DC_PCC\" \/>\n<meta name=\"twitter:label1\" content=\"Dur\u00e9e de lecture estim\u00e9e\" \/>\n\t<meta name=\"twitter:data1\" content=\"1 minute\" \/>\n<script type=\"application\/ld+json\" class=\"yoast-schema-graph\">{\"@context\":\"https:\\\/\\\/schema.org\",\"@graph\":[{\"@type\":\"WebPage\",\"@id\":\"https:\\\/\\\/victimcare-dc.org\\\/fr\\\/la-justice-penale-et-vous\\\/\",\"url\":\"https:\\\/\\\/victimcare-dc.org\\\/fr\\\/la-justice-penale-et-vous\\\/\",\"name\":\"La justice p\u00e9nale et vous - Victim Care Devon &amp; Cornwall\",\"isPartOf\":{\"@id\":\"https:\\\/\\\/victimcare-dc.org\\\/fr\\\/#website\"},\"datePublished\":\"2023-12-07T13:01:43+00:00\",\"dateModified\":\"2024-03-19T11:27:03+00:00\",\"description\":\"Un guide pour aider les victimes de la criminalit\u00e9 \u00e0 comprendre ce qui se passe \u00e0 chaque \u00e9tape du processus de justice p\u00e9nale\",\"breadcrumb\":{\"@id\":\"https:\\\/\\\/victimcare-dc.org\\\/fr\\\/la-justice-penale-et-vous\\\/#breadcrumb\"},\"inLanguage\":\"fr-FR\",\"potentialAction\":[{\"@type\":\"ReadAction\",\"target\":[\"https:\\\/\\\/victimcare-dc.org\\\/fr\\\/la-justice-penale-et-vous\\\/\"]}]},{\"@type\":\"BreadcrumbList\",\"@id\":\"https:\\\/\\\/victimcare-dc.org\\\/fr\\\/la-justice-penale-et-vous\\\/#breadcrumb\",\"itemListElement\":[{\"@type\":\"ListItem\",\"position\":1,\"name\":\"Home\",\"item\":\"https:\\\/\\\/victimcare-dc.org\\\/fr\\\/\"},{\"@type\":\"ListItem\",\"position\":2,\"name\":\"La justice p\u00e9nale et vous\"}]},{\"@type\":\"WebSite\",\"@id\":\"https:\\\/\\\/victimcare-dc.org\\\/fr\\\/#website\",\"url\":\"https:\\\/\\\/victimcare-dc.org\\\/fr\\\/\",\"name\":\"Victim Care Devon and Cornwall\",\"description\":\"Putting you at the heart of your own care\",\"publisher\":{\"@id\":\"https:\\\/\\\/victimcare-dc.org\\\/fr\\\/#organization\"},\"potentialAction\":[{\"@type\":\"SearchAction\",\"target\":{\"@type\":\"EntryPoint\",\"urlTemplate\":\"https:\\\/\\\/victimcare-dc.org\\\/fr\\\/?s={search_term_string}\"},\"query-input\":{\"@type\":\"PropertyValueSpecification\",\"valueRequired\":true,\"valueName\":\"search_term_string\"}}],\"inLanguage\":\"fr-FR\"},{\"@type\":\"Organization\",\"@id\":\"https:\\\/\\\/victimcare-dc.org\\\/fr\\\/#organization\",\"name\":\"Victim Care Devon and Cornwall\",\"url\":\"https:\\\/\\\/victimcare-dc.org\\\/fr\\\/\",\"logo\":{\"@type\":\"ImageObject\",\"inLanguage\":\"fr-FR\",\"@id\":\"https:\\\/\\\/victimcare-dc.org\\\/fr\\\/#\\\/schema\\\/logo\\\/image\\\/\",\"url\":\"https:\\\/\\\/i0.wp.com\\\/victimcare-dc.org\\\/wp-content\\\/uploads\\\/2023\\\/05\\\/Victim-Care-logo-FINAL-web-1.png?fit=1600%2C1472&ssl=1\",\"contentUrl\":\"https:\\\/\\\/i0.wp.com\\\/victimcare-dc.org\\\/wp-content\\\/uploads\\\/2023\\\/05\\\/Victim-Care-logo-FINAL-web-1.png?fit=1600%2C1472&ssl=1\",\"width\":1600,\"height\":1472,\"caption\":\"Victim Care Devon and Cornwall\"},\"image\":{\"@id\":\"https:\\\/\\\/victimcare-dc.org\\\/fr\\\/#\\\/schema\\\/logo\\\/image\\\/\"},\"sameAs\":[\"https:\\\/\\\/www.facebook.com\\\/DCPCC\",\"https:\\\/\\\/x.com\\\/DC_PCC\"]}]}<\/script>\n<!-- \/ Yoast SEO plugin. -->","yoast_head_json":{"title":"La justice p\u00e9nale et vous - Victim Care Devon &amp; Cornwall","description":"Un guide pour aider les victimes de la criminalit\u00e9 \u00e0 comprendre ce qui se passe \u00e0 chaque \u00e9tape du processus de justice p\u00e9nale","robots":{"index":"index","follow":"follow","max-snippet":"max-snippet:-1","max-image-preview":"max-image-preview:large","max-video-preview":"max-video-preview:-1"},"canonical":"https:\/\/victimcare-dc.org\/fr\/la-justice-penale-et-vous\/","og_locale":"fr_FR","og_type":"article","og_title":"La justice p\u00e9nale et vous - Victim Care Devon &amp; Cornwall","og_description":"Un guide pour aider les victimes de la criminalit\u00e9 \u00e0 comprendre ce qui se passe \u00e0 chaque \u00e9tape du processus de justice p\u00e9nale","og_url":"https:\/\/victimcare-dc.org\/fr\/la-justice-penale-et-vous\/","og_site_name":"Victim Care Devon &amp; Cornwall","article_publisher":"https:\/\/www.facebook.com\/DCPCC","article_modified_time":"2024-03-19T11:27:03+00:00","twitter_card":"summary_large_image","twitter_site":"@DC_PCC","twitter_misc":{"Dur\u00e9e de lecture estim\u00e9e":"1 minute"},"schema":{"@context":"https:\/\/schema.org","@graph":[{"@type":"WebPage","@id":"https:\/\/victimcare-dc.org\/fr\/la-justice-penale-et-vous\/","url":"https:\/\/victimcare-dc.org\/fr\/la-justice-penale-et-vous\/","name":"La justice p\u00e9nale et vous - Victim Care Devon &amp; Cornwall","isPartOf":{"@id":"https:\/\/victimcare-dc.org\/fr\/#website"},"datePublished":"2023-12-07T13:01:43+00:00","dateModified":"2024-03-19T11:27:03+00:00","description":"Un guide pour aider les victimes de la criminalit\u00e9 \u00e0 comprendre ce qui se passe \u00e0 chaque \u00e9tape du processus de justice p\u00e9nale","breadcrumb":{"@id":"https:\/\/victimcare-dc.org\/fr\/la-justice-penale-et-vous\/#breadcrumb"},"inLanguage":"fr-FR","potentialAction":[{"@type":"ReadAction","target":["https:\/\/victimcare-dc.org\/fr\/la-justice-penale-et-vous\/"]}]},{"@type":"BreadcrumbList","@id":"https:\/\/victimcare-dc.org\/fr\/la-justice-penale-et-vous\/#breadcrumb","itemListElement":[{"@type":"ListItem","position":1,"name":"Home","item":"https:\/\/victimcare-dc.org\/fr\/"},{"@type":"ListItem","position":2,"name":"La justice p\u00e9nale et vous"}]},{"@type":"WebSite","@id":"https:\/\/victimcare-dc.org\/fr\/#website","url":"https:\/\/victimcare-dc.org\/fr\/","name":"Victim Care Devon and Cornwall","description":"Putting you at the heart of your own care","publisher":{"@id":"https:\/\/victimcare-dc.org\/fr\/#organization"},"potentialAction":[{"@type":"SearchAction","target":{"@type":"EntryPoint","urlTemplate":"https:\/\/victimcare-dc.org\/fr\/?s={search_term_string}"},"query-input":{"@type":"PropertyValueSpecification","valueRequired":true,"valueName":"search_term_string"}}],"inLanguage":"fr-FR"},{"@type":"Organization","@id":"https:\/\/victimcare-dc.org\/fr\/#organization","name":"Victim Care Devon and Cornwall","url":"https:\/\/victimcare-dc.org\/fr\/","logo":{"@type":"ImageObject","inLanguage":"fr-FR","@id":"https:\/\/victimcare-dc.org\/fr\/#\/schema\/logo\/image\/","url":"https:\/\/i0.wp.com\/victimcare-dc.org\/wp-content\/uploads\/2023\/05\/Victim-Care-logo-FINAL-web-1.png?fit=1600%2C1472&ssl=1","contentUrl":"https:\/\/i0.wp.com\/victimcare-dc.org\/wp-content\/uploads\/2023\/05\/Victim-Care-logo-FINAL-web-1.png?fit=1600%2C1472&ssl=1","width":1600,"height":1472,"caption":"Victim Care Devon and Cornwall"},"image":{"@id":"https:\/\/victimcare-dc.org\/fr\/#\/schema\/logo\/image\/"},"sameAs":["https:\/\/www.facebook.com\/DCPCC","https:\/\/x.com\/DC_PCC"]}]}},"jetpack_sharing_enabled":true,"builder_content":"<p>Cette ressource interactive a \u00e9t\u00e9 d\u00e9velopp\u00e9e pour le compte du Local Criminal Justice Board en partenariat avec l'Office of the Police and Crime Commissioner pour vous aider \u00e0 comprendre chaque partie du processus de justice p\u00e9nale.<\/p> <p>Une personne de chacune de nos agences partenaires vous parlera de son r\u00f4le dans votre parcours, en s'adressant \u00e0 vous en tant que professionnel directement impliqu\u00e9 dans ce domaine de travail.<\/p> <p>Nous avons \u00e9galement inclus certaines des ressources de nos partenaires et des liens utiles pour contacter la bonne personne et pour des lectures compl\u00e9mentaires \u00e0 chaque \u00e9tape. <\/p> <p>Si vous consultez ce document dans une langue autre que l'anglais, vous pouvez consulter une liste de lecture YouTube des vid\u00e9os incluses dans cette ressource et choisir la langue des sous-titres qui vous convient. Vous pouvez \u00e9galement cliquer sur les liens ci-dessous pour acc\u00e9der aux scripts PDF en texte clair de chaque vid\u00e9o, que vous pourrez utiliser avec votre propre logiciel de traduction. <\/p> <p>Veuillez choisir la version mobile si vous consultez cette ressource sur un t\u00e9l\u00e9phone portable ou une tablette. Si vous avez des difficult\u00e9s \u00e0 visionner les vid\u00e9os, vous pouvez \u00e9galement les visionner sur notre <a href=\"https:\/\/www.youtube.com\/playlist?list=PLeRSjPpAX54dvMPbrnUSZMUzBu635QOgU\">liste de lecture YouTube<\/a>.<\/p> <p>Les transcriptions ainsi qu'un glossaire pour chaque vid\u00e9o sont \u00e9galement disponibles sur les liens ci-dessous.<\/p>\n<h3>Version de bureau<\/h3>\n<iframe loading=\"lazy\" style=\"border: 1px solid #777;\" src=\"https:\/\/indd.adobe.com\/embed\/1af7c271-a581-401d-957c-0ebf70c28de4?startpage=1&allowFullscreen=true\" width=\"650px\" height=\"460px\" frameborder=\"0\" allowfullscreen=\"\"><\/iframe>\n<h3>Version mobile<\/h3>\n<iframe loading=\"lazy\" style=\"border: 1px solid #777;\" src=\"https:\/\/indd.adobe.com\/embed\/de607b94-277c-45d5-85f4-f3529526da05?startpage=1&allowFullscreen=true\" width=\"650px\" height=\"460px\" frameborder=\"0\" allowfullscreen=\"\"><\/iframe>\n<h5><strong><a href=\"https:\/\/victimcare-dc.org\/wp-content\/uploads\/2024\/02\/Introduction.pdf\">Introduction<\/a><\/strong><\/h5> <h5><strong><a href=\"https:\/\/victimcare-dc.org\/wp-content\/uploads\/2024\/02\/Reporting-a-Crime.pdf\">Signaler un d\u00e9lit<\/a><\/strong><\/h5> <h5><strong><a href=\"https:\/\/victimcare-dc.org\/wp-content\/uploads\/2024\/02\/Providing-a-statement.pdf\">Fournir une d\u00e9claration<\/a><\/strong><\/h5> <h5><strong><a href=\"https:\/\/victimcare-dc.org\/wp-content\/uploads\/2024\/02\/Investigating-a-crime.pdf\">Enqu\u00eater sur un crime<\/a><\/strong><\/h5> <h5><strong><a href=\"https:\/\/victimcare-dc.org\/wp-content\/uploads\/2024\/02\/Victim-personal-statement.pdf\">D\u00e9claration personnelle de la victime<\/a><\/strong><\/h5> <h5><strong><a href=\"https:\/\/victimcare-dc.org\/wp-content\/uploads\/2024\/02\/Police-victim-care.pdf\">Prise en charge des victimes par la police<\/a><\/strong><\/h5> <h5><strong><a href=\"https:\/\/victimcare-dc.org\/wp-content\/uploads\/2024\/02\/Victim-support-services.pdf\">Services d'aide aux victimes<\/a><\/strong><\/h5> <h5><strong><a href=\"https:\/\/victimcare-dc.org\/wp-content\/uploads\/2024\/02\/Crown-Prosecution-Service.pdf\">Service des poursuites judiciaires de la Couronne<\/a><\/strong><\/h5> <h5><strong><a href=\"https:\/\/victimcare-dc.org\/wp-content\/uploads\/2024\/02\/Restorative-justice.pdf\">Justice r\u00e9paratrice<\/a><\/strong><\/h5> <h5><strong><a href=\"https:\/\/victimcare-dc.org\/wp-content\/uploads\/2024\/02\/Out-of-court-resolutions.pdf\">R\u00e9solutions extrajudiciaires<\/a><\/strong><\/h5> <h5><strong><a href=\"https:\/\/victimcare-dc.org\/wp-content\/uploads\/2024\/02\/Keeping-you-informed.pdf\">Vous informer<\/a><\/strong><\/h5> <h5><strong><a href=\"https:\/\/victimcare-dc.org\/wp-content\/uploads\/2024\/02\/Special-measures.pdf\">Mesures sp\u00e9ciales<\/a><\/strong><\/h5> <h5><strong><a href=\"https:\/\/victimcare-dc.org\/wp-content\/uploads\/2024\/02\/After-the-trial.pdf\">Apr\u00e8s le proc\u00e8s<\/a><\/strong><\/h5> <h5><strong><a href=\"https:\/\/victimcare-dc.org\/wp-content\/uploads\/2024\/02\/Prison-and-probation.pdf\">Prison et probation<\/a><\/strong><\/h5> <h5><strong><a href=\"https:\/\/victimcare-dc.org\/wp-content\/uploads\/2024\/02\/Youth-Justice-Service.pdf\">Service de la justice pour mineurs<\/a><\/strong><\/h5>","_links":{"self":[{"href":"https:\/\/victimcare-dc.org\/fr\/wp-json\/wp\/v2\/pages\/3204","targetHints":{"allow":["GET"]}}],"collection":[{"href":"https:\/\/victimcare-dc.org\/fr\/wp-json\/wp\/v2\/pages"}],"about":[{"href":"https:\/\/victimcare-dc.org\/fr\/wp-json\/wp\/v2\/types\/page"}],"author":[{"embeddable":true,"href":"https:\/\/victimcare-dc.org\/fr\/wp-json\/wp\/v2\/users\/3"}],"replies":[{"embeddable":true,"href":"https:\/\/victimcare-dc.org\/fr\/wp-json\/wp\/v2\/comments?post=3204"}],"version-history":[{"count":4,"href":"https:\/\/victimcare-dc.org\/fr\/wp-json\/wp\/v2\/pages\/3204\/revisions"}],"predecessor-version":[{"id":3625,"href":"https:\/\/victimcare-dc.org\/fr\/wp-json\/wp\/v2\/pages\/3204\/revisions\/3625"}],"wp:attachment":[{"href":"https:\/\/victimcare-dc.org\/fr\/wp-json\/wp\/v2\/media?parent=3204"}],"curies":[{"name":"wp","href":"https:\/\/api.w.org\/{rel}","templated":true}]}}