{"id":3287,"date":"2023-10-03T12:07:50","date_gmt":"2023-10-03T12:07:50","guid":{"rendered":"https:\/\/victimcare-dc.org\/justice-reparatrice\/"},"modified":"2024-03-12T15:44:22","modified_gmt":"2024-03-12T15:44:22","slug":"justice-reparatrice","status":"publish","type":"page","link":"https:\/\/victimcare-dc.org\/fr\/justice-reparatrice\/","title":{"rendered":"Justice r\u00e9paratrice"},"content":{"rendered":"<!--themify_builder_content-->\n<div id=\"themify_builder_content-3287\" data-postid=\"3287\" class=\"themify_builder_content themify_builder_content-3287 themify_builder tf_clear\">\n                    <div  data-lazy=\"1\" class=\"module_row themify_builder_row tb_c15k847 tb_first tf_w\">\n                        <div class=\"row_inner col_align_top tb_col_count_1 tf_box tf_rel\">\n                        <div  data-lazy=\"1\" class=\"module_column tb-column col-full tb_gaeo848 first\">\n                    <!-- module image -->\n<div  class=\"module module-image tb_usl0363 image-top   tf_mw\" data-lazy=\"1\">\n        <div class=\"image-wrap tf_rel tf_mw\">\n            <img data-recalc-dims=\"1\" loading=\"lazy\" decoding=\"async\" width=\"1165\" height=\"777\" src=\"https:\/\/i0.wp.com\/victimcare-dc.org\/wp-content\/uploads\/2023\/10\/shutterstock_779179771-scaled.jpg?resize=1165%2C777&#038;ssl=1\" class=\"wp-post-image wp-image-3289\" title=\"Friendly,Man,Sitting,At,Window,In,Loft,Cafe\" alt=\"Friendly,Man,Sitting,At,Window,In,Loft,Cafe\" srcset=\"https:\/\/i0.wp.com\/victimcare-dc.org\/wp-content\/uploads\/2023\/10\/shutterstock_779179771-scaled.jpg?w=2560&amp;ssl=1 2560w, https:\/\/i0.wp.com\/victimcare-dc.org\/wp-content\/uploads\/2023\/10\/shutterstock_779179771-scaled.jpg?resize=300%2C200&amp;ssl=1 300w, https:\/\/i0.wp.com\/victimcare-dc.org\/wp-content\/uploads\/2023\/10\/shutterstock_779179771-scaled.jpg?resize=1024%2C683&amp;ssl=1 1024w, https:\/\/i0.wp.com\/victimcare-dc.org\/wp-content\/uploads\/2023\/10\/shutterstock_779179771-scaled.jpg?resize=768%2C512&amp;ssl=1 768w, https:\/\/i0.wp.com\/victimcare-dc.org\/wp-content\/uploads\/2023\/10\/shutterstock_779179771-scaled.jpg?resize=1536%2C1024&amp;ssl=1 1536w, https:\/\/i0.wp.com\/victimcare-dc.org\/wp-content\/uploads\/2023\/10\/shutterstock_779179771-scaled.jpg?resize=2048%2C1365&amp;ssl=1 2048w, https:\/\/i0.wp.com\/victimcare-dc.org\/wp-content\/uploads\/2023\/10\/shutterstock_779179771-scaled.jpg?w=2330&amp;ssl=1 2330w\" sizes=\"auto, (max-width: 1165px) 100vw, 1165px\" \/>    \n        <\/div>\n    <!-- \/image-wrap -->\n    \n        <\/div>\n<!-- \/module image -->        <\/div>\n                        <\/div>\n        <\/div>\n                        <div  data-lazy=\"1\" class=\"module_row themify_builder_row tb_ltsi868 tf_w\">\n                        <div class=\"row_inner col_align_top tb_col_count_1 tf_box tf_rel\">\n                        <div  data-lazy=\"1\" class=\"module_column tb-column col-full tb_6cbg869 first\">\n                    <!-- module text -->\n<div  class=\"module module-text tb_ek1j384   \" data-lazy=\"1\">\n        <div  class=\"tb_text_wrap\">\n        <div>\n<div class=\"cms-content\">\n<h2>Qu&rsquo;est-ce que la justice r\u00e9paratrice ?<\/h2>\n<p>La justice r\u00e9paratrice permet aux personnes l\u00e9s\u00e9es par un d\u00e9lit et aux personnes responsables de ce d\u00e9lit d&rsquo;\u00e9changer sur la mani\u00e8re dont le d\u00e9lit les a affect\u00e9es. Elle permet \u00e0 toutes les personnes concern\u00e9es de jouer un r\u00f4le dans la r\u00e9paration du pr\u00e9judice et de trouver une voie positive pour l&rsquo;avenir.<\/p>\n<p>La communication peut prendre la forme d&rsquo;une r\u00e9union en face \u00e0 face, d&rsquo;une lettre, d&rsquo;un entretien audio enregistr\u00e9 ou d&rsquo;une vid\u00e9o.<\/p>\n<p>Toutes les victimes d&rsquo;actes criminels peuvent recourir \u00e0 la justice r\u00e9paratrice, mais le processus n&rsquo;aura lieu que si la victime et l&rsquo;auteur de l&rsquo;acte criminel le souhaitent.<\/p>\n<p>La justice r\u00e9paratrice est enti\u00e8rement volontaire pour tous ceux qui y participent. Des animateurs form\u00e9s \u00e9valuent les risques et veillent \u00e0 ce que le processus soit s\u00fbr pour toutes les personnes impliqu\u00e9es.<\/p>\n<p>La justice r\u00e9paratrice est utilis\u00e9e pour tout type d&rsquo;infraction et \u00e0 tout stade de la proc\u00e9dure p\u00e9nale, y compris lorsque l&rsquo;auteur de l&rsquo;infraction purge une peine d&#8217;emprisonnement.<\/p>\n<\/div>\n<\/div>\n<div>\n<div class=\"cms-content\">\n<h2>Avantages de la justice r\u00e9paratrice<\/h2>\n<p>La justice r\u00e9paratrice donne \u00e0 la victime la possibilit\u00e9 d&rsquo;expliquer l&rsquo;impact du pr\u00e9judice caus\u00e9, par le biais d&rsquo;une communication s\u00fbre, avec le soutien et l&rsquo;encouragement d&rsquo;animateurs form\u00e9s. Ils peuvent expliquer ce qu&rsquo;ils ont ressenti, d\u00e9crire les cons\u00e9quences, poser des questions, recevoir une explication et demander des excuses s&rsquo;ils le souhaitent.<\/p>\n<p>Le processus peut responsabiliser les victimes et les aider \u00e0 se remettre de l&rsquo;incident, et la participation \u00e0 la justice r\u00e9paratrice n&rsquo;a aucune influence sur la peine que l&rsquo;auteur de l&rsquo;infraction peut se voir infliger.<\/p>\n<p>Les d\u00e9linquants ont la possibilit\u00e9 d&rsquo;assumer la responsabilit\u00e9 de leurs actes, d&rsquo;offrir une explication et de prendre des mesures pour r\u00e9parer le pr\u00e9judice. Cela peut les aider \u00e0 comprendre comment leurs actions ont affect\u00e9 les victimes et leurs familles.  <\/p>\n<p>Les recherches montrent que la justice r\u00e9paratrice permet \u00e9galement de r\u00e9duire la r\u00e9cidive.<\/p>\n<\/div>\n<\/div>    <\/div>\n<\/div>\n<!-- \/module text -->        <\/div>\n                        <\/div>\n        <\/div>\n                        <div  data-lazy=\"1\" class=\"module_row themify_builder_row tb_rj4e154 tf_w\">\n                        <div class=\"row_inner col_align_top tb_col_count_1 tf_box tf_rel\">\n                        <div  data-lazy=\"1\" class=\"module_column tb-column col-full tb_5sde154 first\">\n                    <!-- module video -->\n<div  class=\"module module-video tb_7h2f71 video-top  \" data-lazy=\"1\">\n                    <div class=\"video-wrap-outer\">\n            <div class=\"video-wrap tf_rel tf_overflow\">\n                                    <noscript><iframe data-no-script src=\"https:\/\/www.youtube-nocookie.com\/embed\/4-vQ4ixlU_A?pip=1&#038;playsinline=1\" allow=\"accelerometer;encrypted-media;gyroscope;picture-in-picture;fullscreen\" class=\"tf_abs tf_w tf_h\"><\/iframe><\/noscript>\n                                <\/div>\n            <!-- \/video-wrap -->\n        <\/div>\n        <!-- \/video-wrap-outer -->\n            <\/div>\n        <\/div>\n                        <\/div>\n        <\/div>\n                        <div  data-lazy=\"1\" class=\"module_row themify_builder_row tb_ernb454 tf_w\">\n                        <div class=\"row_inner col_align_top tb_col_count_1 tf_box tf_rel\">\n                        <div  data-lazy=\"1\" class=\"module_column tb-column col-full tb_de38454 first\">\n                    <!-- module text -->\n<div  class=\"module module-text tb_f7cf24   \" data-lazy=\"1\">\n        <div  class=\"tb_text_wrap\">\n        <h2>Comment postuler pour la justice r\u00e9paratrice<\/h2>\n<p>Contactez l&rsquo;unit\u00e9 d&rsquo;aide aux victimes qui peut organiser une justice r\u00e9paratrice pour vous et vous aider \u00e0 r\u00e9pondre \u00e0 toutes vos questions.<\/p>\n<p>Vous pouvez les <a href=\"mailto:victimservices@dc.police.uk\" target=\"_blank\" rel=\"noopener\">contacter par courriel<\/a> ou par t\u00e9l\u00e9phone au <a href=\"tel:01392%20475900\">01392 475900<\/a> de 8h \u00e0 20h du lundi au vendredi et de 9h \u00e0 17h le week-end et les jours f\u00e9ri\u00e9s.<\/p>\n<p>Si vous d\u00e9cidez de participer \u00e0 la justice r\u00e9paratrice, vous recevrez le soutien de notre service sp\u00e9cialis\u00e9 dans la justice r\u00e9paratrice, <a class=\"external-link\" href=\"https:\/\/www.shekinah.co.uk\/make-amends\" target=\"_blank\" rel=\"external noopener\" aria-label=\"Make Amends - This link will open in a new window\" data-gtm-link=\"offsite\">Make Amends<\/a>.  <\/p>    <\/div>\n<\/div>\n<!-- \/module text -->        <\/div>\n                        <\/div>\n        <\/div>\n        <\/div>\n<!--\/themify_builder_content-->","protected":false},"excerpt":{"rendered":"<p>Qu&rsquo;est-ce que la justice r\u00e9paratrice ? La justice r\u00e9paratrice permet aux personnes l\u00e9s\u00e9es par un d\u00e9lit et aux personnes responsables [&hellip;]<\/p>\n","protected":false},"author":3,"featured_media":0,"parent":0,"menu_order":0,"comment_status":"closed","ping_status":"closed","template":"","meta":{"footnotes":""},"class_list":["post-3287","page","type-page","status-publish","hentry","has-post-title","has-post-date","has-post-category","has-post-tag","has-post-comment","has-post-author",""],"yoast_head":"<!-- This site is optimized with the Yoast SEO plugin v27.3 - https:\/\/yoast.com\/product\/yoast-seo-wordpress\/ -->\n<title>Justice r\u00e9paratrice - Victim Care Devon &amp; Cornwall<\/title>\n<meta name=\"description\" content=\"Access specialist support and information for victims of crime, even if you haven&#039;t reported to police.\" \/>\n<meta name=\"robots\" content=\"index, follow, max-snippet:-1, max-image-preview:large, max-video-preview:-1\" \/>\n<link rel=\"canonical\" href=\"https:\/\/victimcare-dc.org\/fr\/justice-reparatrice\/\" \/>\n<meta property=\"og:locale\" content=\"fr_FR\" \/>\n<meta property=\"og:type\" content=\"article\" \/>\n<meta property=\"og:title\" content=\"Justice r\u00e9paratrice - Victim Care Devon &amp; Cornwall\" \/>\n<meta property=\"og:description\" content=\"Access specialist support and information for victims of crime, even if you haven&#039;t reported to police.\" \/>\n<meta property=\"og:url\" content=\"https:\/\/victimcare-dc.org\/fr\/justice-reparatrice\/\" \/>\n<meta property=\"og:site_name\" content=\"Victim Care Devon &amp; Cornwall\" \/>\n<meta property=\"article:publisher\" content=\"https:\/\/www.facebook.com\/DCPCC\" \/>\n<meta property=\"article:modified_time\" content=\"2024-03-12T15:44:22+00:00\" \/>\n<meta property=\"og:image\" content=\"https:\/\/victimcare-dc.org\/wp-content\/uploads\/2023\/10\/shutterstock_779179771-scaled.jpg\" \/>\n<meta name=\"twitter:card\" content=\"summary_large_image\" \/>\n<meta name=\"twitter:site\" content=\"@DC_PCC\" \/>\n<meta name=\"twitter:label1\" content=\"Dur\u00e9e de lecture estim\u00e9e\" \/>\n\t<meta name=\"twitter:data1\" content=\"2 minutes\" \/>\n<script type=\"application\/ld+json\" class=\"yoast-schema-graph\">{\"@context\":\"https:\\\/\\\/schema.org\",\"@graph\":[{\"@type\":\"WebPage\",\"@id\":\"https:\\\/\\\/victimcare-dc.org\\\/fr\\\/justice-reparatrice\\\/\",\"url\":\"https:\\\/\\\/victimcare-dc.org\\\/fr\\\/justice-reparatrice\\\/\",\"name\":\"Justice r\u00e9paratrice - Victim Care Devon &amp; Cornwall\",\"isPartOf\":{\"@id\":\"https:\\\/\\\/victimcare-dc.org\\\/fr\\\/#website\"},\"primaryImageOfPage\":{\"@id\":\"https:\\\/\\\/victimcare-dc.org\\\/fr\\\/justice-reparatrice\\\/#primaryimage\"},\"image\":{\"@id\":\"https:\\\/\\\/victimcare-dc.org\\\/fr\\\/justice-reparatrice\\\/#primaryimage\"},\"thumbnailUrl\":\"https:\\\/\\\/victimcare-dc.org\\\/wp-content\\\/uploads\\\/2023\\\/10\\\/shutterstock_779179771-scaled.jpg\",\"datePublished\":\"2023-10-03T12:07:50+00:00\",\"dateModified\":\"2024-03-12T15:44:22+00:00\",\"description\":\"Access specialist support and information for victims of crime, even if you haven't reported to police.\",\"breadcrumb\":{\"@id\":\"https:\\\/\\\/victimcare-dc.org\\\/fr\\\/justice-reparatrice\\\/#breadcrumb\"},\"inLanguage\":\"fr-FR\",\"potentialAction\":[{\"@type\":\"ReadAction\",\"target\":[\"https:\\\/\\\/victimcare-dc.org\\\/fr\\\/justice-reparatrice\\\/\"]}]},{\"@type\":\"ImageObject\",\"inLanguage\":\"fr-FR\",\"@id\":\"https:\\\/\\\/victimcare-dc.org\\\/fr\\\/justice-reparatrice\\\/#primaryimage\",\"url\":\"https:\\\/\\\/victimcare-dc.org\\\/wp-content\\\/uploads\\\/2023\\\/10\\\/shutterstock_779179771-scaled.jpg\",\"contentUrl\":\"https:\\\/\\\/victimcare-dc.org\\\/wp-content\\\/uploads\\\/2023\\\/10\\\/shutterstock_779179771-scaled.jpg\"},{\"@type\":\"BreadcrumbList\",\"@id\":\"https:\\\/\\\/victimcare-dc.org\\\/fr\\\/justice-reparatrice\\\/#breadcrumb\",\"itemListElement\":[{\"@type\":\"ListItem\",\"position\":1,\"name\":\"Home\",\"item\":\"https:\\\/\\\/victimcare-dc.org\\\/fr\\\/\"},{\"@type\":\"ListItem\",\"position\":2,\"name\":\"Justice r\u00e9paratrice\"}]},{\"@type\":\"WebSite\",\"@id\":\"https:\\\/\\\/victimcare-dc.org\\\/fr\\\/#website\",\"url\":\"https:\\\/\\\/victimcare-dc.org\\\/fr\\\/\",\"name\":\"Victim Care Devon and Cornwall\",\"description\":\"Putting you at the heart of your own care\",\"publisher\":{\"@id\":\"https:\\\/\\\/victimcare-dc.org\\\/fr\\\/#organization\"},\"potentialAction\":[{\"@type\":\"SearchAction\",\"target\":{\"@type\":\"EntryPoint\",\"urlTemplate\":\"https:\\\/\\\/victimcare-dc.org\\\/fr\\\/?s={search_term_string}\"},\"query-input\":{\"@type\":\"PropertyValueSpecification\",\"valueRequired\":true,\"valueName\":\"search_term_string\"}}],\"inLanguage\":\"fr-FR\"},{\"@type\":\"Organization\",\"@id\":\"https:\\\/\\\/victimcare-dc.org\\\/fr\\\/#organization\",\"name\":\"Victim Care Devon and Cornwall\",\"url\":\"https:\\\/\\\/victimcare-dc.org\\\/fr\\\/\",\"logo\":{\"@type\":\"ImageObject\",\"inLanguage\":\"fr-FR\",\"@id\":\"https:\\\/\\\/victimcare-dc.org\\\/fr\\\/#\\\/schema\\\/logo\\\/image\\\/\",\"url\":\"https:\\\/\\\/i0.wp.com\\\/victimcare-dc.org\\\/wp-content\\\/uploads\\\/2023\\\/05\\\/Victim-Care-logo-FINAL-web-1.png?fit=1600%2C1472&ssl=1\",\"contentUrl\":\"https:\\\/\\\/i0.wp.com\\\/victimcare-dc.org\\\/wp-content\\\/uploads\\\/2023\\\/05\\\/Victim-Care-logo-FINAL-web-1.png?fit=1600%2C1472&ssl=1\",\"width\":1600,\"height\":1472,\"caption\":\"Victim Care Devon and Cornwall\"},\"image\":{\"@id\":\"https:\\\/\\\/victimcare-dc.org\\\/fr\\\/#\\\/schema\\\/logo\\\/image\\\/\"},\"sameAs\":[\"https:\\\/\\\/www.facebook.com\\\/DCPCC\",\"https:\\\/\\\/x.com\\\/DC_PCC\"]}]}<\/script>\n<!-- \/ Yoast SEO plugin. -->","yoast_head_json":{"title":"Justice r\u00e9paratrice - Victim Care Devon &amp; Cornwall","description":"Access specialist support and information for victims of crime, even if you haven't reported to police.","robots":{"index":"index","follow":"follow","max-snippet":"max-snippet:-1","max-image-preview":"max-image-preview:large","max-video-preview":"max-video-preview:-1"},"canonical":"https:\/\/victimcare-dc.org\/fr\/justice-reparatrice\/","og_locale":"fr_FR","og_type":"article","og_title":"Justice r\u00e9paratrice - Victim Care Devon &amp; Cornwall","og_description":"Access specialist support and information for victims of crime, even if you haven't reported to police.","og_url":"https:\/\/victimcare-dc.org\/fr\/justice-reparatrice\/","og_site_name":"Victim Care Devon &amp; Cornwall","article_publisher":"https:\/\/www.facebook.com\/DCPCC","article_modified_time":"2024-03-12T15:44:22+00:00","og_image":[{"url":"https:\/\/victimcare-dc.org\/wp-content\/uploads\/2023\/10\/shutterstock_779179771-scaled.jpg","type":"","width":"","height":""}],"twitter_card":"summary_large_image","twitter_site":"@DC_PCC","twitter_misc":{"Dur\u00e9e de lecture estim\u00e9e":"2 minutes"},"schema":{"@context":"https:\/\/schema.org","@graph":[{"@type":"WebPage","@id":"https:\/\/victimcare-dc.org\/fr\/justice-reparatrice\/","url":"https:\/\/victimcare-dc.org\/fr\/justice-reparatrice\/","name":"Justice r\u00e9paratrice - Victim Care Devon &amp; Cornwall","isPartOf":{"@id":"https:\/\/victimcare-dc.org\/fr\/#website"},"primaryImageOfPage":{"@id":"https:\/\/victimcare-dc.org\/fr\/justice-reparatrice\/#primaryimage"},"image":{"@id":"https:\/\/victimcare-dc.org\/fr\/justice-reparatrice\/#primaryimage"},"thumbnailUrl":"https:\/\/victimcare-dc.org\/wp-content\/uploads\/2023\/10\/shutterstock_779179771-scaled.jpg","datePublished":"2023-10-03T12:07:50+00:00","dateModified":"2024-03-12T15:44:22+00:00","description":"Access specialist support and information for victims of crime, even if you haven't reported to police.","breadcrumb":{"@id":"https:\/\/victimcare-dc.org\/fr\/justice-reparatrice\/#breadcrumb"},"inLanguage":"fr-FR","potentialAction":[{"@type":"ReadAction","target":["https:\/\/victimcare-dc.org\/fr\/justice-reparatrice\/"]}]},{"@type":"ImageObject","inLanguage":"fr-FR","@id":"https:\/\/victimcare-dc.org\/fr\/justice-reparatrice\/#primaryimage","url":"https:\/\/victimcare-dc.org\/wp-content\/uploads\/2023\/10\/shutterstock_779179771-scaled.jpg","contentUrl":"https:\/\/victimcare-dc.org\/wp-content\/uploads\/2023\/10\/shutterstock_779179771-scaled.jpg"},{"@type":"BreadcrumbList","@id":"https:\/\/victimcare-dc.org\/fr\/justice-reparatrice\/#breadcrumb","itemListElement":[{"@type":"ListItem","position":1,"name":"Home","item":"https:\/\/victimcare-dc.org\/fr\/"},{"@type":"ListItem","position":2,"name":"Justice r\u00e9paratrice"}]},{"@type":"WebSite","@id":"https:\/\/victimcare-dc.org\/fr\/#website","url":"https:\/\/victimcare-dc.org\/fr\/","name":"Victim Care Devon and Cornwall","description":"Putting you at the heart of your own care","publisher":{"@id":"https:\/\/victimcare-dc.org\/fr\/#organization"},"potentialAction":[{"@type":"SearchAction","target":{"@type":"EntryPoint","urlTemplate":"https:\/\/victimcare-dc.org\/fr\/?s={search_term_string}"},"query-input":{"@type":"PropertyValueSpecification","valueRequired":true,"valueName":"search_term_string"}}],"inLanguage":"fr-FR"},{"@type":"Organization","@id":"https:\/\/victimcare-dc.org\/fr\/#organization","name":"Victim Care Devon and Cornwall","url":"https:\/\/victimcare-dc.org\/fr\/","logo":{"@type":"ImageObject","inLanguage":"fr-FR","@id":"https:\/\/victimcare-dc.org\/fr\/#\/schema\/logo\/image\/","url":"https:\/\/i0.wp.com\/victimcare-dc.org\/wp-content\/uploads\/2023\/05\/Victim-Care-logo-FINAL-web-1.png?fit=1600%2C1472&ssl=1","contentUrl":"https:\/\/i0.wp.com\/victimcare-dc.org\/wp-content\/uploads\/2023\/05\/Victim-Care-logo-FINAL-web-1.png?fit=1600%2C1472&ssl=1","width":1600,"height":1472,"caption":"Victim Care Devon and Cornwall"},"image":{"@id":"https:\/\/victimcare-dc.org\/fr\/#\/schema\/logo\/image\/"},"sameAs":["https:\/\/www.facebook.com\/DCPCC","https:\/\/x.com\/DC_PCC"]}]}},"jetpack_sharing_enabled":true,"builder_content":"<img src=\"https:\/\/victimcare-dc.org\/wp-content\/uploads\/2023\/10\/shutterstock_779179771-scaled.jpg\" title=\"Friendly,Man,Sitting,At,Window,In,Loft,Cafe\" alt=\"Friendly,Man,Sitting,At,Window,In,Loft,Cafe\" srcset=\"https:\/\/i0.wp.com\/victimcare-dc.org\/wp-content\/uploads\/2023\/10\/shutterstock_779179771-scaled.jpg?w=2560&amp;ssl=1 2560w, https:\/\/i0.wp.com\/victimcare-dc.org\/wp-content\/uploads\/2023\/10\/shutterstock_779179771-scaled.jpg?resize=300%2C200&amp;ssl=1 300w, https:\/\/i0.wp.com\/victimcare-dc.org\/wp-content\/uploads\/2023\/10\/shutterstock_779179771-scaled.jpg?resize=1024%2C683&amp;ssl=1 1024w, https:\/\/i0.wp.com\/victimcare-dc.org\/wp-content\/uploads\/2023\/10\/shutterstock_779179771-scaled.jpg?resize=768%2C512&amp;ssl=1 768w, https:\/\/i0.wp.com\/victimcare-dc.org\/wp-content\/uploads\/2023\/10\/shutterstock_779179771-scaled.jpg?resize=1536%2C1024&amp;ssl=1 1536w, https:\/\/i0.wp.com\/victimcare-dc.org\/wp-content\/uploads\/2023\/10\/shutterstock_779179771-scaled.jpg?resize=2048%2C1365&amp;ssl=1 2048w, https:\/\/i0.wp.com\/victimcare-dc.org\/wp-content\/uploads\/2023\/10\/shutterstock_779179771-scaled.jpg?w=2330&amp;ssl=1 2330w\" sizes=\"(max-width: 2560px) 100vw, 2560px\" \/>\n<h2>Qu'est-ce que la justice r\u00e9paratrice ?<\/h2> <p>La justice r\u00e9paratrice permet aux personnes l\u00e9s\u00e9es par un d\u00e9lit et aux personnes responsables de ce d\u00e9lit d'\u00e9changer sur la mani\u00e8re dont le d\u00e9lit les a affect\u00e9es. Elle permet \u00e0 toutes les personnes concern\u00e9es de jouer un r\u00f4le dans la r\u00e9paration du pr\u00e9judice et de trouver une voie positive pour l'avenir.<\/p> <p>La communication peut prendre la forme d'une r\u00e9union en face \u00e0 face, d'une lettre, d'un entretien audio enregistr\u00e9 ou d'une vid\u00e9o.<\/p> <p>Toutes les victimes d'actes criminels peuvent recourir \u00e0 la justice r\u00e9paratrice, mais le processus n'aura lieu que si la victime et l'auteur de l'acte criminel le souhaitent.<\/p> <p>La justice r\u00e9paratrice est enti\u00e8rement volontaire pour tous ceux qui y participent. Des animateurs form\u00e9s \u00e9valuent les risques et veillent \u00e0 ce que le processus soit s\u00fbr pour toutes les personnes impliqu\u00e9es.<\/p> <p>La justice r\u00e9paratrice est utilis\u00e9e pour tout type d'infraction et \u00e0 tout stade de la proc\u00e9dure p\u00e9nale, y compris lorsque l'auteur de l'infraction purge une peine d'emprisonnement.<\/p>\n<h2>Avantages de la justice r\u00e9paratrice<\/h2> <p>La justice r\u00e9paratrice donne \u00e0 la victime la possibilit\u00e9 d'expliquer l'impact du pr\u00e9judice caus\u00e9, par le biais d'une communication s\u00fbre, avec le soutien et l'encouragement d'animateurs form\u00e9s. Ils peuvent expliquer ce qu'ils ont ressenti, d\u00e9crire les cons\u00e9quences, poser des questions, recevoir une explication et demander des excuses s'ils le souhaitent.<\/p> <p>Le processus peut responsabiliser les victimes et les aider \u00e0 se remettre de l'incident, et la participation \u00e0 la justice r\u00e9paratrice n'a aucune influence sur la peine que l'auteur de l'infraction peut se voir infliger.<\/p> <p>Les d\u00e9linquants ont la possibilit\u00e9 d'assumer la responsabilit\u00e9 de leurs actes, d'offrir une explication et de prendre des mesures pour r\u00e9parer le pr\u00e9judice. Cela peut les aider \u00e0 comprendre comment leurs actions ont affect\u00e9 les victimes et leurs familles. <\/p> <p>Les recherches montrent que la justice r\u00e9paratrice permet \u00e9galement de r\u00e9duire la r\u00e9cidive.<\/p>\n[embed]https:\/\/youtu.be\/4-vQ4ixlU_A[\/embed]\n<h2>Comment postuler pour la justice r\u00e9paratrice<\/h2> <p>Contactez l'unit\u00e9 d'aide aux victimes qui peut organiser une justice r\u00e9paratrice pour vous et vous aider \u00e0 r\u00e9pondre \u00e0 toutes vos questions.<\/p> <p>Vous pouvez les <a href=\"mailto:victimservices@dc.police.uk\" target=\"_blank\" rel=\"noopener\">contacter par courriel<\/a> ou par t\u00e9l\u00e9phone au <a href=\"tel:01392%20475900\">01392 475900<\/a> de 8h \u00e0 20h du lundi au vendredi et de 9h \u00e0 17h le week-end et les jours f\u00e9ri\u00e9s.<\/p> <p>Si vous d\u00e9cidez de participer \u00e0 la justice r\u00e9paratrice, vous recevrez le soutien de notre service sp\u00e9cialis\u00e9 dans la justice r\u00e9paratrice, <a href=\"https:\/\/www.shekinah.co.uk\/make-amends\" target=\"_blank\" rel=\"external noopener\" aria-label=\"Make Amends - This link will open in a new window\" data-gtm-link=\"offsite\">Make Amends<\/a>. <\/p>","_links":{"self":[{"href":"https:\/\/victimcare-dc.org\/fr\/wp-json\/wp\/v2\/pages\/3287","targetHints":{"allow":["GET"]}}],"collection":[{"href":"https:\/\/victimcare-dc.org\/fr\/wp-json\/wp\/v2\/pages"}],"about":[{"href":"https:\/\/victimcare-dc.org\/fr\/wp-json\/wp\/v2\/types\/page"}],"author":[{"embeddable":true,"href":"https:\/\/victimcare-dc.org\/fr\/wp-json\/wp\/v2\/users\/3"}],"replies":[{"embeddable":true,"href":"https:\/\/victimcare-dc.org\/fr\/wp-json\/wp\/v2\/comments?post=3287"}],"version-history":[{"count":2,"href":"https:\/\/victimcare-dc.org\/fr\/wp-json\/wp\/v2\/pages\/3287\/revisions"}],"predecessor-version":[{"id":3631,"href":"https:\/\/victimcare-dc.org\/fr\/wp-json\/wp\/v2\/pages\/3287\/revisions\/3631"}],"wp:attachment":[{"href":"https:\/\/victimcare-dc.org\/fr\/wp-json\/wp\/v2\/media?parent=3287"}],"curies":[{"name":"wp","href":"https:\/\/api.w.org\/{rel}","templated":true}]}}