{"id":3526,"date":"2023-04-14T14:18:26","date_gmt":"2023-04-14T14:18:26","guid":{"rendered":"https:\/\/victimcare-dc.org\/aide-aux-supporters\/"},"modified":"2024-03-12T15:35:46","modified_gmt":"2024-03-12T15:35:46","slug":"aide-aux-supporters","status":"publish","type":"page","link":"https:\/\/victimcare-dc.org\/fr\/aide-aux-supporters\/","title":{"rendered":"Aide aux supporters"},"content":{"rendered":"<!--themify_builder_content-->\n<div id=\"themify_builder_content-3526\" data-postid=\"3526\" class=\"themify_builder_content themify_builder_content-3526 themify_builder tf_clear\">\n                    <div  data-lazy=\"1\" class=\"module_row themify_builder_row tb_7ggw448 tb_first tf_w\">\n                        <div class=\"row_inner col_align_top tb_col_count_1 tf_box tf_rel\">\n                        <div  data-lazy=\"1\" class=\"module_column tb-column col-full tb_te72448 first\">\n                    <!-- module image -->\n<div  class=\"module module-image tb_vg97804 image-center   auto_fullwidth tf_mw wow\" data-tf-animation=\"slideInLeft\" data-lazy=\"1\">\n        <div class=\"image-wrap tf_rel tf_mw\">\n            <img data-recalc-dims=\"1\" loading=\"lazy\" decoding=\"async\" src=\"https:\/\/i0.wp.com\/victimcare-dc.org\/wp-content\/uploads\/2023\/04\/shutterstock_1332865433-1024x683.jpg?resize=888%2C474&#038;ssl=1\" width=\"888\" height=\"474\" class=\"wp-post-image wp-image-2524\" title=\"Aide aux supporters\" alt=\"Aide aux supporters\" srcset=\"https:\/\/i0.wp.com\/victimcare-dc.org\/wp-content\/uploads\/2023\/04\/shutterstock_1332865433-scaled.jpg?resize=888%2C474&amp;ssl=1 888w, https:\/\/i0.wp.com\/victimcare-dc.org\/wp-content\/uploads\/2023\/04\/shutterstock_1332865433-scaled.jpg?zoom=2&amp;resize=888%2C474&amp;ssl=1 1776w\" sizes=\"auto, (max-width: 888px) 100vw, 888px\" \/>    \n        <\/div>\n    <!-- \/image-wrap -->\n    \n        <\/div>\n<!-- \/module image -->        <\/div>\n                        <\/div>\n        <\/div>\n                        <div  data-lazy=\"1\" class=\"module_row themify_builder_row tb_i4et419 tf_w\">\n                        <div class=\"row_inner col_align_top tb_col_count_1 tf_box tf_rel\">\n                        <div  data-lazy=\"1\" class=\"module_column tb-column col-full tb_zfl1419 first\">\n                    <!-- module text -->\n<div  class=\"module module-text tb_g9yb346   \" data-lazy=\"1\">\n        <div  class=\"tb_text_wrap\">\n        <h3>Que dois-je faire si je m&rsquo;inqui\u00e8te pour quelqu&rsquo;un d&rsquo;autre ?<\/h3>\n<p><span style=\"font-weight: 400;\">Vous avez peut-\u00eatre visit\u00e9 notre site web parce que vous vous inqui\u00e9tez pour quelqu&rsquo;un d&rsquo;autre qui est touch\u00e9 par la criminalit\u00e9. Vous pouvez aussi avoir besoin d&rsquo;aide parce que vous soutenez quelqu&rsquo;un d&rsquo;autre. Nous reconnaissons qu&rsquo;il peut \u00eatre difficile de soutenir une personne victime d&rsquo;un acte criminel et qu&rsquo;il est \u00e9galement important pour vous d&rsquo;obtenir l&rsquo;aide et le soutien dont vous avez besoin.  <\/span><\/p>\n<p><span style=\"font-weight: 400;\">Nous comprenons que vous \u00eates peut-\u00eatre la seule personne \u00e0 savoir ce qui s&rsquo;est pass\u00e9 et que vous aidez peut-\u00eatre la personne que vous aimez \u00e0 prendre des d\u00e9cisions importantes sur ce dont elle a besoin.  <\/span><\/p>    <\/div>\n<\/div>\n<!-- \/module text -->        <\/div>\n                        <\/div>\n        <\/div>\n                        <div  data-css_id=\"k46w26\" data-lazy=\"1\" class=\"module_row themify_builder_row fullwidth tb_k46w26 tf_w\">\n                        <div class=\"row_inner col_align_top tb_col_count_1 tf_box tf_rel\">\n                        <div  data-lazy=\"1\" class=\"module_column tb-column col-full tb_41q0916 first\">\n                    <!-- module text -->\n<div  class=\"module module-text tb_qghx916   \" data-lazy=\"1\">\n        <div  class=\"tb_text_wrap\">\n        <h3 style=\"text-align: center;\"><span style=\"color: #ffffff;\">La bonne nouvelle, c&rsquo;est que l&rsquo;association Victim Support est \u00e9galement l\u00e0 pour aider les amis, la famille et toute autre personne impliqu\u00e9e dans le crime. Il vous suffit de suivre les m\u00eames coordonn\u00e9es pour parler \u00e0 une personne de Victim Support qui pourra vous aider.<\/span><\/h3>    <\/div>\n<\/div>\n<!-- \/module text --><!-- module buttons -->\n<div  class=\"module module-buttons tb_o8dy916 buttons-horizontal outline  xlarge circle buttons-fullwidth\" data-lazy=\"1\">\n        <div class=\"module-buttons-item tf_in_flx\">\n                        <a href=\"https:\/\/www.victimsupport.org.uk\/\" class=\"ui builder_button tf_in_flx tb_default_color\" >\n                                                visiter le site de l'aide aux victimes                                        <\/a>\n                <\/div>\n            <\/div>\n<!-- \/module buttons -->\n        <\/div>\n                        <\/div>\n        <\/div>\n                        <div  data-lazy=\"1\" class=\"module_row themify_builder_row tb_1b3f401 tf_w\">\n                        <div class=\"row_inner col_align_top tb_col_count_1 tf_box tf_rel\">\n                        <div  data-lazy=\"1\" class=\"module_column tb-column col-full tb_sl3p401 first\">\n                    <!-- module text -->\n<div  class=\"module module-text tb_oif3219   \" data-lazy=\"1\">\n        <div  class=\"tb_text_wrap\">\n        <p>En plus d&rsquo;utiliser les lignes d&rsquo;assistance et le service de chat en direct, vous pouvez \u00e9galement acc\u00e9der \u00e0 Mon espace d&rsquo;assistance. Fourni par Victim Support, il existe un certain nombre de ressources et de guides d&rsquo;auto-assistance en ligne. Il s&rsquo;agit notamment de guides sur la mani\u00e8re de parler aux enfants, de parler aux personnes touch\u00e9es par la criminalit\u00e9 et de reconna\u00eetre les signes de violence domestique.<\/p>    <\/div>\n<\/div>\n<!-- \/module text -->        <\/div>\n                        <\/div>\n        <\/div>\n                        <div  data-lazy=\"1\" class=\"module_row themify_builder_row tb_lcgl306 tf_w\">\n                        <div class=\"row_inner col_align_top tb_col_count_1 tf_box tf_rel\">\n                        <div  data-lazy=\"1\" class=\"module_column tb-column col-full tb_eq71306 first\">\n                            <div  data-lazy=\"1\" class=\"module_subrow themify_builder_sub_row tf_w col_align_top tb_col_count_1 tb_hmsb306\">\n                <div  data-lazy=\"1\" class=\"module_column sub_column col-full tb_dw8c306 first\">\n                    <!-- module buttons -->\n<div  class=\"module module-buttons tb_xpip306 buttons-horizontal outline  xlarge circle buttons-fullwidth\" data-lazy=\"1\">\n        <div class=\"module-buttons-item tf_in_flx\">\n                        <a href=\"https:\/\/www.mysupportspace.org.uk\/\" class=\"ui builder_button tf_in_flx black\" >\n                                                VISITEZ MON ESPACE DE SOUTIEN                                        <\/a>\n                <\/div>\n            <\/div>\n<!-- \/module buttons -->\n        <\/div>\n                    <\/div>\n                <\/div>\n                        <\/div>\n        <\/div>\n        <\/div>\n<!--\/themify_builder_content-->","protected":false},"excerpt":{"rendered":"<p>Que dois-je faire si je m&rsquo;inqui\u00e8te pour quelqu&rsquo;un d&rsquo;autre ? Vous avez peut-\u00eatre visit\u00e9 notre site web parce que vous [&hellip;]<\/p>\n","protected":false},"author":1,"featured_media":0,"parent":0,"menu_order":0,"comment_status":"closed","ping_status":"closed","template":"","meta":{"footnotes":""},"class_list":["post-3526","page","type-page","status-publish","hentry","has-post-title","has-post-date","has-post-category","has-post-tag","has-post-comment","has-post-author",""],"yoast_head":"<!-- This site is optimized with the Yoast SEO plugin v27.3 - https:\/\/yoast.com\/product\/yoast-seo-wordpress\/ -->\n<title>Aide aux supporters - Victim Care Devon &amp; Cornwall<\/title>\n<meta name=\"description\" content=\"Access specialist support and information for victims of crime, even if you haven&#039;t reported to police.\" \/>\n<meta name=\"robots\" content=\"index, follow, max-snippet:-1, max-image-preview:large, max-video-preview:-1\" \/>\n<link rel=\"canonical\" href=\"https:\/\/victimcare-dc.org\/fr\/aide-aux-supporters\/\" \/>\n<meta property=\"og:locale\" content=\"fr_FR\" \/>\n<meta property=\"og:type\" content=\"article\" \/>\n<meta property=\"og:title\" content=\"Aide aux supporters - Victim Care Devon &amp; Cornwall\" \/>\n<meta property=\"og:description\" content=\"Access specialist support and information for victims of crime, even if you haven&#039;t reported to police.\" \/>\n<meta property=\"og:url\" content=\"https:\/\/victimcare-dc.org\/fr\/aide-aux-supporters\/\" \/>\n<meta property=\"og:site_name\" content=\"Victim Care Devon &amp; Cornwall\" \/>\n<meta property=\"article:publisher\" content=\"https:\/\/www.facebook.com\/DCPCC\" \/>\n<meta property=\"article:modified_time\" content=\"2024-03-12T15:35:46+00:00\" \/>\n<meta property=\"og:image\" content=\"https:\/\/victimcare-dc.org\/wp-content\/uploads\/2023\/04\/shutterstock_1332865433-1024x683-888x474.jpg\" \/>\n<meta name=\"twitter:card\" content=\"summary_large_image\" \/>\n<meta name=\"twitter:site\" content=\"@DC_PCC\" \/>\n<meta name=\"twitter:label1\" content=\"Dur\u00e9e de lecture estim\u00e9e\" \/>\n\t<meta name=\"twitter:data1\" content=\"1 minute\" \/>\n<script type=\"application\/ld+json\" class=\"yoast-schema-graph\">{\"@context\":\"https:\\\/\\\/schema.org\",\"@graph\":[{\"@type\":\"WebPage\",\"@id\":\"https:\\\/\\\/victimcare-dc.org\\\/fr\\\/aide-aux-supporters\\\/\",\"url\":\"https:\\\/\\\/victimcare-dc.org\\\/fr\\\/aide-aux-supporters\\\/\",\"name\":\"Aide aux supporters - Victim Care Devon &amp; Cornwall\",\"isPartOf\":{\"@id\":\"https:\\\/\\\/victimcare-dc.org\\\/fr\\\/#website\"},\"primaryImageOfPage\":{\"@id\":\"https:\\\/\\\/victimcare-dc.org\\\/fr\\\/aide-aux-supporters\\\/#primaryimage\"},\"image\":{\"@id\":\"https:\\\/\\\/victimcare-dc.org\\\/fr\\\/aide-aux-supporters\\\/#primaryimage\"},\"thumbnailUrl\":\"https:\\\/\\\/victimcare-dc.org\\\/wp-content\\\/uploads\\\/2023\\\/04\\\/shutterstock_1332865433-1024x683-888x474.jpg\",\"datePublished\":\"2023-04-14T14:18:26+00:00\",\"dateModified\":\"2024-03-12T15:35:46+00:00\",\"description\":\"Access specialist support and information for victims of crime, even if you haven't reported to police.\",\"breadcrumb\":{\"@id\":\"https:\\\/\\\/victimcare-dc.org\\\/fr\\\/aide-aux-supporters\\\/#breadcrumb\"},\"inLanguage\":\"fr-FR\",\"potentialAction\":[{\"@type\":\"ReadAction\",\"target\":[\"https:\\\/\\\/victimcare-dc.org\\\/fr\\\/aide-aux-supporters\\\/\"]}]},{\"@type\":\"ImageObject\",\"inLanguage\":\"fr-FR\",\"@id\":\"https:\\\/\\\/victimcare-dc.org\\\/fr\\\/aide-aux-supporters\\\/#primaryimage\",\"url\":\"https:\\\/\\\/victimcare-dc.org\\\/wp-content\\\/uploads\\\/2023\\\/04\\\/shutterstock_1332865433-1024x683-888x474.jpg\",\"contentUrl\":\"https:\\\/\\\/victimcare-dc.org\\\/wp-content\\\/uploads\\\/2023\\\/04\\\/shutterstock_1332865433-1024x683-888x474.jpg\"},{\"@type\":\"BreadcrumbList\",\"@id\":\"https:\\\/\\\/victimcare-dc.org\\\/fr\\\/aide-aux-supporters\\\/#breadcrumb\",\"itemListElement\":[{\"@type\":\"ListItem\",\"position\":1,\"name\":\"Home\",\"item\":\"https:\\\/\\\/victimcare-dc.org\\\/fr\\\/\"},{\"@type\":\"ListItem\",\"position\":2,\"name\":\"Aide aux supporters\"}]},{\"@type\":\"WebSite\",\"@id\":\"https:\\\/\\\/victimcare-dc.org\\\/fr\\\/#website\",\"url\":\"https:\\\/\\\/victimcare-dc.org\\\/fr\\\/\",\"name\":\"Victim Care Devon and Cornwall\",\"description\":\"Putting you at the heart of your own care\",\"publisher\":{\"@id\":\"https:\\\/\\\/victimcare-dc.org\\\/fr\\\/#organization\"},\"potentialAction\":[{\"@type\":\"SearchAction\",\"target\":{\"@type\":\"EntryPoint\",\"urlTemplate\":\"https:\\\/\\\/victimcare-dc.org\\\/fr\\\/?s={search_term_string}\"},\"query-input\":{\"@type\":\"PropertyValueSpecification\",\"valueRequired\":true,\"valueName\":\"search_term_string\"}}],\"inLanguage\":\"fr-FR\"},{\"@type\":\"Organization\",\"@id\":\"https:\\\/\\\/victimcare-dc.org\\\/fr\\\/#organization\",\"name\":\"Victim Care Devon and Cornwall\",\"url\":\"https:\\\/\\\/victimcare-dc.org\\\/fr\\\/\",\"logo\":{\"@type\":\"ImageObject\",\"inLanguage\":\"fr-FR\",\"@id\":\"https:\\\/\\\/victimcare-dc.org\\\/fr\\\/#\\\/schema\\\/logo\\\/image\\\/\",\"url\":\"https:\\\/\\\/i0.wp.com\\\/victimcare-dc.org\\\/wp-content\\\/uploads\\\/2023\\\/05\\\/Victim-Care-logo-FINAL-web-1.png?fit=1600%2C1472&ssl=1\",\"contentUrl\":\"https:\\\/\\\/i0.wp.com\\\/victimcare-dc.org\\\/wp-content\\\/uploads\\\/2023\\\/05\\\/Victim-Care-logo-FINAL-web-1.png?fit=1600%2C1472&ssl=1\",\"width\":1600,\"height\":1472,\"caption\":\"Victim Care Devon and Cornwall\"},\"image\":{\"@id\":\"https:\\\/\\\/victimcare-dc.org\\\/fr\\\/#\\\/schema\\\/logo\\\/image\\\/\"},\"sameAs\":[\"https:\\\/\\\/www.facebook.com\\\/DCPCC\",\"https:\\\/\\\/x.com\\\/DC_PCC\"]}]}<\/script>\n<!-- \/ Yoast SEO plugin. -->","yoast_head_json":{"title":"Aide aux supporters - Victim Care Devon &amp; Cornwall","description":"Access specialist support and information for victims of crime, even if you haven't reported to police.","robots":{"index":"index","follow":"follow","max-snippet":"max-snippet:-1","max-image-preview":"max-image-preview:large","max-video-preview":"max-video-preview:-1"},"canonical":"https:\/\/victimcare-dc.org\/fr\/aide-aux-supporters\/","og_locale":"fr_FR","og_type":"article","og_title":"Aide aux supporters - Victim Care Devon &amp; Cornwall","og_description":"Access specialist support and information for victims of crime, even if you haven't reported to police.","og_url":"https:\/\/victimcare-dc.org\/fr\/aide-aux-supporters\/","og_site_name":"Victim Care Devon &amp; Cornwall","article_publisher":"https:\/\/www.facebook.com\/DCPCC","article_modified_time":"2024-03-12T15:35:46+00:00","og_image":[{"url":"https:\/\/victimcare-dc.org\/wp-content\/uploads\/2023\/04\/shutterstock_1332865433-1024x683-888x474.jpg","type":"","width":"","height":""}],"twitter_card":"summary_large_image","twitter_site":"@DC_PCC","twitter_misc":{"Dur\u00e9e de lecture estim\u00e9e":"1 minute"},"schema":{"@context":"https:\/\/schema.org","@graph":[{"@type":"WebPage","@id":"https:\/\/victimcare-dc.org\/fr\/aide-aux-supporters\/","url":"https:\/\/victimcare-dc.org\/fr\/aide-aux-supporters\/","name":"Aide aux supporters - Victim Care Devon &amp; Cornwall","isPartOf":{"@id":"https:\/\/victimcare-dc.org\/fr\/#website"},"primaryImageOfPage":{"@id":"https:\/\/victimcare-dc.org\/fr\/aide-aux-supporters\/#primaryimage"},"image":{"@id":"https:\/\/victimcare-dc.org\/fr\/aide-aux-supporters\/#primaryimage"},"thumbnailUrl":"https:\/\/victimcare-dc.org\/wp-content\/uploads\/2023\/04\/shutterstock_1332865433-1024x683-888x474.jpg","datePublished":"2023-04-14T14:18:26+00:00","dateModified":"2024-03-12T15:35:46+00:00","description":"Access specialist support and information for victims of crime, even if you haven't reported to police.","breadcrumb":{"@id":"https:\/\/victimcare-dc.org\/fr\/aide-aux-supporters\/#breadcrumb"},"inLanguage":"fr-FR","potentialAction":[{"@type":"ReadAction","target":["https:\/\/victimcare-dc.org\/fr\/aide-aux-supporters\/"]}]},{"@type":"ImageObject","inLanguage":"fr-FR","@id":"https:\/\/victimcare-dc.org\/fr\/aide-aux-supporters\/#primaryimage","url":"https:\/\/victimcare-dc.org\/wp-content\/uploads\/2023\/04\/shutterstock_1332865433-1024x683-888x474.jpg","contentUrl":"https:\/\/victimcare-dc.org\/wp-content\/uploads\/2023\/04\/shutterstock_1332865433-1024x683-888x474.jpg"},{"@type":"BreadcrumbList","@id":"https:\/\/victimcare-dc.org\/fr\/aide-aux-supporters\/#breadcrumb","itemListElement":[{"@type":"ListItem","position":1,"name":"Home","item":"https:\/\/victimcare-dc.org\/fr\/"},{"@type":"ListItem","position":2,"name":"Aide aux supporters"}]},{"@type":"WebSite","@id":"https:\/\/victimcare-dc.org\/fr\/#website","url":"https:\/\/victimcare-dc.org\/fr\/","name":"Victim Care Devon and Cornwall","description":"Putting you at the heart of your own care","publisher":{"@id":"https:\/\/victimcare-dc.org\/fr\/#organization"},"potentialAction":[{"@type":"SearchAction","target":{"@type":"EntryPoint","urlTemplate":"https:\/\/victimcare-dc.org\/fr\/?s={search_term_string}"},"query-input":{"@type":"PropertyValueSpecification","valueRequired":true,"valueName":"search_term_string"}}],"inLanguage":"fr-FR"},{"@type":"Organization","@id":"https:\/\/victimcare-dc.org\/fr\/#organization","name":"Victim Care Devon and Cornwall","url":"https:\/\/victimcare-dc.org\/fr\/","logo":{"@type":"ImageObject","inLanguage":"fr-FR","@id":"https:\/\/victimcare-dc.org\/fr\/#\/schema\/logo\/image\/","url":"https:\/\/i0.wp.com\/victimcare-dc.org\/wp-content\/uploads\/2023\/05\/Victim-Care-logo-FINAL-web-1.png?fit=1600%2C1472&ssl=1","contentUrl":"https:\/\/i0.wp.com\/victimcare-dc.org\/wp-content\/uploads\/2023\/05\/Victim-Care-logo-FINAL-web-1.png?fit=1600%2C1472&ssl=1","width":1600,"height":1472,"caption":"Victim Care Devon and Cornwall"},"image":{"@id":"https:\/\/victimcare-dc.org\/fr\/#\/schema\/logo\/image\/"},"sameAs":["https:\/\/www.facebook.com\/DCPCC","https:\/\/x.com\/DC_PCC"]}]}},"jetpack_sharing_enabled":true,"builder_content":"<img src=\"https:\/\/victimcare-dc.org\/wp-content\/uploads\/2023\/04\/shutterstock_1332865433-1024x683-888x474.jpg\" width=\"888\" height=\"474\" title=\"Aide aux supporters\" alt=\"Aide aux supporters\" srcset=\"https:\/\/i0.wp.com\/victimcare-dc.org\/wp-content\/uploads\/2023\/04\/shutterstock_1332865433-scaled.jpg?resize=888%2C474&amp;ssl=1 888w, https:\/\/i0.wp.com\/victimcare-dc.org\/wp-content\/uploads\/2023\/04\/shutterstock_1332865433-scaled.jpg?zoom=2&amp;resize=888%2C474&amp;ssl=1 1776w\" sizes=\"(max-width: 888px) 100vw, 888px\" \/>\n<h3>Que dois-je faire si je m'inqui\u00e8te pour quelqu'un d'autre ?<\/h3> <p>Vous avez peut-\u00eatre visit\u00e9 notre site web parce que vous vous inqui\u00e9tez pour quelqu'un d'autre qui est touch\u00e9 par la criminalit\u00e9. Vous pouvez aussi avoir besoin d'aide parce que vous soutenez quelqu'un d'autre. Nous reconnaissons qu'il peut \u00eatre difficile de soutenir une personne victime d'un acte criminel et qu'il est \u00e9galement important pour vous d'obtenir l'aide et le soutien dont vous avez besoin. <\/p> <p>Nous comprenons que vous \u00eates peut-\u00eatre la seule personne \u00e0 savoir ce qui s'est pass\u00e9 et que vous aidez peut-\u00eatre la personne que vous aimez \u00e0 prendre des d\u00e9cisions importantes sur ce dont elle a besoin. <\/p>\n<h3 style=\"text-align: center;\">La bonne nouvelle, c'est que l'association Victim Support est \u00e9galement l\u00e0 pour aider les amis, la famille et toute autre personne impliqu\u00e9e dans le crime. Il vous suffit de suivre les m\u00eames coordonn\u00e9es pour parler \u00e0 une personne de Victim Support qui pourra vous aider.<\/h3>\n<a href=\"https:\/\/www.victimsupport.org.uk\/\" > visiter le site de l'aide aux victimes <\/a>\n<p>En plus d'utiliser les lignes d'assistance et le service de chat en direct, vous pouvez \u00e9galement acc\u00e9der \u00e0 Mon espace d'assistance. Fourni par Victim Support, il existe un certain nombre de ressources et de guides d'auto-assistance en ligne. Il s'agit notamment de guides sur la mani\u00e8re de parler aux enfants, de parler aux personnes touch\u00e9es par la criminalit\u00e9 et de reconna\u00eetre les signes de violence domestique.<\/p>\n<a href=\"https:\/\/www.mysupportspace.org.uk\/\" > VISITEZ MON ESPACE DE SOUTIEN <\/a>","_links":{"self":[{"href":"https:\/\/victimcare-dc.org\/fr\/wp-json\/wp\/v2\/pages\/3526","targetHints":{"allow":["GET"]}}],"collection":[{"href":"https:\/\/victimcare-dc.org\/fr\/wp-json\/wp\/v2\/pages"}],"about":[{"href":"https:\/\/victimcare-dc.org\/fr\/wp-json\/wp\/v2\/types\/page"}],"author":[{"embeddable":true,"href":"https:\/\/victimcare-dc.org\/fr\/wp-json\/wp\/v2\/users\/1"}],"replies":[{"embeddable":true,"href":"https:\/\/victimcare-dc.org\/fr\/wp-json\/wp\/v2\/comments?post=3526"}],"version-history":[{"count":2,"href":"https:\/\/victimcare-dc.org\/fr\/wp-json\/wp\/v2\/pages\/3526\/revisions"}],"predecessor-version":[{"id":3597,"href":"https:\/\/victimcare-dc.org\/fr\/wp-json\/wp\/v2\/pages\/3526\/revisions\/3597"}],"wp:attachment":[{"href":"https:\/\/victimcare-dc.org\/fr\/wp-json\/wp\/v2\/media?parent=3526"}],"curies":[{"name":"wp","href":"https:\/\/api.w.org\/{rel}","templated":true}]}}