{"id":3205,"date":"2023-12-07T13:01:43","date_gmt":"2023-12-07T13:01:43","guid":{"rendered":"https:\/\/victimcare-dc.org\/baudziamoji-justicija-ir-jus\/"},"modified":"2024-03-19T11:27:05","modified_gmt":"2024-03-19T11:27:05","slug":"baudziamoji-justicija-ir-jus","status":"publish","type":"page","link":"https:\/\/victimcare-dc.org\/lt\/baudziamoji-justicija-ir-jus\/","title":{"rendered":"Baud\u017eiamoji justicija ir j\u016bs"},"content":{"rendered":"<!--themify_builder_content-->\n<div id=\"themify_builder_content-3205\" data-postid=\"3205\" class=\"themify_builder_content themify_builder_content-3205 themify_builder tf_clear\">\n                    <div  data-lazy=\"1\" class=\"module_row themify_builder_row tb_0iie717 tb_first tf_w\">\n                        <div class=\"row_inner col_align_top tb_col_count_1 tf_box tf_rel\">\n                        <div  data-lazy=\"1\" class=\"module_column tb-column col-full tb_vce9717 first\">\n                    <!-- module text -->\n<div  class=\"module module-text tb_k34x996   \" data-lazy=\"1\">\n        <div  class=\"tb_text_wrap\">\n        <p><span style=\"font-weight: 400;\">\u0160is interaktyvus \u0161altinis buvo parengtas Vietin\u0117s baud\u017eiamojo teisingumo tarybos vardu bendradarbiaujant su Policijos ir nusikalstamumo komisaro biuru, kad pad\u0117t\u0173 jums suprasti visas baud\u017eiamojo teisingumo proceso dalis.<\/span><\/p>\n<p><span style=\"font-weight: 400;\">Kiekvienos m\u016bs\u0173 partneri\u0173 agent\u016bros atstovas papasakos apie savo vaidmen\u012f j\u016bs\u0173 kelion\u0117je, kalb\u0117damas su jumis kaip profesionalas, tiesiogiai susij\u0119s su ta sritimi.<\/span><\/p>\n<p><span style=\"font-weight: 400;\">Taip pat \u012ftrauk\u0117me kai kuriuos partneri\u0173 i\u0161teklius ir naudingas nuorodas, kad gal\u0117tum\u0117te susisiekti su tinkamu asmeniu ir rasti daugiau informacijos apie kiekvien\u0105 \u017eingsn\u012f.  <\/span><\/p>\n<p><span style=\"font-weight: 400;\">Jei \u017ei\u016brite \u0161i\u0105 med\u017eiag\u0105 ne angl\u0173 kalba, galite per\u017ei\u016br\u0117ti \u012f \u0161\u012f \u0161altin\u012f \u012ftraukt\u0173 vaizdo \u012fra\u0161\u0173 &#8222;YouTube&#8221; grojara\u0161t\u012f ir pasirinkti atitinkam\u0105 subtitr\u0173 kalb\u0105. Taip pat spustel\u0117kite toliau pateiktas nuorodas, jei norite gauti kiekvieno vaizdo \u012fra\u0161o PDF formato scenarijus, kad gal\u0117tum\u0117te naudoti savo vertimo programin\u0119 \u012frang\u0105.<\/span> <\/p>\n<p>Pasirinkite mobili\u0105j\u0105 versij\u0105, jei \u0161\u012f \u0161altin\u012f \u017ei\u016brite mobiliajame telefone arba plan\u0161etiniame kompiuteryje. Jei kyla sunkum\u0173 per\u017ei\u016brint vaizdo \u012fra\u0161us, juos taip pat galite per\u017ei\u016br\u0117ti m\u016bs\u0173 <a href=\"https:\/\/www.youtube.com\/playlist?list=PLeRSjPpAX54dvMPbrnUSZMUzBu635QOgU\">&#8222;YouTube&#8221; grojara\u0161tyje<\/a>.<\/p>\n<p>Kiekvieno vaizdo \u012fra\u0161o stenogramas ir \u017eodyn\u0117l\u012f taip pat galite per\u017ei\u016br\u0117ti toliau pateiktose nuorodose.<\/p>    <\/div>\n<\/div>\n<!-- \/module text -->        <\/div>\n                        <\/div>\n        <\/div>\n                        <div  data-lazy=\"1\" class=\"module_row themify_builder_row tb_cxel86 tf_w\">\n                        <div class=\"row_inner col_align_top tb_col_count_1 tf_box tf_rel\">\n                        <div  data-lazy=\"1\" class=\"module_column tb-column col-full tb_y6hm86 first\">\n                    <!-- module text -->\n<div  class=\"module module-text tb_uqn0528   \" data-lazy=\"1\">\n        <div  class=\"tb_text_wrap\">\n        <h3><span style=\"font-weight: bold;\">Darbalaukio versija<\/span><\/h3>    <\/div>\n<\/div>\n<!-- \/module text --><!-- module plain text -->\n<div  class=\"module module-plain-text tb_5cw9947 \" data-lazy=\"1\">\n        <div class=\"tb_text_wrap\">\n    <iframe loading=\"lazy\" style=\"border: 1px solid #777;\" src=\"https:\/\/indd.adobe.com\/embed\/1af7c271-a581-401d-957c-0ebf70c28de4?startpage=1&#038;allowFullscreen=true\" width=\"650px\" height=\"460px\" frameborder=\"0\" allowfullscreen=\"\"><\/iframe>    <\/div>\n<\/div>\n<!-- \/module plain text --><!-- module text -->\n<div  class=\"module module-text tb_ssqh149   \" data-lazy=\"1\">\n        <div  class=\"tb_text_wrap\">\n        <h3><span style=\"font-weight: bold;\">Mobilioji versija<\/span><\/h3>    <\/div>\n<\/div>\n<!-- \/module text --><!-- module plain text -->\n<div  class=\"module module-plain-text tb_ufoz709 \" data-lazy=\"1\">\n        <div class=\"tb_text_wrap\">\n    <iframe loading=\"lazy\" style=\"border: 1px solid #777;\" src=\"https:\/\/indd.adobe.com\/embed\/de607b94-277c-45d5-85f4-f3529526da05?startpage=1&#038;allowFullscreen=true\" width=\"650px\" height=\"460px\" frameborder=\"0\" allowfullscreen=\"\"><\/iframe>    <\/div>\n<\/div>\n<!-- \/module plain text -->        <\/div>\n                        <\/div>\n        <\/div>\n                        <div  data-lazy=\"1\" class=\"module_row themify_builder_row tb_v11t436 tf_w\">\n                        <div class=\"row_inner col_align_top tb_col_count_1 tf_box tf_rel\">\n                        <div  data-lazy=\"1\" class=\"module_column tb-column col-full tb_b7bu436 first\">\n                            <div  data-lazy=\"1\" class=\"module_subrow themify_builder_sub_row tf_w col_align_top tb_col_count_1 tb_fgd2330\">\n                <div  data-lazy=\"1\" class=\"module_column sub_column col-full tb_o9w0330 first\">\n                    <!-- module text -->\n<div  class=\"module module-text tb_dxsi216   \" data-lazy=\"1\">\n        <div  class=\"tb_text_wrap\">\n        <h5><strong><a href=\"https:\/\/victimcare-dc.org\/wp-content\/uploads\/2024\/02\/Introduction.pdf\">\u012evadas<\/a><\/strong><\/h5>\n<h5><strong><a href=\"https:\/\/victimcare-dc.org\/wp-content\/uploads\/2024\/02\/Reporting-a-Crime.pdf\">Prane\u0161imas apie nusikaltim\u0105<\/a><\/strong><\/h5>\n<h5><strong><a href=\"https:\/\/victimcare-dc.org\/wp-content\/uploads\/2024\/02\/Providing-a-statement.pdf\">Parei\u0161kimo pateikimas<\/a><\/strong><\/h5>\n<h5><strong><a href=\"https:\/\/victimcare-dc.org\/wp-content\/uploads\/2024\/02\/Investigating-a-crime.pdf\">Nusikaltimo tyrimas<\/a><\/strong><\/h5>\n<h5><strong><a href=\"https:\/\/victimcare-dc.org\/wp-content\/uploads\/2024\/02\/Victim-personal-statement.pdf\">Aukos asmeninis parei\u0161kimas<\/a><\/strong><\/h5>\n<h5><strong><a href=\"https:\/\/victimcare-dc.org\/wp-content\/uploads\/2024\/02\/Police-victim-care.pdf\">Policijos r\u016bpinimasis aukomis<\/a><\/strong><\/h5>\n<h5><strong><a href=\"https:\/\/victimcare-dc.org\/wp-content\/uploads\/2024\/02\/Victim-support-services.pdf\">Paramos aukoms paslaugos<\/a><\/strong><\/h5>\n<h5><strong><a href=\"https:\/\/victimcare-dc.org\/wp-content\/uploads\/2024\/02\/Crown-Prosecution-Service.pdf\">Karali\u0161koji prokurat\u016bra<\/a><\/strong><\/h5>\n<h5><strong><a href=\"https:\/\/victimcare-dc.org\/wp-content\/uploads\/2024\/02\/Restorative-justice.pdf\">Atkuriamasis teisingumas<\/a><\/strong><\/h5>\n<h5><strong><a href=\"https:\/\/victimcare-dc.org\/wp-content\/uploads\/2024\/02\/Out-of-court-resolutions.pdf\">Neteisminiai sprendimai<\/a><\/strong><\/h5>\n<h5><strong><a href=\"https:\/\/victimcare-dc.org\/wp-content\/uploads\/2024\/02\/Keeping-you-informed.pdf\">Informuojame jus<\/a><\/strong><\/h5>\n<h5><strong><a href=\"https:\/\/victimcare-dc.org\/wp-content\/uploads\/2024\/02\/Special-measures.pdf\">Specialiosios priemon\u0117s<\/a><\/strong><\/h5>\n<h5><strong><a href=\"https:\/\/victimcare-dc.org\/wp-content\/uploads\/2024\/02\/After-the-trial.pdf\">Po teismo proceso<\/a><\/strong><\/h5>\n<h5><strong><a href=\"https:\/\/victimcare-dc.org\/wp-content\/uploads\/2024\/02\/Prison-and-probation.pdf\">Kal\u0117jimas ir probacija<\/a><\/strong><\/h5>\n<h5><strong><a href=\"https:\/\/victimcare-dc.org\/wp-content\/uploads\/2024\/02\/Youth-Justice-Service.pdf\">Jaunimo teisingumo tarnyba<\/a><\/strong><\/h5>    <\/div>\n<\/div>\n<!-- \/module text -->        <\/div>\n                    <\/div>\n                <\/div>\n                        <\/div>\n        <\/div>\n        <\/div>\n<!--\/themify_builder_content-->","protected":false},"excerpt":{"rendered":"<p>\u0160is interaktyvus \u0161altinis buvo parengtas Vietin\u0117s baud\u017eiamojo teisingumo tarybos vardu bendradarbiaujant su Policijos ir nusikalstamumo komisaro biuru, kad pad\u0117t\u0173 jums [&hellip;]<\/p>\n","protected":false},"author":3,"featured_media":0,"parent":0,"menu_order":0,"comment_status":"closed","ping_status":"closed","template":"","meta":{"footnotes":""},"class_list":["post-3205","page","type-page","status-publish","hentry","has-post-title","has-post-date","has-post-category","has-post-tag","has-post-comment","has-post-author",""],"yoast_head":"<!-- This site is optimized with the Yoast SEO plugin v27.3 - https:\/\/yoast.com\/product\/yoast-seo-wordpress\/ -->\n<title>Baud\u017eiamoji justicija ir j\u016bs - Victim Care Devon &amp; Cornwall<\/title>\n<meta name=\"description\" content=\"Vadovas, padedantis nusikaltim\u0173 aukoms suprasti, kas vyksta kiekviename baud\u017eiamojo teisingumo proceso etape\" \/>\n<meta name=\"robots\" content=\"index, follow, max-snippet:-1, max-image-preview:large, max-video-preview:-1\" \/>\n<link rel=\"canonical\" href=\"https:\/\/victimcare-dc.org\/lt\/baudziamoji-justicija-ir-jus\/\" \/>\n<meta property=\"og:locale\" content=\"lt_LT\" \/>\n<meta property=\"og:type\" content=\"article\" \/>\n<meta property=\"og:title\" content=\"Baud\u017eiamoji justicija ir j\u016bs - Victim Care Devon &amp; Cornwall\" \/>\n<meta property=\"og:description\" content=\"Vadovas, padedantis nusikaltim\u0173 aukoms suprasti, kas vyksta kiekviename baud\u017eiamojo teisingumo proceso etape\" \/>\n<meta property=\"og:url\" content=\"https:\/\/victimcare-dc.org\/lt\/baudziamoji-justicija-ir-jus\/\" \/>\n<meta property=\"og:site_name\" content=\"Victim Care Devon &amp; Cornwall\" \/>\n<meta property=\"article:publisher\" content=\"https:\/\/www.facebook.com\/DCPCC\" \/>\n<meta property=\"article:modified_time\" content=\"2024-03-19T11:27:05+00:00\" \/>\n<meta name=\"twitter:card\" content=\"summary_large_image\" \/>\n<meta name=\"twitter:site\" content=\"@DC_PCC\" \/>\n<meta name=\"twitter:label1\" content=\"Est. reading time\" \/>\n\t<meta name=\"twitter:data1\" content=\"1 minut\u0117\" \/>\n<script type=\"application\/ld+json\" class=\"yoast-schema-graph\">{\"@context\":\"https:\\\/\\\/schema.org\",\"@graph\":[{\"@type\":\"WebPage\",\"@id\":\"https:\\\/\\\/victimcare-dc.org\\\/lt\\\/baudziamoji-justicija-ir-jus\\\/\",\"url\":\"https:\\\/\\\/victimcare-dc.org\\\/lt\\\/baudziamoji-justicija-ir-jus\\\/\",\"name\":\"Baud\u017eiamoji justicija ir j\u016bs - Victim Care Devon &amp; Cornwall\",\"isPartOf\":{\"@id\":\"https:\\\/\\\/victimcare-dc.org\\\/lt\\\/#website\"},\"datePublished\":\"2023-12-07T13:01:43+00:00\",\"dateModified\":\"2024-03-19T11:27:05+00:00\",\"description\":\"Vadovas, padedantis nusikaltim\u0173 aukoms suprasti, kas vyksta kiekviename baud\u017eiamojo teisingumo proceso etape\",\"breadcrumb\":{\"@id\":\"https:\\\/\\\/victimcare-dc.org\\\/lt\\\/baudziamoji-justicija-ir-jus\\\/#breadcrumb\"},\"inLanguage\":\"lt-LT\",\"potentialAction\":[{\"@type\":\"ReadAction\",\"target\":[\"https:\\\/\\\/victimcare-dc.org\\\/lt\\\/baudziamoji-justicija-ir-jus\\\/\"]}]},{\"@type\":\"BreadcrumbList\",\"@id\":\"https:\\\/\\\/victimcare-dc.org\\\/lt\\\/baudziamoji-justicija-ir-jus\\\/#breadcrumb\",\"itemListElement\":[{\"@type\":\"ListItem\",\"position\":1,\"name\":\"Home\",\"item\":\"https:\\\/\\\/victimcare-dc.org\\\/lt\\\/\"},{\"@type\":\"ListItem\",\"position\":2,\"name\":\"Baud\u017eiamoji justicija ir j\u016bs\"}]},{\"@type\":\"WebSite\",\"@id\":\"https:\\\/\\\/victimcare-dc.org\\\/lt\\\/#website\",\"url\":\"https:\\\/\\\/victimcare-dc.org\\\/lt\\\/\",\"name\":\"Victim Care Devon and Cornwall\",\"description\":\"Putting you at the heart of your own care\",\"publisher\":{\"@id\":\"https:\\\/\\\/victimcare-dc.org\\\/lt\\\/#organization\"},\"potentialAction\":[{\"@type\":\"SearchAction\",\"target\":{\"@type\":\"EntryPoint\",\"urlTemplate\":\"https:\\\/\\\/victimcare-dc.org\\\/lt\\\/?s={search_term_string}\"},\"query-input\":{\"@type\":\"PropertyValueSpecification\",\"valueRequired\":true,\"valueName\":\"search_term_string\"}}],\"inLanguage\":\"lt-LT\"},{\"@type\":\"Organization\",\"@id\":\"https:\\\/\\\/victimcare-dc.org\\\/lt\\\/#organization\",\"name\":\"Victim Care Devon and Cornwall\",\"url\":\"https:\\\/\\\/victimcare-dc.org\\\/lt\\\/\",\"logo\":{\"@type\":\"ImageObject\",\"inLanguage\":\"lt-LT\",\"@id\":\"https:\\\/\\\/victimcare-dc.org\\\/lt\\\/#\\\/schema\\\/logo\\\/image\\\/\",\"url\":\"https:\\\/\\\/i0.wp.com\\\/victimcare-dc.org\\\/wp-content\\\/uploads\\\/2023\\\/05\\\/Victim-Care-logo-FINAL-web-1.png?fit=1600%2C1472&ssl=1\",\"contentUrl\":\"https:\\\/\\\/i0.wp.com\\\/victimcare-dc.org\\\/wp-content\\\/uploads\\\/2023\\\/05\\\/Victim-Care-logo-FINAL-web-1.png?fit=1600%2C1472&ssl=1\",\"width\":1600,\"height\":1472,\"caption\":\"Victim Care Devon and Cornwall\"},\"image\":{\"@id\":\"https:\\\/\\\/victimcare-dc.org\\\/lt\\\/#\\\/schema\\\/logo\\\/image\\\/\"},\"sameAs\":[\"https:\\\/\\\/www.facebook.com\\\/DCPCC\",\"https:\\\/\\\/x.com\\\/DC_PCC\"]}]}<\/script>\n<!-- \/ Yoast SEO plugin. -->","yoast_head_json":{"title":"Baud\u017eiamoji justicija ir j\u016bs - Victim Care Devon &amp; Cornwall","description":"Vadovas, padedantis nusikaltim\u0173 aukoms suprasti, kas vyksta kiekviename baud\u017eiamojo teisingumo proceso etape","robots":{"index":"index","follow":"follow","max-snippet":"max-snippet:-1","max-image-preview":"max-image-preview:large","max-video-preview":"max-video-preview:-1"},"canonical":"https:\/\/victimcare-dc.org\/lt\/baudziamoji-justicija-ir-jus\/","og_locale":"lt_LT","og_type":"article","og_title":"Baud\u017eiamoji justicija ir j\u016bs - Victim Care Devon &amp; Cornwall","og_description":"Vadovas, padedantis nusikaltim\u0173 aukoms suprasti, kas vyksta kiekviename baud\u017eiamojo teisingumo proceso etape","og_url":"https:\/\/victimcare-dc.org\/lt\/baudziamoji-justicija-ir-jus\/","og_site_name":"Victim Care Devon &amp; Cornwall","article_publisher":"https:\/\/www.facebook.com\/DCPCC","article_modified_time":"2024-03-19T11:27:05+00:00","twitter_card":"summary_large_image","twitter_site":"@DC_PCC","twitter_misc":{"Est. reading time":"1 minut\u0117"},"schema":{"@context":"https:\/\/schema.org","@graph":[{"@type":"WebPage","@id":"https:\/\/victimcare-dc.org\/lt\/baudziamoji-justicija-ir-jus\/","url":"https:\/\/victimcare-dc.org\/lt\/baudziamoji-justicija-ir-jus\/","name":"Baud\u017eiamoji justicija ir j\u016bs - Victim Care Devon &amp; Cornwall","isPartOf":{"@id":"https:\/\/victimcare-dc.org\/lt\/#website"},"datePublished":"2023-12-07T13:01:43+00:00","dateModified":"2024-03-19T11:27:05+00:00","description":"Vadovas, padedantis nusikaltim\u0173 aukoms suprasti, kas vyksta kiekviename baud\u017eiamojo teisingumo proceso etape","breadcrumb":{"@id":"https:\/\/victimcare-dc.org\/lt\/baudziamoji-justicija-ir-jus\/#breadcrumb"},"inLanguage":"lt-LT","potentialAction":[{"@type":"ReadAction","target":["https:\/\/victimcare-dc.org\/lt\/baudziamoji-justicija-ir-jus\/"]}]},{"@type":"BreadcrumbList","@id":"https:\/\/victimcare-dc.org\/lt\/baudziamoji-justicija-ir-jus\/#breadcrumb","itemListElement":[{"@type":"ListItem","position":1,"name":"Home","item":"https:\/\/victimcare-dc.org\/lt\/"},{"@type":"ListItem","position":2,"name":"Baud\u017eiamoji justicija ir j\u016bs"}]},{"@type":"WebSite","@id":"https:\/\/victimcare-dc.org\/lt\/#website","url":"https:\/\/victimcare-dc.org\/lt\/","name":"Victim Care Devon and Cornwall","description":"Putting you at the heart of your own care","publisher":{"@id":"https:\/\/victimcare-dc.org\/lt\/#organization"},"potentialAction":[{"@type":"SearchAction","target":{"@type":"EntryPoint","urlTemplate":"https:\/\/victimcare-dc.org\/lt\/?s={search_term_string}"},"query-input":{"@type":"PropertyValueSpecification","valueRequired":true,"valueName":"search_term_string"}}],"inLanguage":"lt-LT"},{"@type":"Organization","@id":"https:\/\/victimcare-dc.org\/lt\/#organization","name":"Victim Care Devon and Cornwall","url":"https:\/\/victimcare-dc.org\/lt\/","logo":{"@type":"ImageObject","inLanguage":"lt-LT","@id":"https:\/\/victimcare-dc.org\/lt\/#\/schema\/logo\/image\/","url":"https:\/\/i0.wp.com\/victimcare-dc.org\/wp-content\/uploads\/2023\/05\/Victim-Care-logo-FINAL-web-1.png?fit=1600%2C1472&ssl=1","contentUrl":"https:\/\/i0.wp.com\/victimcare-dc.org\/wp-content\/uploads\/2023\/05\/Victim-Care-logo-FINAL-web-1.png?fit=1600%2C1472&ssl=1","width":1600,"height":1472,"caption":"Victim Care Devon and Cornwall"},"image":{"@id":"https:\/\/victimcare-dc.org\/lt\/#\/schema\/logo\/image\/"},"sameAs":["https:\/\/www.facebook.com\/DCPCC","https:\/\/x.com\/DC_PCC"]}]}},"jetpack_sharing_enabled":true,"builder_content":"<p>\u0160is interaktyvus \u0161altinis buvo parengtas Vietin\u0117s baud\u017eiamojo teisingumo tarybos vardu bendradarbiaujant su Policijos ir nusikalstamumo komisaro biuru, kad pad\u0117t\u0173 jums suprasti visas baud\u017eiamojo teisingumo proceso dalis.<\/p> <p>Kiekvienos m\u016bs\u0173 partneri\u0173 agent\u016bros atstovas papasakos apie savo vaidmen\u012f j\u016bs\u0173 kelion\u0117je, kalb\u0117damas su jumis kaip profesionalas, tiesiogiai susij\u0119s su ta sritimi.<\/p> <p>Taip pat \u012ftrauk\u0117me kai kuriuos partneri\u0173 i\u0161teklius ir naudingas nuorodas, kad gal\u0117tum\u0117te susisiekti su tinkamu asmeniu ir rasti daugiau informacijos apie kiekvien\u0105 \u017eingsn\u012f. <\/p> <p>Jei \u017ei\u016brite \u0161i\u0105 med\u017eiag\u0105 ne angl\u0173 kalba, galite per\u017ei\u016br\u0117ti \u012f \u0161\u012f \u0161altin\u012f \u012ftraukt\u0173 vaizdo \u012fra\u0161\u0173 \"YouTube\" grojara\u0161t\u012f ir pasirinkti atitinkam\u0105 subtitr\u0173 kalb\u0105. Taip pat spustel\u0117kite toliau pateiktas nuorodas, jei norite gauti kiekvieno vaizdo \u012fra\u0161o PDF formato scenarijus, kad gal\u0117tum\u0117te naudoti savo vertimo programin\u0119 \u012frang\u0105. <\/p> <p>Pasirinkite mobili\u0105j\u0105 versij\u0105, jei \u0161\u012f \u0161altin\u012f \u017ei\u016brite mobiliajame telefone arba plan\u0161etiniame kompiuteryje. Jei kyla sunkum\u0173 per\u017ei\u016brint vaizdo \u012fra\u0161us, juos taip pat galite per\u017ei\u016br\u0117ti m\u016bs\u0173 <a href=\"https:\/\/www.youtube.com\/playlist?list=PLeRSjPpAX54dvMPbrnUSZMUzBu635QOgU\">\"YouTube\" grojara\u0161tyje<\/a>.<\/p> <p>Kiekvieno vaizdo \u012fra\u0161o stenogramas ir \u017eodyn\u0117l\u012f taip pat galite per\u017ei\u016br\u0117ti toliau pateiktose nuorodose.<\/p>\n<h3>Darbalaukio versija<\/h3>\n<iframe loading=\"lazy\" style=\"border: 1px solid #777;\" src=\"https:\/\/indd.adobe.com\/embed\/1af7c271-a581-401d-957c-0ebf70c28de4?startpage=1&allowFullscreen=true\" width=\"650px\" height=\"460px\" frameborder=\"0\" allowfullscreen=\"\"><\/iframe>\n<h3>Mobilioji versija<\/h3>\n<iframe loading=\"lazy\" style=\"border: 1px solid #777;\" src=\"https:\/\/indd.adobe.com\/embed\/de607b94-277c-45d5-85f4-f3529526da05?startpage=1&allowFullscreen=true\" width=\"650px\" height=\"460px\" frameborder=\"0\" allowfullscreen=\"\"><\/iframe>\n<h5><strong><a href=\"https:\/\/victimcare-dc.org\/wp-content\/uploads\/2024\/02\/Introduction.pdf\">\u012evadas<\/a><\/strong><\/h5> <h5><strong><a href=\"https:\/\/victimcare-dc.org\/wp-content\/uploads\/2024\/02\/Reporting-a-Crime.pdf\">Prane\u0161imas apie nusikaltim\u0105<\/a><\/strong><\/h5> <h5><strong><a href=\"https:\/\/victimcare-dc.org\/wp-content\/uploads\/2024\/02\/Providing-a-statement.pdf\">Parei\u0161kimo pateikimas<\/a><\/strong><\/h5> <h5><strong><a href=\"https:\/\/victimcare-dc.org\/wp-content\/uploads\/2024\/02\/Investigating-a-crime.pdf\">Nusikaltimo tyrimas<\/a><\/strong><\/h5> <h5><strong><a href=\"https:\/\/victimcare-dc.org\/wp-content\/uploads\/2024\/02\/Victim-personal-statement.pdf\">Aukos asmeninis parei\u0161kimas<\/a><\/strong><\/h5> <h5><strong><a href=\"https:\/\/victimcare-dc.org\/wp-content\/uploads\/2024\/02\/Police-victim-care.pdf\">Policijos r\u016bpinimasis aukomis<\/a><\/strong><\/h5> <h5><strong><a href=\"https:\/\/victimcare-dc.org\/wp-content\/uploads\/2024\/02\/Victim-support-services.pdf\">Paramos aukoms paslaugos<\/a><\/strong><\/h5> <h5><strong><a href=\"https:\/\/victimcare-dc.org\/wp-content\/uploads\/2024\/02\/Crown-Prosecution-Service.pdf\">Karali\u0161koji prokurat\u016bra<\/a><\/strong><\/h5> <h5><strong><a href=\"https:\/\/victimcare-dc.org\/wp-content\/uploads\/2024\/02\/Restorative-justice.pdf\">Atkuriamasis teisingumas<\/a><\/strong><\/h5> <h5><strong><a href=\"https:\/\/victimcare-dc.org\/wp-content\/uploads\/2024\/02\/Out-of-court-resolutions.pdf\">Neteisminiai sprendimai<\/a><\/strong><\/h5> <h5><strong><a href=\"https:\/\/victimcare-dc.org\/wp-content\/uploads\/2024\/02\/Keeping-you-informed.pdf\">Informuojame jus<\/a><\/strong><\/h5> <h5><strong><a href=\"https:\/\/victimcare-dc.org\/wp-content\/uploads\/2024\/02\/Special-measures.pdf\">Specialiosios priemon\u0117s<\/a><\/strong><\/h5> <h5><strong><a href=\"https:\/\/victimcare-dc.org\/wp-content\/uploads\/2024\/02\/After-the-trial.pdf\">Po teismo proceso<\/a><\/strong><\/h5> <h5><strong><a href=\"https:\/\/victimcare-dc.org\/wp-content\/uploads\/2024\/02\/Prison-and-probation.pdf\">Kal\u0117jimas ir probacija<\/a><\/strong><\/h5> <h5><strong><a href=\"https:\/\/victimcare-dc.org\/wp-content\/uploads\/2024\/02\/Youth-Justice-Service.pdf\">Jaunimo teisingumo tarnyba<\/a><\/strong><\/h5>","_links":{"self":[{"href":"https:\/\/victimcare-dc.org\/lt\/wp-json\/wp\/v2\/pages\/3205","targetHints":{"allow":["GET"]}}],"collection":[{"href":"https:\/\/victimcare-dc.org\/lt\/wp-json\/wp\/v2\/pages"}],"about":[{"href":"https:\/\/victimcare-dc.org\/lt\/wp-json\/wp\/v2\/types\/page"}],"author":[{"embeddable":true,"href":"https:\/\/victimcare-dc.org\/lt\/wp-json\/wp\/v2\/users\/3"}],"replies":[{"embeddable":true,"href":"https:\/\/victimcare-dc.org\/lt\/wp-json\/wp\/v2\/comments?post=3205"}],"version-history":[{"count":6,"href":"https:\/\/victimcare-dc.org\/lt\/wp-json\/wp\/v2\/pages\/3205\/revisions"}],"predecessor-version":[{"id":3630,"href":"https:\/\/victimcare-dc.org\/lt\/wp-json\/wp\/v2\/pages\/3205\/revisions\/3630"}],"wp:attachment":[{"href":"https:\/\/victimcare-dc.org\/lt\/wp-json\/wp\/v2\/media?parent=3205"}],"curies":[{"name":"wp","href":"https:\/\/api.w.org\/{rel}","templated":true}]}}