{"id":3293,"date":"2023-10-03T12:07:50","date_gmt":"2023-10-03T12:07:50","guid":{"rendered":"https:\/\/victimcare-dc.org\/atkuriamasis-teisingumas\/"},"modified":"2024-03-12T15:44:27","modified_gmt":"2024-03-12T15:44:27","slug":"atkuriamasis-teisingumas","status":"publish","type":"page","link":"https:\/\/victimcare-dc.org\/lt\/atkuriamasis-teisingumas\/","title":{"rendered":"Atkuriamasis teisingumas"},"content":{"rendered":"<!--themify_builder_content-->\n<div id=\"themify_builder_content-3293\" data-postid=\"3293\" class=\"themify_builder_content themify_builder_content-3293 themify_builder tf_clear\">\n                    <div  data-lazy=\"1\" class=\"module_row themify_builder_row tb_c15k847 tb_first tf_w\">\n                        <div class=\"row_inner col_align_top tb_col_count_1 tf_box tf_rel\">\n                        <div  data-lazy=\"1\" class=\"module_column tb-column col-full tb_gaeo848 first\">\n                    <!-- module image -->\n<div  class=\"module module-image tb_usl0363 image-top   tf_mw\" data-lazy=\"1\">\n        <div class=\"image-wrap tf_rel tf_mw\">\n            <img data-recalc-dims=\"1\" loading=\"lazy\" decoding=\"async\" width=\"1165\" height=\"777\" src=\"https:\/\/i0.wp.com\/victimcare-dc.org\/wp-content\/uploads\/2023\/10\/shutterstock_779179771-scaled.jpg?resize=1165%2C777&#038;ssl=1\" class=\"wp-post-image wp-image-3294\" title=\"Friendly,Man,Sitting,At,Window,In,Loft,Cafe\" alt=\"Friendly,Man,Sitting,At,Window,In,Loft,Cafe\" srcset=\"https:\/\/i0.wp.com\/victimcare-dc.org\/wp-content\/uploads\/2023\/10\/shutterstock_779179771-scaled.jpg?w=2560&amp;ssl=1 2560w, https:\/\/i0.wp.com\/victimcare-dc.org\/wp-content\/uploads\/2023\/10\/shutterstock_779179771-scaled.jpg?resize=300%2C200&amp;ssl=1 300w, https:\/\/i0.wp.com\/victimcare-dc.org\/wp-content\/uploads\/2023\/10\/shutterstock_779179771-scaled.jpg?resize=1024%2C683&amp;ssl=1 1024w, https:\/\/i0.wp.com\/victimcare-dc.org\/wp-content\/uploads\/2023\/10\/shutterstock_779179771-scaled.jpg?resize=768%2C512&amp;ssl=1 768w, https:\/\/i0.wp.com\/victimcare-dc.org\/wp-content\/uploads\/2023\/10\/shutterstock_779179771-scaled.jpg?resize=1536%2C1024&amp;ssl=1 1536w, https:\/\/i0.wp.com\/victimcare-dc.org\/wp-content\/uploads\/2023\/10\/shutterstock_779179771-scaled.jpg?resize=2048%2C1365&amp;ssl=1 2048w, https:\/\/i0.wp.com\/victimcare-dc.org\/wp-content\/uploads\/2023\/10\/shutterstock_779179771-scaled.jpg?w=2330&amp;ssl=1 2330w\" sizes=\"auto, (max-width: 1165px) 100vw, 1165px\" \/>    \n        <\/div>\n    <!-- \/image-wrap -->\n    \n        <\/div>\n<!-- \/module image -->        <\/div>\n                        <\/div>\n        <\/div>\n                        <div  data-lazy=\"1\" class=\"module_row themify_builder_row tb_ltsi868 tf_w\">\n                        <div class=\"row_inner col_align_top tb_col_count_1 tf_box tf_rel\">\n                        <div  data-lazy=\"1\" class=\"module_column tb-column col-full tb_6cbg869 first\">\n                    <!-- module text -->\n<div  class=\"module module-text tb_ek1j384   \" data-lazy=\"1\">\n        <div  class=\"tb_text_wrap\">\n        <div>\n<div class=\"cms-content\">\n<h2>Kas yra atkuriamasis teisingumas?<\/h2>\n<p>Atkuriamasis teisingumas suteikia galimyb\u0119 \u017emon\u0117ms, nukent\u0117jusiems nuo nusikaltimo, ir u\u017e \u017eal\u0105 atsakingiems asmenims pasidalyti tuo, kaip nusikaltimas juos paveik\u0117. Tai leid\u017eia visiems susijusiems asmenims prisid\u0117ti prie \u017ealos atitaisymo ir rasti teigiam\u0105 keli\u0105 \u012f priek\u012f.<\/p>\n<p>Bendravimas gali b\u016bti tiesioginis susitikimas arba lai\u0161kas, \u012fra\u0161ytas garso pokalbis ar vaizdo \u012fra\u0161as.<\/p>\n<p>Visos nusikaltim\u0173 aukos gali siekti atkuriamojo teisingumo, ta\u010diau \u0161is procesas vyks tik tada, jei to nor\u0117s ir auka, ir nusikalt\u0117lis.<\/p>\n<p>Atkuriamasis teisingumas yra visi\u0161kai savanori\u0161kas visiems jo dalyviams. Apmokyti tarpininkai \u012fvertina rizik\u0105 ir u\u017etikrina, kad procesas b\u016bt\u0173 saugus visiems jo dalyviams.<\/p>\n<p>Atkuriamasis teisingumas taikomas bet kokio pob\u016bd\u017eio nusikaltim\u0173 atveju ir bet kuriame baud\u017eiamojo teisingumo proceso etape, \u012fskaitant atvejus, kai nusikalt\u0117lis atlieka laisv\u0117s at\u0117mimo bausm\u0119.<\/p>\n<\/div>\n<\/div>\n<div>\n<div class=\"cms-content\">\n<h2>Atkuriamojo teisingumo nauda<\/h2>\n<p>Atkuriamasis teisingumas suteikia aukai galimyb\u0119 paai\u0161kinti padarytos \u017ealos padarinius, saugiai bendraujant ir gaunant param\u0105 bei padr\u0105sinim\u0105 i\u0161 apmokyt\u0173 tarpinink\u0173. Jie gali papasakoti, kaip d\u0117l to jaut\u0117si, apib\u016bdinti pasekmes, u\u017eduoti klausimus, gauti paai\u0161kinim\u0105 ir, jei nori, pra\u0161yti atsipra\u0161yti.<\/p>\n<p>\u0160is procesas gali suteikti aukoms daugiau gali\u0173 ir pad\u0117ti joms atsigauti po incidento, o dalyvavimas atkuriamajame teisingume neturi \u012ftakos nusikalt\u0117liui skiriamai bausmei.<\/p>\n<p>Nusikalt\u0117liai turi galimyb\u0119 prisiimti atsakomyb\u0119 u\u017e savo veiksmus, pasiai\u0161kinti ir imtis veiksm\u0173 \u017ealai atlyginti. Tai gali pad\u0117ti jiems suprasti, kaip j\u0173 veiksmai paveik\u0117 aukas ir j\u0173 \u0161eimas.  <\/p>\n<p>Tyrimai rodo, kad atkuriamasis teisingumas taip pat ma\u017eina pakartotinio nusikalstamumo atvej\u0173 skai\u010di\u0173.<\/p>\n<\/div>\n<\/div>    <\/div>\n<\/div>\n<!-- \/module text -->        <\/div>\n                        <\/div>\n        <\/div>\n                        <div  data-lazy=\"1\" class=\"module_row themify_builder_row tb_rj4e154 tf_w\">\n                        <div class=\"row_inner col_align_top tb_col_count_1 tf_box tf_rel\">\n                        <div  data-lazy=\"1\" class=\"module_column tb-column col-full tb_5sde154 first\">\n                    <!-- module video -->\n<div  class=\"module module-video tb_7h2f71 video-top  \" data-lazy=\"1\">\n                    <div class=\"video-wrap-outer\">\n            <div class=\"video-wrap tf_rel tf_overflow\">\n                                    <noscript><iframe data-no-script src=\"https:\/\/www.youtube-nocookie.com\/embed\/4-vQ4ixlU_A?pip=1&#038;playsinline=1\" allow=\"accelerometer;encrypted-media;gyroscope;picture-in-picture;fullscreen\" class=\"tf_abs tf_w tf_h\"><\/iframe><\/noscript>\n                                <\/div>\n            <!-- \/video-wrap -->\n        <\/div>\n        <!-- \/video-wrap-outer -->\n            <\/div>\n        <\/div>\n                        <\/div>\n        <\/div>\n                        <div  data-lazy=\"1\" class=\"module_row themify_builder_row tb_ernb454 tf_w\">\n                        <div class=\"row_inner col_align_top tb_col_count_1 tf_box tf_rel\">\n                        <div  data-lazy=\"1\" class=\"module_column tb-column col-full tb_de38454 first\">\n                    <!-- module text -->\n<div  class=\"module module-text tb_f7cf24   \" data-lazy=\"1\">\n        <div  class=\"tb_text_wrap\">\n        <h2>Kaip kreiptis d\u0117l atkuriamojo teisingumo<\/h2>\n<p>Kreipkit\u0117s \u012f Nukent\u0117jusi\u0173j\u0173 prie\u017ei\u016bros skyri\u0173, kuris gali pasir\u016bpinti atkuriamuoju teisingumu ir pad\u0117ti atsakyti \u012f visus jums r\u016bpimus klausimus.<\/p>\n<p>Galite <a href=\"mailto:victimservices@dc.police.uk\" target=\"_blank\" rel=\"noopener\">ra\u0161yti el. pa\u0161tu<\/a> arba skambinti telefonu <a href=\"tel:01392%20475900\">01392 475900<\/a> nuo 8 iki 20 val. nuo pirmadienio iki penktadienio ir nuo 9 iki 17 val. savaitgal\u012f bei \u0161ven\u010di\u0173 dienomis.<\/p>\n<p>Jei nuspr\u0119site, kad norite dalyvauti atkuriamojo teisingumo procese, jums pad\u0117s m\u016bs\u0173 specializuota atkuriamojo teisingumo tarnyba &#8221; <a class=\"external-link\" href=\"https:\/\/www.shekinah.co.uk\/make-amends\" target=\"_blank\" rel=\"external noopener\" aria-label=\"Make Amends - This link will open in a new window\" data-gtm-link=\"offsite\">Make Amends&#8221;<\/a>.  <\/p>    <\/div>\n<\/div>\n<!-- \/module text -->        <\/div>\n                        <\/div>\n        <\/div>\n        <\/div>\n<!--\/themify_builder_content-->","protected":false},"excerpt":{"rendered":"<p>Kas yra atkuriamasis teisingumas? Atkuriamasis teisingumas suteikia galimyb\u0119 \u017emon\u0117ms, nukent\u0117jusiems nuo nusikaltimo, ir u\u017e \u017eal\u0105 atsakingiems asmenims pasidalyti tuo, kaip [&hellip;]<\/p>\n","protected":false},"author":3,"featured_media":0,"parent":0,"menu_order":0,"comment_status":"closed","ping_status":"closed","template":"","meta":{"footnotes":""},"class_list":["post-3293","page","type-page","status-publish","hentry","has-post-title","has-post-date","has-post-category","has-post-tag","has-post-comment","has-post-author",""],"yoast_head":"<!-- This site is optimized with the Yoast SEO plugin v27.3 - https:\/\/yoast.com\/product\/yoast-seo-wordpress\/ -->\n<title>Atkuriamasis teisingumas - Victim Care Devon &amp; Cornwall<\/title>\n<meta name=\"description\" content=\"Access specialist support and information for victims of crime, even if you haven&#039;t reported to police.\" \/>\n<meta name=\"robots\" content=\"index, follow, max-snippet:-1, max-image-preview:large, max-video-preview:-1\" \/>\n<link rel=\"canonical\" href=\"https:\/\/victimcare-dc.org\/lt\/atkuriamasis-teisingumas\/\" \/>\n<meta property=\"og:locale\" content=\"lt_LT\" \/>\n<meta property=\"og:type\" content=\"article\" \/>\n<meta property=\"og:title\" content=\"Atkuriamasis teisingumas - Victim Care Devon &amp; Cornwall\" \/>\n<meta property=\"og:description\" content=\"Access specialist support and information for victims of crime, even if you haven&#039;t reported to police.\" \/>\n<meta property=\"og:url\" content=\"https:\/\/victimcare-dc.org\/lt\/atkuriamasis-teisingumas\/\" \/>\n<meta property=\"og:site_name\" content=\"Victim Care Devon &amp; Cornwall\" \/>\n<meta property=\"article:publisher\" content=\"https:\/\/www.facebook.com\/DCPCC\" \/>\n<meta property=\"article:modified_time\" content=\"2024-03-12T15:44:27+00:00\" \/>\n<meta property=\"og:image\" content=\"https:\/\/victimcare-dc.org\/wp-content\/uploads\/2023\/10\/shutterstock_779179771-scaled.jpg\" \/>\n<meta name=\"twitter:card\" content=\"summary_large_image\" \/>\n<meta name=\"twitter:site\" content=\"@DC_PCC\" \/>\n<meta name=\"twitter:label1\" content=\"Est. reading time\" \/>\n\t<meta name=\"twitter:data1\" content=\"2 minut\u0117s\" \/>\n<script type=\"application\/ld+json\" class=\"yoast-schema-graph\">{\"@context\":\"https:\\\/\\\/schema.org\",\"@graph\":[{\"@type\":\"WebPage\",\"@id\":\"https:\\\/\\\/victimcare-dc.org\\\/lt\\\/atkuriamasis-teisingumas\\\/\",\"url\":\"https:\\\/\\\/victimcare-dc.org\\\/lt\\\/atkuriamasis-teisingumas\\\/\",\"name\":\"Atkuriamasis teisingumas - Victim Care Devon &amp; Cornwall\",\"isPartOf\":{\"@id\":\"https:\\\/\\\/victimcare-dc.org\\\/lt\\\/#website\"},\"primaryImageOfPage\":{\"@id\":\"https:\\\/\\\/victimcare-dc.org\\\/lt\\\/atkuriamasis-teisingumas\\\/#primaryimage\"},\"image\":{\"@id\":\"https:\\\/\\\/victimcare-dc.org\\\/lt\\\/atkuriamasis-teisingumas\\\/#primaryimage\"},\"thumbnailUrl\":\"https:\\\/\\\/victimcare-dc.org\\\/wp-content\\\/uploads\\\/2023\\\/10\\\/shutterstock_779179771-scaled.jpg\",\"datePublished\":\"2023-10-03T12:07:50+00:00\",\"dateModified\":\"2024-03-12T15:44:27+00:00\",\"description\":\"Access specialist support and information for victims of crime, even if you haven't reported to police.\",\"breadcrumb\":{\"@id\":\"https:\\\/\\\/victimcare-dc.org\\\/lt\\\/atkuriamasis-teisingumas\\\/#breadcrumb\"},\"inLanguage\":\"lt-LT\",\"potentialAction\":[{\"@type\":\"ReadAction\",\"target\":[\"https:\\\/\\\/victimcare-dc.org\\\/lt\\\/atkuriamasis-teisingumas\\\/\"]}]},{\"@type\":\"ImageObject\",\"inLanguage\":\"lt-LT\",\"@id\":\"https:\\\/\\\/victimcare-dc.org\\\/lt\\\/atkuriamasis-teisingumas\\\/#primaryimage\",\"url\":\"https:\\\/\\\/victimcare-dc.org\\\/wp-content\\\/uploads\\\/2023\\\/10\\\/shutterstock_779179771-scaled.jpg\",\"contentUrl\":\"https:\\\/\\\/victimcare-dc.org\\\/wp-content\\\/uploads\\\/2023\\\/10\\\/shutterstock_779179771-scaled.jpg\"},{\"@type\":\"BreadcrumbList\",\"@id\":\"https:\\\/\\\/victimcare-dc.org\\\/lt\\\/atkuriamasis-teisingumas\\\/#breadcrumb\",\"itemListElement\":[{\"@type\":\"ListItem\",\"position\":1,\"name\":\"Home\",\"item\":\"https:\\\/\\\/victimcare-dc.org\\\/lt\\\/\"},{\"@type\":\"ListItem\",\"position\":2,\"name\":\"Atkuriamasis teisingumas\"}]},{\"@type\":\"WebSite\",\"@id\":\"https:\\\/\\\/victimcare-dc.org\\\/lt\\\/#website\",\"url\":\"https:\\\/\\\/victimcare-dc.org\\\/lt\\\/\",\"name\":\"Victim Care Devon and Cornwall\",\"description\":\"Putting you at the heart of your own care\",\"publisher\":{\"@id\":\"https:\\\/\\\/victimcare-dc.org\\\/lt\\\/#organization\"},\"potentialAction\":[{\"@type\":\"SearchAction\",\"target\":{\"@type\":\"EntryPoint\",\"urlTemplate\":\"https:\\\/\\\/victimcare-dc.org\\\/lt\\\/?s={search_term_string}\"},\"query-input\":{\"@type\":\"PropertyValueSpecification\",\"valueRequired\":true,\"valueName\":\"search_term_string\"}}],\"inLanguage\":\"lt-LT\"},{\"@type\":\"Organization\",\"@id\":\"https:\\\/\\\/victimcare-dc.org\\\/lt\\\/#organization\",\"name\":\"Victim Care Devon and Cornwall\",\"url\":\"https:\\\/\\\/victimcare-dc.org\\\/lt\\\/\",\"logo\":{\"@type\":\"ImageObject\",\"inLanguage\":\"lt-LT\",\"@id\":\"https:\\\/\\\/victimcare-dc.org\\\/lt\\\/#\\\/schema\\\/logo\\\/image\\\/\",\"url\":\"https:\\\/\\\/i0.wp.com\\\/victimcare-dc.org\\\/wp-content\\\/uploads\\\/2023\\\/05\\\/Victim-Care-logo-FINAL-web-1.png?fit=1600%2C1472&ssl=1\",\"contentUrl\":\"https:\\\/\\\/i0.wp.com\\\/victimcare-dc.org\\\/wp-content\\\/uploads\\\/2023\\\/05\\\/Victim-Care-logo-FINAL-web-1.png?fit=1600%2C1472&ssl=1\",\"width\":1600,\"height\":1472,\"caption\":\"Victim Care Devon and Cornwall\"},\"image\":{\"@id\":\"https:\\\/\\\/victimcare-dc.org\\\/lt\\\/#\\\/schema\\\/logo\\\/image\\\/\"},\"sameAs\":[\"https:\\\/\\\/www.facebook.com\\\/DCPCC\",\"https:\\\/\\\/x.com\\\/DC_PCC\"]}]}<\/script>\n<!-- \/ Yoast SEO plugin. -->","yoast_head_json":{"title":"Atkuriamasis teisingumas - Victim Care Devon &amp; Cornwall","description":"Access specialist support and information for victims of crime, even if you haven't reported to police.","robots":{"index":"index","follow":"follow","max-snippet":"max-snippet:-1","max-image-preview":"max-image-preview:large","max-video-preview":"max-video-preview:-1"},"canonical":"https:\/\/victimcare-dc.org\/lt\/atkuriamasis-teisingumas\/","og_locale":"lt_LT","og_type":"article","og_title":"Atkuriamasis teisingumas - Victim Care Devon &amp; Cornwall","og_description":"Access specialist support and information for victims of crime, even if you haven't reported to police.","og_url":"https:\/\/victimcare-dc.org\/lt\/atkuriamasis-teisingumas\/","og_site_name":"Victim Care Devon &amp; Cornwall","article_publisher":"https:\/\/www.facebook.com\/DCPCC","article_modified_time":"2024-03-12T15:44:27+00:00","og_image":[{"url":"https:\/\/victimcare-dc.org\/wp-content\/uploads\/2023\/10\/shutterstock_779179771-scaled.jpg","type":"","width":"","height":""}],"twitter_card":"summary_large_image","twitter_site":"@DC_PCC","twitter_misc":{"Est. reading time":"2 minut\u0117s"},"schema":{"@context":"https:\/\/schema.org","@graph":[{"@type":"WebPage","@id":"https:\/\/victimcare-dc.org\/lt\/atkuriamasis-teisingumas\/","url":"https:\/\/victimcare-dc.org\/lt\/atkuriamasis-teisingumas\/","name":"Atkuriamasis teisingumas - Victim Care Devon &amp; Cornwall","isPartOf":{"@id":"https:\/\/victimcare-dc.org\/lt\/#website"},"primaryImageOfPage":{"@id":"https:\/\/victimcare-dc.org\/lt\/atkuriamasis-teisingumas\/#primaryimage"},"image":{"@id":"https:\/\/victimcare-dc.org\/lt\/atkuriamasis-teisingumas\/#primaryimage"},"thumbnailUrl":"https:\/\/victimcare-dc.org\/wp-content\/uploads\/2023\/10\/shutterstock_779179771-scaled.jpg","datePublished":"2023-10-03T12:07:50+00:00","dateModified":"2024-03-12T15:44:27+00:00","description":"Access specialist support and information for victims of crime, even if you haven't reported to police.","breadcrumb":{"@id":"https:\/\/victimcare-dc.org\/lt\/atkuriamasis-teisingumas\/#breadcrumb"},"inLanguage":"lt-LT","potentialAction":[{"@type":"ReadAction","target":["https:\/\/victimcare-dc.org\/lt\/atkuriamasis-teisingumas\/"]}]},{"@type":"ImageObject","inLanguage":"lt-LT","@id":"https:\/\/victimcare-dc.org\/lt\/atkuriamasis-teisingumas\/#primaryimage","url":"https:\/\/victimcare-dc.org\/wp-content\/uploads\/2023\/10\/shutterstock_779179771-scaled.jpg","contentUrl":"https:\/\/victimcare-dc.org\/wp-content\/uploads\/2023\/10\/shutterstock_779179771-scaled.jpg"},{"@type":"BreadcrumbList","@id":"https:\/\/victimcare-dc.org\/lt\/atkuriamasis-teisingumas\/#breadcrumb","itemListElement":[{"@type":"ListItem","position":1,"name":"Home","item":"https:\/\/victimcare-dc.org\/lt\/"},{"@type":"ListItem","position":2,"name":"Atkuriamasis teisingumas"}]},{"@type":"WebSite","@id":"https:\/\/victimcare-dc.org\/lt\/#website","url":"https:\/\/victimcare-dc.org\/lt\/","name":"Victim Care Devon and Cornwall","description":"Putting you at the heart of your own care","publisher":{"@id":"https:\/\/victimcare-dc.org\/lt\/#organization"},"potentialAction":[{"@type":"SearchAction","target":{"@type":"EntryPoint","urlTemplate":"https:\/\/victimcare-dc.org\/lt\/?s={search_term_string}"},"query-input":{"@type":"PropertyValueSpecification","valueRequired":true,"valueName":"search_term_string"}}],"inLanguage":"lt-LT"},{"@type":"Organization","@id":"https:\/\/victimcare-dc.org\/lt\/#organization","name":"Victim Care Devon and Cornwall","url":"https:\/\/victimcare-dc.org\/lt\/","logo":{"@type":"ImageObject","inLanguage":"lt-LT","@id":"https:\/\/victimcare-dc.org\/lt\/#\/schema\/logo\/image\/","url":"https:\/\/i0.wp.com\/victimcare-dc.org\/wp-content\/uploads\/2023\/05\/Victim-Care-logo-FINAL-web-1.png?fit=1600%2C1472&ssl=1","contentUrl":"https:\/\/i0.wp.com\/victimcare-dc.org\/wp-content\/uploads\/2023\/05\/Victim-Care-logo-FINAL-web-1.png?fit=1600%2C1472&ssl=1","width":1600,"height":1472,"caption":"Victim Care Devon and Cornwall"},"image":{"@id":"https:\/\/victimcare-dc.org\/lt\/#\/schema\/logo\/image\/"},"sameAs":["https:\/\/www.facebook.com\/DCPCC","https:\/\/x.com\/DC_PCC"]}]}},"jetpack_sharing_enabled":true,"builder_content":"<img src=\"https:\/\/victimcare-dc.org\/wp-content\/uploads\/2023\/10\/shutterstock_779179771-scaled.jpg\" title=\"Friendly,Man,Sitting,At,Window,In,Loft,Cafe\" alt=\"Friendly,Man,Sitting,At,Window,In,Loft,Cafe\" srcset=\"https:\/\/i0.wp.com\/victimcare-dc.org\/wp-content\/uploads\/2023\/10\/shutterstock_779179771-scaled.jpg?w=2560&amp;ssl=1 2560w, https:\/\/i0.wp.com\/victimcare-dc.org\/wp-content\/uploads\/2023\/10\/shutterstock_779179771-scaled.jpg?resize=300%2C200&amp;ssl=1 300w, https:\/\/i0.wp.com\/victimcare-dc.org\/wp-content\/uploads\/2023\/10\/shutterstock_779179771-scaled.jpg?resize=1024%2C683&amp;ssl=1 1024w, https:\/\/i0.wp.com\/victimcare-dc.org\/wp-content\/uploads\/2023\/10\/shutterstock_779179771-scaled.jpg?resize=768%2C512&amp;ssl=1 768w, https:\/\/i0.wp.com\/victimcare-dc.org\/wp-content\/uploads\/2023\/10\/shutterstock_779179771-scaled.jpg?resize=1536%2C1024&amp;ssl=1 1536w, https:\/\/i0.wp.com\/victimcare-dc.org\/wp-content\/uploads\/2023\/10\/shutterstock_779179771-scaled.jpg?resize=2048%2C1365&amp;ssl=1 2048w, https:\/\/i0.wp.com\/victimcare-dc.org\/wp-content\/uploads\/2023\/10\/shutterstock_779179771-scaled.jpg?w=2330&amp;ssl=1 2330w\" sizes=\"(max-width: 2560px) 100vw, 2560px\" \/>\n<h2>Kas yra atkuriamasis teisingumas?<\/h2> <p>Atkuriamasis teisingumas suteikia galimyb\u0119 \u017emon\u0117ms, nukent\u0117jusiems nuo nusikaltimo, ir u\u017e \u017eal\u0105 atsakingiems asmenims pasidalyti tuo, kaip nusikaltimas juos paveik\u0117. Tai leid\u017eia visiems susijusiems asmenims prisid\u0117ti prie \u017ealos atitaisymo ir rasti teigiam\u0105 keli\u0105 \u012f priek\u012f.<\/p> <p>Bendravimas gali b\u016bti tiesioginis susitikimas arba lai\u0161kas, \u012fra\u0161ytas garso pokalbis ar vaizdo \u012fra\u0161as.<\/p> <p>Visos nusikaltim\u0173 aukos gali siekti atkuriamojo teisingumo, ta\u010diau \u0161is procesas vyks tik tada, jei to nor\u0117s ir auka, ir nusikalt\u0117lis.<\/p> <p>Atkuriamasis teisingumas yra visi\u0161kai savanori\u0161kas visiems jo dalyviams. Apmokyti tarpininkai \u012fvertina rizik\u0105 ir u\u017etikrina, kad procesas b\u016bt\u0173 saugus visiems jo dalyviams.<\/p> <p>Atkuriamasis teisingumas taikomas bet kokio pob\u016bd\u017eio nusikaltim\u0173 atveju ir bet kuriame baud\u017eiamojo teisingumo proceso etape, \u012fskaitant atvejus, kai nusikalt\u0117lis atlieka laisv\u0117s at\u0117mimo bausm\u0119.<\/p>\n<h2>Atkuriamojo teisingumo nauda<\/h2> <p>Atkuriamasis teisingumas suteikia aukai galimyb\u0119 paai\u0161kinti padarytos \u017ealos padarinius, saugiai bendraujant ir gaunant param\u0105 bei padr\u0105sinim\u0105 i\u0161 apmokyt\u0173 tarpinink\u0173. Jie gali papasakoti, kaip d\u0117l to jaut\u0117si, apib\u016bdinti pasekmes, u\u017eduoti klausimus, gauti paai\u0161kinim\u0105 ir, jei nori, pra\u0161yti atsipra\u0161yti.<\/p> <p>\u0160is procesas gali suteikti aukoms daugiau gali\u0173 ir pad\u0117ti joms atsigauti po incidento, o dalyvavimas atkuriamajame teisingume neturi \u012ftakos nusikalt\u0117liui skiriamai bausmei.<\/p> <p>Nusikalt\u0117liai turi galimyb\u0119 prisiimti atsakomyb\u0119 u\u017e savo veiksmus, pasiai\u0161kinti ir imtis veiksm\u0173 \u017ealai atlyginti. Tai gali pad\u0117ti jiems suprasti, kaip j\u0173 veiksmai paveik\u0117 aukas ir j\u0173 \u0161eimas. <\/p> <p>Tyrimai rodo, kad atkuriamasis teisingumas taip pat ma\u017eina pakartotinio nusikalstamumo atvej\u0173 skai\u010di\u0173.<\/p>\n[embed]https:\/\/youtu.be\/4-vQ4ixlU_A[\/embed]\n<h2>Kaip kreiptis d\u0117l atkuriamojo teisingumo<\/h2> <p>Kreipkit\u0117s \u012f Nukent\u0117jusi\u0173j\u0173 prie\u017ei\u016bros skyri\u0173, kuris gali pasir\u016bpinti atkuriamuoju teisingumu ir pad\u0117ti atsakyti \u012f visus jums r\u016bpimus klausimus.<\/p> <p>Galite <a href=\"mailto:victimservices@dc.police.uk\" target=\"_blank\" rel=\"noopener\">ra\u0161yti el. pa\u0161tu<\/a> arba skambinti telefonu <a href=\"tel:01392%20475900\">01392 475900<\/a> nuo 8 iki 20 val. nuo pirmadienio iki penktadienio ir nuo 9 iki 17 val. savaitgal\u012f bei \u0161ven\u010di\u0173 dienomis.<\/p> <p>Jei nuspr\u0119site, kad norite dalyvauti atkuriamojo teisingumo procese, jums pad\u0117s m\u016bs\u0173 specializuota atkuriamojo teisingumo tarnyba \" <a href=\"https:\/\/www.shekinah.co.uk\/make-amends\" target=\"_blank\" rel=\"external noopener\" aria-label=\"Make Amends - This link will open in a new window\" data-gtm-link=\"offsite\">Make Amends\"<\/a>. <\/p>","_links":{"self":[{"href":"https:\/\/victimcare-dc.org\/lt\/wp-json\/wp\/v2\/pages\/3293","targetHints":{"allow":["GET"]}}],"collection":[{"href":"https:\/\/victimcare-dc.org\/lt\/wp-json\/wp\/v2\/pages"}],"about":[{"href":"https:\/\/victimcare-dc.org\/lt\/wp-json\/wp\/v2\/types\/page"}],"author":[{"embeddable":true,"href":"https:\/\/victimcare-dc.org\/lt\/wp-json\/wp\/v2\/users\/3"}],"replies":[{"embeddable":true,"href":"https:\/\/victimcare-dc.org\/lt\/wp-json\/wp\/v2\/comments?post=3293"}],"version-history":[{"count":2,"href":"https:\/\/victimcare-dc.org\/lt\/wp-json\/wp\/v2\/pages\/3293\/revisions"}],"predecessor-version":[{"id":3634,"href":"https:\/\/victimcare-dc.org\/lt\/wp-json\/wp\/v2\/pages\/3293\/revisions\/3634"}],"wp:attachment":[{"href":"https:\/\/victimcare-dc.org\/lt\/wp-json\/wp\/v2\/media?parent=3293"}],"curies":[{"name":"wp","href":"https:\/\/api.w.org\/{rel}","templated":true}]}}