{"id":3513,"date":"2023-04-14T14:18:26","date_gmt":"2023-04-14T14:18:26","guid":{"rendered":"https:\/\/victimcare-dc.org\/pagalba-remejams\/"},"modified":"2024-03-12T15:35:50","modified_gmt":"2024-03-12T15:35:50","slug":"pagalba-remejams","status":"publish","type":"page","link":"https:\/\/victimcare-dc.org\/lt\/pagalba-remejams\/","title":{"rendered":"Pagalba r\u0117m\u0117jams"},"content":{"rendered":"<!--themify_builder_content-->\n<div id=\"themify_builder_content-3513\" data-postid=\"3513\" class=\"themify_builder_content themify_builder_content-3513 themify_builder tf_clear\">\n                    <div  data-lazy=\"1\" class=\"module_row themify_builder_row tb_7ggw448 tb_first tf_w\">\n                        <div class=\"row_inner col_align_top tb_col_count_1 tf_box tf_rel\">\n                        <div  data-lazy=\"1\" class=\"module_column tb-column col-full tb_te72448 first\">\n                    <!-- module image -->\n<div  class=\"module module-image tb_vg97804 image-center   auto_fullwidth tf_mw wow\" data-tf-animation=\"slideInLeft\" data-lazy=\"1\">\n        <div class=\"image-wrap tf_rel tf_mw\">\n            <img data-recalc-dims=\"1\" loading=\"lazy\" decoding=\"async\" src=\"https:\/\/i0.wp.com\/victimcare-dc.org\/wp-content\/uploads\/2023\/04\/shutterstock_1332865433-1024x683.jpg?resize=888%2C474&#038;ssl=1\" width=\"888\" height=\"474\" class=\"wp-post-image wp-image-812\" title=\"Pagalba r\u0117m\u0117jams\" alt=\"Pagalba r\u0117m\u0117jams\" srcset=\"https:\/\/i0.wp.com\/victimcare-dc.org\/wp-content\/uploads\/2023\/04\/shutterstock_1332865433-scaled.jpg?resize=888%2C474&amp;ssl=1 888w, https:\/\/i0.wp.com\/victimcare-dc.org\/wp-content\/uploads\/2023\/04\/shutterstock_1332865433-scaled.jpg?zoom=2&amp;resize=888%2C474&amp;ssl=1 1776w\" sizes=\"auto, (max-width: 888px) 100vw, 888px\" \/>    \n        <\/div>\n    <!-- \/image-wrap -->\n    \n        <\/div>\n<!-- \/module image -->        <\/div>\n                        <\/div>\n        <\/div>\n                        <div  data-lazy=\"1\" class=\"module_row themify_builder_row tb_i4et419 tf_w\">\n                        <div class=\"row_inner col_align_top tb_col_count_1 tf_box tf_rel\">\n                        <div  data-lazy=\"1\" class=\"module_column tb-column col-full tb_zfl1419 first\">\n                    <!-- module text -->\n<div  class=\"module module-text tb_g9yb346   \" data-lazy=\"1\">\n        <div  class=\"tb_text_wrap\">\n        <h3>K\u0105 daryti, jei nerimauju d\u0117l kito \u017emogaus?<\/h3>\n<p><span style=\"font-weight: 400;\">Galb\u016bt apsilank\u0117te m\u016bs\u0173 svetain\u0117je, nes nerimaujate d\u0117l kito \u017emogaus, kuris nukent\u0117jo nuo nusikaltimo. Arba jums gali prireikti paramos, nes remiate kit\u0105 \u017emog\u0173. Pripa\u017e\u012fstame, kad gali b\u016bti sunku pad\u0117ti nusikaltimo auka tapusiam \u017emogui ir kad jums taip pat svarbu gauti reikiam\u0105 pagalb\u0105 ir param\u0105.  <\/span><\/p>\n<p><span style=\"font-weight: 400;\">Suprantame, kad galite b\u016bti vienintelis \u017emogus, kuris \u017eino, kas nutiko, ir galite pad\u0117ti asmeniui, kuriuo r\u016bpinat\u0117s, priimti svarbius sprendimus d\u0117l to, ko jam reikia.  <\/span><\/p>    <\/div>\n<\/div>\n<!-- \/module text -->        <\/div>\n                        <\/div>\n        <\/div>\n                        <div  data-css_id=\"k46w26\" data-lazy=\"1\" class=\"module_row themify_builder_row fullwidth tb_k46w26 tf_w\">\n                        <div class=\"row_inner col_align_top tb_col_count_1 tf_box tf_rel\">\n                        <div  data-lazy=\"1\" class=\"module_column tb-column col-full tb_41q0916 first\">\n                    <!-- module text -->\n<div  class=\"module module-text tb_qghx916   \" data-lazy=\"1\">\n        <div  class=\"tb_text_wrap\">\n        <h3 style=\"text-align: center;\"><span style=\"color: #ffffff;\">Gera \u017einia ta, kad Paramos aukoms tarnyba taip pat padeda draugams, \u0161eimos nariams ir visiems kitiems su nusikaltimu susijusiems asmenims. Jums tereikia nurodyti tuos pa\u010dius kontaktinius duomenis, kad gal\u0117tum\u0117te pasikalb\u0117ti su pagalbos nukent\u0117jusiesiems tarnybos darbuotoju, kuris gali pad\u0117ti.<\/span><\/h3>    <\/div>\n<\/div>\n<!-- \/module text --><!-- module buttons -->\n<div  class=\"module module-buttons tb_o8dy916 buttons-horizontal outline  xlarge circle buttons-fullwidth\" data-lazy=\"1\">\n        <div class=\"module-buttons-item tf_in_flx\">\n                        <a href=\"https:\/\/www.victimsupport.org.uk\/\" class=\"ui builder_button tf_in_flx tb_default_color\" >\n                                                apsilankykite paramos aukoms tarnyboje                                        <\/a>\n                <\/div>\n            <\/div>\n<!-- \/module buttons -->\n        <\/div>\n                        <\/div>\n        <\/div>\n                        <div  data-lazy=\"1\" class=\"module_row themify_builder_row tb_1b3f401 tf_w\">\n                        <div class=\"row_inner col_align_top tb_col_count_1 tf_box tf_rel\">\n                        <div  data-lazy=\"1\" class=\"module_column tb-column col-full tb_sl3p401 first\">\n                    <!-- module text -->\n<div  class=\"module module-text tb_oif3219   \" data-lazy=\"1\">\n        <div  class=\"tb_text_wrap\">\n        <p>Galite ne tik naudotis pagalbos linijomis ir tiesioginio pokalbio paslauga, bet ir prisijungti prie &#8222;Mano palaikymo erdv\u0117s&#8221;. Paramos aukoms tarnyba teikia daug nauding\u0173 internetini\u0173 savipagalbos i\u0161tekli\u0173 ir vadov\u0173. Tai, be kita ko, vadovai, kaip kalb\u0117tis su vaikais, kaip kalb\u0117tis su nuo nusikaltim\u0173 nukent\u0117jusiais \u017emon\u0117mis, kaip atpa\u017einti smurto \u0161eimoje po\u017eymius.<\/p>    <\/div>\n<\/div>\n<!-- \/module text -->        <\/div>\n                        <\/div>\n        <\/div>\n                        <div  data-lazy=\"1\" class=\"module_row themify_builder_row tb_lcgl306 tf_w\">\n                        <div class=\"row_inner col_align_top tb_col_count_1 tf_box tf_rel\">\n                        <div  data-lazy=\"1\" class=\"module_column tb-column col-full tb_eq71306 first\">\n                            <div  data-lazy=\"1\" class=\"module_subrow themify_builder_sub_row tf_w col_align_top tb_col_count_1 tb_hmsb306\">\n                <div  data-lazy=\"1\" class=\"module_column sub_column col-full tb_dw8c306 first\">\n                    <!-- module buttons -->\n<div  class=\"module module-buttons tb_xpip306 buttons-horizontal outline  xlarge circle buttons-fullwidth\" data-lazy=\"1\">\n        <div class=\"module-buttons-item tf_in_flx\">\n                        <a href=\"https:\/\/www.mysupportspace.org.uk\/\" class=\"ui builder_button tf_in_flx black\" >\n                                                APSILANKYKITE MANO PARAMOS ERDV\u0116JE                                        <\/a>\n                <\/div>\n            <\/div>\n<!-- \/module buttons -->\n        <\/div>\n                    <\/div>\n                <\/div>\n                        <\/div>\n        <\/div>\n        <\/div>\n<!--\/themify_builder_content-->","protected":false},"excerpt":{"rendered":"<p>K\u0105 daryti, jei nerimauju d\u0117l kito \u017emogaus? Galb\u016bt apsilank\u0117te m\u016bs\u0173 svetain\u0117je, nes nerimaujate d\u0117l kito \u017emogaus, kuris nukent\u0117jo nuo nusikaltimo. [&hellip;]<\/p>\n","protected":false},"author":1,"featured_media":0,"parent":0,"menu_order":0,"comment_status":"closed","ping_status":"closed","template":"","meta":{"footnotes":""},"class_list":["post-3513","page","type-page","status-publish","hentry","has-post-title","has-post-date","has-post-category","has-post-tag","has-post-comment","has-post-author",""],"yoast_head":"<!-- This site is optimized with the Yoast SEO plugin v27.5 - https:\/\/yoast.com\/product\/yoast-seo-wordpress\/ -->\n<title>Pagalba r\u0117m\u0117jams - Victim Care Devon &amp; Cornwall<\/title>\n<meta name=\"description\" content=\"Access specialist support and information for victims of crime, even if you haven&#039;t reported to police.\" \/>\n<meta name=\"robots\" content=\"index, follow, max-snippet:-1, max-image-preview:large, max-video-preview:-1\" \/>\n<link rel=\"canonical\" href=\"https:\/\/victimcare-dc.org\/lt\/pagalba-remejams\/\" \/>\n<meta property=\"og:locale\" content=\"lt_LT\" \/>\n<meta property=\"og:type\" content=\"article\" \/>\n<meta property=\"og:title\" content=\"Pagalba r\u0117m\u0117jams - Victim Care Devon &amp; Cornwall\" \/>\n<meta property=\"og:description\" content=\"Access specialist support and information for victims of crime, even if you haven&#039;t reported to police.\" \/>\n<meta property=\"og:url\" content=\"https:\/\/victimcare-dc.org\/lt\/pagalba-remejams\/\" \/>\n<meta property=\"og:site_name\" content=\"Victim Care Devon &amp; Cornwall\" \/>\n<meta property=\"article:publisher\" content=\"https:\/\/www.facebook.com\/DCPCC\" \/>\n<meta property=\"article:modified_time\" content=\"2024-03-12T15:35:50+00:00\" \/>\n<meta property=\"og:image\" content=\"https:\/\/victimcare-dc.org\/wp-content\/uploads\/2023\/04\/shutterstock_1332865433-1024x683-888x474.jpg\" \/>\n<meta name=\"twitter:card\" content=\"summary_large_image\" \/>\n<meta name=\"twitter:site\" content=\"@DC_PCC\" \/>\n<meta name=\"twitter:label1\" content=\"Est. reading time\" \/>\n\t<meta name=\"twitter:data1\" content=\"1 minut\u0117\" \/>\n<script type=\"application\/ld+json\" class=\"yoast-schema-graph\">{\"@context\":\"https:\\\/\\\/schema.org\",\"@graph\":[{\"@type\":\"WebPage\",\"@id\":\"https:\\\/\\\/victimcare-dc.org\\\/lt\\\/pagalba-remejams\\\/\",\"url\":\"https:\\\/\\\/victimcare-dc.org\\\/lt\\\/pagalba-remejams\\\/\",\"name\":\"Pagalba r\u0117m\u0117jams - Victim Care Devon &amp; Cornwall\",\"isPartOf\":{\"@id\":\"https:\\\/\\\/victimcare-dc.org\\\/lt\\\/#website\"},\"primaryImageOfPage\":{\"@id\":\"https:\\\/\\\/victimcare-dc.org\\\/lt\\\/pagalba-remejams\\\/#primaryimage\"},\"image\":{\"@id\":\"https:\\\/\\\/victimcare-dc.org\\\/lt\\\/pagalba-remejams\\\/#primaryimage\"},\"thumbnailUrl\":\"https:\\\/\\\/victimcare-dc.org\\\/wp-content\\\/uploads\\\/2023\\\/04\\\/shutterstock_1332865433-1024x683-888x474.jpg\",\"datePublished\":\"2023-04-14T14:18:26+00:00\",\"dateModified\":\"2024-03-12T15:35:50+00:00\",\"description\":\"Access specialist support and information for victims of crime, even if you haven't reported to police.\",\"breadcrumb\":{\"@id\":\"https:\\\/\\\/victimcare-dc.org\\\/lt\\\/pagalba-remejams\\\/#breadcrumb\"},\"inLanguage\":\"lt-LT\",\"potentialAction\":[{\"@type\":\"ReadAction\",\"target\":[\"https:\\\/\\\/victimcare-dc.org\\\/lt\\\/pagalba-remejams\\\/\"]}]},{\"@type\":\"ImageObject\",\"inLanguage\":\"lt-LT\",\"@id\":\"https:\\\/\\\/victimcare-dc.org\\\/lt\\\/pagalba-remejams\\\/#primaryimage\",\"url\":\"https:\\\/\\\/victimcare-dc.org\\\/wp-content\\\/uploads\\\/2023\\\/04\\\/shutterstock_1332865433-1024x683-888x474.jpg\",\"contentUrl\":\"https:\\\/\\\/victimcare-dc.org\\\/wp-content\\\/uploads\\\/2023\\\/04\\\/shutterstock_1332865433-1024x683-888x474.jpg\"},{\"@type\":\"BreadcrumbList\",\"@id\":\"https:\\\/\\\/victimcare-dc.org\\\/lt\\\/pagalba-remejams\\\/#breadcrumb\",\"itemListElement\":[{\"@type\":\"ListItem\",\"position\":1,\"name\":\"Home\",\"item\":\"https:\\\/\\\/victimcare-dc.org\\\/lt\\\/\"},{\"@type\":\"ListItem\",\"position\":2,\"name\":\"Pagalba r\u0117m\u0117jams\"}]},{\"@type\":\"WebSite\",\"@id\":\"https:\\\/\\\/victimcare-dc.org\\\/lt\\\/#website\",\"url\":\"https:\\\/\\\/victimcare-dc.org\\\/lt\\\/\",\"name\":\"Victim Care Devon and Cornwall\",\"description\":\"Putting you at the heart of your own care\",\"publisher\":{\"@id\":\"https:\\\/\\\/victimcare-dc.org\\\/lt\\\/#organization\"},\"potentialAction\":[{\"@type\":\"SearchAction\",\"target\":{\"@type\":\"EntryPoint\",\"urlTemplate\":\"https:\\\/\\\/victimcare-dc.org\\\/lt\\\/?s={search_term_string}\"},\"query-input\":{\"@type\":\"PropertyValueSpecification\",\"valueRequired\":true,\"valueName\":\"search_term_string\"}}],\"inLanguage\":\"lt-LT\"},{\"@type\":\"Organization\",\"@id\":\"https:\\\/\\\/victimcare-dc.org\\\/lt\\\/#organization\",\"name\":\"Victim Care Devon and Cornwall\",\"url\":\"https:\\\/\\\/victimcare-dc.org\\\/lt\\\/\",\"logo\":{\"@type\":\"ImageObject\",\"inLanguage\":\"lt-LT\",\"@id\":\"https:\\\/\\\/victimcare-dc.org\\\/lt\\\/#\\\/schema\\\/logo\\\/image\\\/\",\"url\":\"https:\\\/\\\/i0.wp.com\\\/victimcare-dc.org\\\/wp-content\\\/uploads\\\/2023\\\/05\\\/Victim-Care-logo-FINAL-web-1.png?fit=1600%2C1472&ssl=1\",\"contentUrl\":\"https:\\\/\\\/i0.wp.com\\\/victimcare-dc.org\\\/wp-content\\\/uploads\\\/2023\\\/05\\\/Victim-Care-logo-FINAL-web-1.png?fit=1600%2C1472&ssl=1\",\"width\":1600,\"height\":1472,\"caption\":\"Victim Care Devon and Cornwall\"},\"image\":{\"@id\":\"https:\\\/\\\/victimcare-dc.org\\\/lt\\\/#\\\/schema\\\/logo\\\/image\\\/\"},\"sameAs\":[\"https:\\\/\\\/www.facebook.com\\\/DCPCC\",\"https:\\\/\\\/x.com\\\/DC_PCC\"]}]}<\/script>\n<!-- \/ Yoast SEO plugin. -->","yoast_head_json":{"title":"Pagalba r\u0117m\u0117jams - Victim Care Devon &amp; Cornwall","description":"Access specialist support and information for victims of crime, even if you haven't reported to police.","robots":{"index":"index","follow":"follow","max-snippet":"max-snippet:-1","max-image-preview":"max-image-preview:large","max-video-preview":"max-video-preview:-1"},"canonical":"https:\/\/victimcare-dc.org\/lt\/pagalba-remejams\/","og_locale":"lt_LT","og_type":"article","og_title":"Pagalba r\u0117m\u0117jams - Victim Care Devon &amp; Cornwall","og_description":"Access specialist support and information for victims of crime, even if you haven't reported to police.","og_url":"https:\/\/victimcare-dc.org\/lt\/pagalba-remejams\/","og_site_name":"Victim Care Devon &amp; Cornwall","article_publisher":"https:\/\/www.facebook.com\/DCPCC","article_modified_time":"2024-03-12T15:35:50+00:00","og_image":[{"url":"https:\/\/victimcare-dc.org\/wp-content\/uploads\/2023\/04\/shutterstock_1332865433-1024x683-888x474.jpg","type":"","width":"","height":""}],"twitter_card":"summary_large_image","twitter_site":"@DC_PCC","twitter_misc":{"Est. reading time":"1 minut\u0117"},"schema":{"@context":"https:\/\/schema.org","@graph":[{"@type":"WebPage","@id":"https:\/\/victimcare-dc.org\/lt\/pagalba-remejams\/","url":"https:\/\/victimcare-dc.org\/lt\/pagalba-remejams\/","name":"Pagalba r\u0117m\u0117jams - Victim Care Devon &amp; Cornwall","isPartOf":{"@id":"https:\/\/victimcare-dc.org\/lt\/#website"},"primaryImageOfPage":{"@id":"https:\/\/victimcare-dc.org\/lt\/pagalba-remejams\/#primaryimage"},"image":{"@id":"https:\/\/victimcare-dc.org\/lt\/pagalba-remejams\/#primaryimage"},"thumbnailUrl":"https:\/\/victimcare-dc.org\/wp-content\/uploads\/2023\/04\/shutterstock_1332865433-1024x683-888x474.jpg","datePublished":"2023-04-14T14:18:26+00:00","dateModified":"2024-03-12T15:35:50+00:00","description":"Access specialist support and information for victims of crime, even if you haven't reported to police.","breadcrumb":{"@id":"https:\/\/victimcare-dc.org\/lt\/pagalba-remejams\/#breadcrumb"},"inLanguage":"lt-LT","potentialAction":[{"@type":"ReadAction","target":["https:\/\/victimcare-dc.org\/lt\/pagalba-remejams\/"]}]},{"@type":"ImageObject","inLanguage":"lt-LT","@id":"https:\/\/victimcare-dc.org\/lt\/pagalba-remejams\/#primaryimage","url":"https:\/\/victimcare-dc.org\/wp-content\/uploads\/2023\/04\/shutterstock_1332865433-1024x683-888x474.jpg","contentUrl":"https:\/\/victimcare-dc.org\/wp-content\/uploads\/2023\/04\/shutterstock_1332865433-1024x683-888x474.jpg"},{"@type":"BreadcrumbList","@id":"https:\/\/victimcare-dc.org\/lt\/pagalba-remejams\/#breadcrumb","itemListElement":[{"@type":"ListItem","position":1,"name":"Home","item":"https:\/\/victimcare-dc.org\/lt\/"},{"@type":"ListItem","position":2,"name":"Pagalba r\u0117m\u0117jams"}]},{"@type":"WebSite","@id":"https:\/\/victimcare-dc.org\/lt\/#website","url":"https:\/\/victimcare-dc.org\/lt\/","name":"Victim Care Devon and Cornwall","description":"Putting you at the heart of your own care","publisher":{"@id":"https:\/\/victimcare-dc.org\/lt\/#organization"},"potentialAction":[{"@type":"SearchAction","target":{"@type":"EntryPoint","urlTemplate":"https:\/\/victimcare-dc.org\/lt\/?s={search_term_string}"},"query-input":{"@type":"PropertyValueSpecification","valueRequired":true,"valueName":"search_term_string"}}],"inLanguage":"lt-LT"},{"@type":"Organization","@id":"https:\/\/victimcare-dc.org\/lt\/#organization","name":"Victim Care Devon and Cornwall","url":"https:\/\/victimcare-dc.org\/lt\/","logo":{"@type":"ImageObject","inLanguage":"lt-LT","@id":"https:\/\/victimcare-dc.org\/lt\/#\/schema\/logo\/image\/","url":"https:\/\/i0.wp.com\/victimcare-dc.org\/wp-content\/uploads\/2023\/05\/Victim-Care-logo-FINAL-web-1.png?fit=1600%2C1472&ssl=1","contentUrl":"https:\/\/i0.wp.com\/victimcare-dc.org\/wp-content\/uploads\/2023\/05\/Victim-Care-logo-FINAL-web-1.png?fit=1600%2C1472&ssl=1","width":1600,"height":1472,"caption":"Victim Care Devon and Cornwall"},"image":{"@id":"https:\/\/victimcare-dc.org\/lt\/#\/schema\/logo\/image\/"},"sameAs":["https:\/\/www.facebook.com\/DCPCC","https:\/\/x.com\/DC_PCC"]}]}},"jetpack_sharing_enabled":true,"builder_content":"<img src=\"https:\/\/victimcare-dc.org\/wp-content\/uploads\/2023\/04\/shutterstock_1332865433-1024x683-888x474.jpg\" width=\"888\" height=\"474\" title=\"Pagalba r\u0117m\u0117jams\" alt=\"Pagalba r\u0117m\u0117jams\" srcset=\"https:\/\/i0.wp.com\/victimcare-dc.org\/wp-content\/uploads\/2023\/04\/shutterstock_1332865433-scaled.jpg?resize=888%2C474&amp;ssl=1 888w, https:\/\/i0.wp.com\/victimcare-dc.org\/wp-content\/uploads\/2023\/04\/shutterstock_1332865433-scaled.jpg?zoom=2&amp;resize=888%2C474&amp;ssl=1 1776w\" sizes=\"(max-width: 888px) 100vw, 888px\" \/>\n<h3>K\u0105 daryti, jei nerimauju d\u0117l kito \u017emogaus?<\/h3> <p>Galb\u016bt apsilank\u0117te m\u016bs\u0173 svetain\u0117je, nes nerimaujate d\u0117l kito \u017emogaus, kuris nukent\u0117jo nuo nusikaltimo. Arba jums gali prireikti paramos, nes remiate kit\u0105 \u017emog\u0173. Pripa\u017e\u012fstame, kad gali b\u016bti sunku pad\u0117ti nusikaltimo auka tapusiam \u017emogui ir kad jums taip pat svarbu gauti reikiam\u0105 pagalb\u0105 ir param\u0105. <\/p> <p>Suprantame, kad galite b\u016bti vienintelis \u017emogus, kuris \u017eino, kas nutiko, ir galite pad\u0117ti asmeniui, kuriuo r\u016bpinat\u0117s, priimti svarbius sprendimus d\u0117l to, ko jam reikia. <\/p>\n<h3 style=\"text-align: center;\">Gera \u017einia ta, kad Paramos aukoms tarnyba taip pat padeda draugams, \u0161eimos nariams ir visiems kitiems su nusikaltimu susijusiems asmenims. Jums tereikia nurodyti tuos pa\u010dius kontaktinius duomenis, kad gal\u0117tum\u0117te pasikalb\u0117ti su pagalbos nukent\u0117jusiesiems tarnybos darbuotoju, kuris gali pad\u0117ti.<\/h3>\n<a href=\"https:\/\/www.victimsupport.org.uk\/\" > apsilankykite paramos aukoms tarnyboje <\/a>\n<p>Galite ne tik naudotis pagalbos linijomis ir tiesioginio pokalbio paslauga, bet ir prisijungti prie \"Mano palaikymo erdv\u0117s\". Paramos aukoms tarnyba teikia daug nauding\u0173 internetini\u0173 savipagalbos i\u0161tekli\u0173 ir vadov\u0173. Tai, be kita ko, vadovai, kaip kalb\u0117tis su vaikais, kaip kalb\u0117tis su nuo nusikaltim\u0173 nukent\u0117jusiais \u017emon\u0117mis, kaip atpa\u017einti smurto \u0161eimoje po\u017eymius.<\/p>\n<a href=\"https:\/\/www.mysupportspace.org.uk\/\" > APSILANKYKITE MANO PARAMOS ERDV\u0116JE <\/a>","_links":{"self":[{"href":"https:\/\/victimcare-dc.org\/lt\/wp-json\/wp\/v2\/pages\/3513","targetHints":{"allow":["GET"]}}],"collection":[{"href":"https:\/\/victimcare-dc.org\/lt\/wp-json\/wp\/v2\/pages"}],"about":[{"href":"https:\/\/victimcare-dc.org\/lt\/wp-json\/wp\/v2\/types\/page"}],"author":[{"embeddable":true,"href":"https:\/\/victimcare-dc.org\/lt\/wp-json\/wp\/v2\/users\/1"}],"replies":[{"embeddable":true,"href":"https:\/\/victimcare-dc.org\/lt\/wp-json\/wp\/v2\/comments?post=3513"}],"version-history":[{"count":2,"href":"https:\/\/victimcare-dc.org\/lt\/wp-json\/wp\/v2\/pages\/3513\/revisions"}],"predecessor-version":[{"id":3606,"href":"https:\/\/victimcare-dc.org\/lt\/wp-json\/wp\/v2\/pages\/3513\/revisions\/3606"}],"wp:attachment":[{"href":"https:\/\/victimcare-dc.org\/lt\/wp-json\/wp\/v2\/media?parent=3513"}],"curies":[{"name":"wp","href":"https:\/\/api.w.org\/{rel}","templated":true}]}}