{"id":3296,"date":"2023-10-03T12:07:50","date_gmt":"2023-10-03T12:07:50","guid":{"rendered":"https:\/\/victimcare-dc.org\/sprawiedliwosc-naprawcza\/"},"modified":"2024-03-12T15:45:01","modified_gmt":"2024-03-12T15:45:01","slug":"sprawiedliwosc-naprawcza","status":"publish","type":"page","link":"https:\/\/victimcare-dc.org\/pl\/sprawiedliwosc-naprawcza\/","title":{"rendered":"Sprawiedliwo\u015b\u0107 naprawcza"},"content":{"rendered":"<!--themify_builder_content-->\n<div id=\"themify_builder_content-3296\" data-postid=\"3296\" class=\"themify_builder_content themify_builder_content-3296 themify_builder tf_clear\">\n                    <div  data-lazy=\"1\" class=\"module_row themify_builder_row tb_c15k847 tb_first tf_w\">\n                        <div class=\"row_inner col_align_top tb_col_count_1 tf_box tf_rel\">\n                        <div  data-lazy=\"1\" class=\"module_column tb-column col-full tb_gaeo848 first\">\n                    <!-- module image -->\n<div  class=\"module module-image tb_usl0363 image-top   tf_mw\" data-lazy=\"1\">\n        <div class=\"image-wrap tf_rel tf_mw\">\n            <img data-recalc-dims=\"1\" loading=\"lazy\" decoding=\"async\" width=\"1165\" height=\"777\" src=\"https:\/\/i0.wp.com\/victimcare-dc.org\/wp-content\/uploads\/2023\/10\/shutterstock_779179771-scaled.jpg?resize=1165%2C777&#038;ssl=1\" class=\"wp-post-image wp-image-3297\" title=\"Friendly,Man,Sitting,At,Window,In,Loft,Cafe\" alt=\"Friendly,Man,Sitting,At,Window,In,Loft,Cafe\" srcset=\"https:\/\/i0.wp.com\/victimcare-dc.org\/wp-content\/uploads\/2023\/10\/shutterstock_779179771-scaled.jpg?w=2560&amp;ssl=1 2560w, https:\/\/i0.wp.com\/victimcare-dc.org\/wp-content\/uploads\/2023\/10\/shutterstock_779179771-scaled.jpg?resize=300%2C200&amp;ssl=1 300w, https:\/\/i0.wp.com\/victimcare-dc.org\/wp-content\/uploads\/2023\/10\/shutterstock_779179771-scaled.jpg?resize=1024%2C683&amp;ssl=1 1024w, https:\/\/i0.wp.com\/victimcare-dc.org\/wp-content\/uploads\/2023\/10\/shutterstock_779179771-scaled.jpg?resize=768%2C512&amp;ssl=1 768w, https:\/\/i0.wp.com\/victimcare-dc.org\/wp-content\/uploads\/2023\/10\/shutterstock_779179771-scaled.jpg?resize=1536%2C1024&amp;ssl=1 1536w, https:\/\/i0.wp.com\/victimcare-dc.org\/wp-content\/uploads\/2023\/10\/shutterstock_779179771-scaled.jpg?resize=2048%2C1365&amp;ssl=1 2048w, https:\/\/i0.wp.com\/victimcare-dc.org\/wp-content\/uploads\/2023\/10\/shutterstock_779179771-scaled.jpg?w=2330&amp;ssl=1 2330w\" sizes=\"auto, (max-width: 1165px) 100vw, 1165px\" \/>    \n        <\/div>\n    <!-- \/image-wrap -->\n    \n        <\/div>\n<!-- \/module image -->        <\/div>\n                        <\/div>\n        <\/div>\n                        <div  data-lazy=\"1\" class=\"module_row themify_builder_row tb_ltsi868 tf_w\">\n                        <div class=\"row_inner col_align_top tb_col_count_1 tf_box tf_rel\">\n                        <div  data-lazy=\"1\" class=\"module_column tb-column col-full tb_6cbg869 first\">\n                    <!-- module text -->\n<div  class=\"module module-text tb_ek1j384   \" data-lazy=\"1\">\n        <div  class=\"tb_text_wrap\">\n        <div>\n<div class=\"cms-content\">\n<h2>Czym jest sprawiedliwo\u015b\u0107 naprawcza?<\/h2>\n<p>Sprawiedliwo\u015b\u0107 naprawcza daje mo\u017cliwo\u015b\u0107 osobom pokrzywdzonym przest\u0119pstwem i osobom odpowiedzialnym za krzywd\u0119 podzielenia si\u0119 tym, jak przest\u0119pstwo na nich wp\u0142yn\u0119\u0142o. Pozwala wszystkim zaanga\u017cowanym odegra\u0107 rol\u0119 w naprawieniu szkody i znalezieniu pozytywnej drogi naprz\u00f3d.<\/p>\n<p>Komunikacja mo\u017ce mie\u0107 form\u0119 bezpo\u015bredniego spotkania lub listu, nagranego wywiadu audio lub wideo.<\/p>\n<p>Wszystkie ofiary przest\u0119pstw mog\u0105 ubiega\u0107 si\u0119 o sprawiedliwo\u015b\u0107 naprawcz\u0105, ale proces ten b\u0119dzie mia\u0142 miejsce tylko wtedy, gdy zar\u00f3wno ofiara, jak i sprawca b\u0119d\u0105 tego chcieli.<\/p>\n<p>Sprawiedliwo\u015b\u0107 naprawcza jest ca\u0142kowicie dobrowolna dla wszystkich uczestnik\u00f3w. Przeszkoleni moderatorzy oceniaj\u0105 ryzyko i upewniaj\u0105 si\u0119, \u017ce proces jest bezpieczny dla wszystkich zaanga\u017cowanych.<\/p>\n<p>Sprawiedliwo\u015b\u0107 naprawcza jest stosowana w przypadku ka\u017cdego rodzaju przest\u0119pstwa i na ka\u017cdym etapie procesu karnego, w tym w przypadku, gdy sprawca odbywa kar\u0119 pozbawienia wolno\u015bci.<\/p>\n<\/div>\n<\/div>\n<div>\n<div class=\"cms-content\">\n<h2>Korzy\u015bci p\u0142yn\u0105ce ze sprawiedliwo\u015bci naprawczej<\/h2>\n<p>Sprawiedliwo\u015b\u0107 naprawcza daje ofierze mo\u017cliwo\u015b\u0107 wyja\u015bnienia wp\u0142ywu wyrz\u0105dzonej krzywdy poprzez bezpieczn\u0105 komunikacj\u0119 ze wsparciem i zach\u0119t\u0105 ze strony przeszkolonych mediator\u00f3w. Mog\u0105 wyja\u015bni\u0107, jak si\u0119 czuli, opisa\u0107 konsekwencje, zadawa\u0107 pytania, otrzyma\u0107 wyja\u015bnienia i domaga\u0107 si\u0119 przeprosin, je\u015bli sobie tego \u017cycz\u0105.<\/p>\n<p>Proces ten mo\u017ce wzmocni\u0107 pozycj\u0119 ofiar i pom\u00f3c im odzyska\u0107 r\u00f3wnowag\u0119 po incydencie, a udzia\u0142 w sprawiedliwo\u015bci naprawczej nie ma wp\u0142ywu na wyrok, jaki mo\u017ce otrzyma\u0107 sprawca.<\/p>\n<p>Przest\u0119pcy maj\u0105 szans\u0119 wzi\u0105\u0107 odpowiedzialno\u015b\u0107 za swoje czyny, z\u0142o\u017cy\u0107 wyja\u015bnienia i podj\u0105\u0107 kroki w celu naprawienia szkody. Mo\u017ce to pom\u00f3c im zrozumie\u0107, w jaki spos\u00f3b ich dzia\u0142ania wp\u0142yn\u0119\u0142y na ofiary i ich rodziny.  <\/p>\n<p>Badania pokazuj\u0105, \u017ce sprawiedliwo\u015b\u0107 naprawcza prowadzi r\u00f3wnie\u017c do zmniejszenia liczby ponownych przest\u0119pstw.<\/p>\n<\/div>\n<\/div>    <\/div>\n<\/div>\n<!-- \/module text -->        <\/div>\n                        <\/div>\n        <\/div>\n                        <div  data-lazy=\"1\" class=\"module_row themify_builder_row tb_rj4e154 tf_w\">\n                        <div class=\"row_inner col_align_top tb_col_count_1 tf_box tf_rel\">\n                        <div  data-lazy=\"1\" class=\"module_column tb-column col-full tb_5sde154 first\">\n                    <!-- module video -->\n<div  class=\"module module-video tb_7h2f71 video-top  \" data-lazy=\"1\">\n                    <div class=\"video-wrap-outer\">\n            <div class=\"video-wrap tf_rel tf_overflow\">\n                                    <noscript><iframe data-no-script src=\"https:\/\/www.youtube-nocookie.com\/embed\/4-vQ4ixlU_A?pip=1&#038;playsinline=1\" allow=\"accelerometer;encrypted-media;gyroscope;picture-in-picture;fullscreen\" class=\"tf_abs tf_w tf_h\"><\/iframe><\/noscript>\n                                <\/div>\n            <!-- \/video-wrap -->\n        <\/div>\n        <!-- \/video-wrap-outer -->\n            <\/div>\n        <\/div>\n                        <\/div>\n        <\/div>\n                        <div  data-lazy=\"1\" class=\"module_row themify_builder_row tb_ernb454 tf_w\">\n                        <div class=\"row_inner col_align_top tb_col_count_1 tf_box tf_rel\">\n                        <div  data-lazy=\"1\" class=\"module_column tb-column col-full tb_de38454 first\">\n                    <!-- module text -->\n<div  class=\"module module-text tb_f7cf24   \" data-lazy=\"1\">\n        <div  class=\"tb_text_wrap\">\n        <h2>Jak ubiega\u0107 si\u0119 o sprawiedliwo\u015b\u0107 naprawcz\u0105<\/h2>\n<p>Skontaktuj si\u0119 z Dzia\u0142em Opieki nad Ofiarami, kt\u00f3ry mo\u017ce zorganizowa\u0107 dla Ciebie sprawiedliwo\u015b\u0107 naprawcz\u0105 i pom\u00f3c w przypadku jakichkolwiek pyta\u0144.<\/p>\n<p>Mo\u017cna do nich <a href=\"mailto:victimservices@dc.police.uk\" target=\"_blank\" rel=\"noopener\">wys\u0142a\u0107 wiadomo\u015b\u0107 e-mail<\/a> lub zadzwoni\u0107 pod numer <a href=\"tel:01392%20475900\">01392 475900<\/a> w godzinach od 8:00 do 20:00 od poniedzia\u0142ku do pi\u0105tku oraz od 9:00 do 17:00 w weekendy i dni wolne od pracy.<\/p>\n<p>Je\u015bli zdecydujesz si\u0119 wzi\u0105\u0107 udzia\u0142 w post\u0119powaniu naprawczym, otrzymasz wsparcie ze strony naszej specjalistycznej us\u0142ugi <a class=\"external-link\" href=\"https:\/\/www.shekinah.co.uk\/make-amends\" target=\"_blank\" rel=\"external noopener\" aria-label=\"Make Amends - This link will open in a new window\" data-gtm-link=\"offsite\">Make Amends<\/a>.  <\/p>    <\/div>\n<\/div>\n<!-- \/module text -->        <\/div>\n                        <\/div>\n        <\/div>\n        <\/div>\n<!--\/themify_builder_content-->","protected":false},"excerpt":{"rendered":"<p>Czym jest sprawiedliwo\u015b\u0107 naprawcza? Sprawiedliwo\u015b\u0107 naprawcza daje mo\u017cliwo\u015b\u0107 osobom pokrzywdzonym przest\u0119pstwem i osobom odpowiedzialnym za krzywd\u0119 podzielenia si\u0119 tym, jak [&hellip;]<\/p>\n","protected":false},"author":3,"featured_media":0,"parent":0,"menu_order":0,"comment_status":"closed","ping_status":"closed","template":"","meta":{"footnotes":""},"class_list":["post-3296","page","type-page","status-publish","hentry","has-post-title","has-post-date","has-post-category","has-post-tag","has-post-comment","has-post-author",""],"yoast_head":"<!-- This site is optimized with the Yoast SEO plugin v27.5 - https:\/\/yoast.com\/product\/yoast-seo-wordpress\/ -->\n<title>Sprawiedliwo\u015b\u0107 naprawcza - Victim Care Devon &amp; Cornwall<\/title>\n<meta name=\"description\" content=\"Access specialist support and information for victims of crime, even if you haven&#039;t reported to police.\" \/>\n<meta name=\"robots\" content=\"index, follow, max-snippet:-1, max-image-preview:large, max-video-preview:-1\" \/>\n<link rel=\"canonical\" href=\"https:\/\/victimcare-dc.org\/pl\/sprawiedliwosc-naprawcza\/\" \/>\n<meta property=\"og:locale\" content=\"pl_PL\" \/>\n<meta property=\"og:type\" content=\"article\" \/>\n<meta property=\"og:title\" content=\"Sprawiedliwo\u015b\u0107 naprawcza - Victim Care Devon &amp; Cornwall\" \/>\n<meta property=\"og:description\" content=\"Access specialist support and information for victims of crime, even if you haven&#039;t reported to police.\" \/>\n<meta property=\"og:url\" content=\"https:\/\/victimcare-dc.org\/pl\/sprawiedliwosc-naprawcza\/\" \/>\n<meta property=\"og:site_name\" content=\"Victim Care Devon &amp; Cornwall\" \/>\n<meta property=\"article:publisher\" content=\"https:\/\/www.facebook.com\/DCPCC\" \/>\n<meta property=\"article:modified_time\" content=\"2024-03-12T15:45:01+00:00\" \/>\n<meta property=\"og:image\" content=\"https:\/\/victimcare-dc.org\/wp-content\/uploads\/2023\/10\/shutterstock_779179771-scaled.jpg\" \/>\n<meta name=\"twitter:card\" content=\"summary_large_image\" \/>\n<meta name=\"twitter:site\" content=\"@DC_PCC\" \/>\n<meta name=\"twitter:label1\" content=\"Szacowany czas czytania\" \/>\n\t<meta name=\"twitter:data1\" content=\"2 minutes\" \/>\n<script type=\"application\/ld+json\" class=\"yoast-schema-graph\">{\"@context\":\"https:\\\/\\\/schema.org\",\"@graph\":[{\"@type\":\"WebPage\",\"@id\":\"https:\\\/\\\/victimcare-dc.org\\\/pl\\\/sprawiedliwosc-naprawcza\\\/\",\"url\":\"https:\\\/\\\/victimcare-dc.org\\\/pl\\\/sprawiedliwosc-naprawcza\\\/\",\"name\":\"Sprawiedliwo\u015b\u0107 naprawcza - Victim Care Devon &amp; Cornwall\",\"isPartOf\":{\"@id\":\"https:\\\/\\\/victimcare-dc.org\\\/pl\\\/#website\"},\"primaryImageOfPage\":{\"@id\":\"https:\\\/\\\/victimcare-dc.org\\\/pl\\\/sprawiedliwosc-naprawcza\\\/#primaryimage\"},\"image\":{\"@id\":\"https:\\\/\\\/victimcare-dc.org\\\/pl\\\/sprawiedliwosc-naprawcza\\\/#primaryimage\"},\"thumbnailUrl\":\"https:\\\/\\\/victimcare-dc.org\\\/wp-content\\\/uploads\\\/2023\\\/10\\\/shutterstock_779179771-scaled.jpg\",\"datePublished\":\"2023-10-03T12:07:50+00:00\",\"dateModified\":\"2024-03-12T15:45:01+00:00\",\"description\":\"Access specialist support and information for victims of crime, even if you haven't reported to police.\",\"breadcrumb\":{\"@id\":\"https:\\\/\\\/victimcare-dc.org\\\/pl\\\/sprawiedliwosc-naprawcza\\\/#breadcrumb\"},\"inLanguage\":\"pl-PL\",\"potentialAction\":[{\"@type\":\"ReadAction\",\"target\":[\"https:\\\/\\\/victimcare-dc.org\\\/pl\\\/sprawiedliwosc-naprawcza\\\/\"]}]},{\"@type\":\"ImageObject\",\"inLanguage\":\"pl-PL\",\"@id\":\"https:\\\/\\\/victimcare-dc.org\\\/pl\\\/sprawiedliwosc-naprawcza\\\/#primaryimage\",\"url\":\"https:\\\/\\\/victimcare-dc.org\\\/wp-content\\\/uploads\\\/2023\\\/10\\\/shutterstock_779179771-scaled.jpg\",\"contentUrl\":\"https:\\\/\\\/victimcare-dc.org\\\/wp-content\\\/uploads\\\/2023\\\/10\\\/shutterstock_779179771-scaled.jpg\"},{\"@type\":\"BreadcrumbList\",\"@id\":\"https:\\\/\\\/victimcare-dc.org\\\/pl\\\/sprawiedliwosc-naprawcza\\\/#breadcrumb\",\"itemListElement\":[{\"@type\":\"ListItem\",\"position\":1,\"name\":\"Home\",\"item\":\"https:\\\/\\\/victimcare-dc.org\\\/pl\\\/\"},{\"@type\":\"ListItem\",\"position\":2,\"name\":\"Sprawiedliwo\u015b\u0107 naprawcza\"}]},{\"@type\":\"WebSite\",\"@id\":\"https:\\\/\\\/victimcare-dc.org\\\/pl\\\/#website\",\"url\":\"https:\\\/\\\/victimcare-dc.org\\\/pl\\\/\",\"name\":\"Victim Care Devon and Cornwall\",\"description\":\"Putting you at the heart of your own care\",\"publisher\":{\"@id\":\"https:\\\/\\\/victimcare-dc.org\\\/pl\\\/#organization\"},\"potentialAction\":[{\"@type\":\"SearchAction\",\"target\":{\"@type\":\"EntryPoint\",\"urlTemplate\":\"https:\\\/\\\/victimcare-dc.org\\\/pl\\\/?s={search_term_string}\"},\"query-input\":{\"@type\":\"PropertyValueSpecification\",\"valueRequired\":true,\"valueName\":\"search_term_string\"}}],\"inLanguage\":\"pl-PL\"},{\"@type\":\"Organization\",\"@id\":\"https:\\\/\\\/victimcare-dc.org\\\/pl\\\/#organization\",\"name\":\"Victim Care Devon and Cornwall\",\"url\":\"https:\\\/\\\/victimcare-dc.org\\\/pl\\\/\",\"logo\":{\"@type\":\"ImageObject\",\"inLanguage\":\"pl-PL\",\"@id\":\"https:\\\/\\\/victimcare-dc.org\\\/pl\\\/#\\\/schema\\\/logo\\\/image\\\/\",\"url\":\"https:\\\/\\\/i0.wp.com\\\/victimcare-dc.org\\\/wp-content\\\/uploads\\\/2023\\\/05\\\/Victim-Care-logo-FINAL-web-1.png?fit=1600%2C1472&ssl=1\",\"contentUrl\":\"https:\\\/\\\/i0.wp.com\\\/victimcare-dc.org\\\/wp-content\\\/uploads\\\/2023\\\/05\\\/Victim-Care-logo-FINAL-web-1.png?fit=1600%2C1472&ssl=1\",\"width\":1600,\"height\":1472,\"caption\":\"Victim Care Devon and Cornwall\"},\"image\":{\"@id\":\"https:\\\/\\\/victimcare-dc.org\\\/pl\\\/#\\\/schema\\\/logo\\\/image\\\/\"},\"sameAs\":[\"https:\\\/\\\/www.facebook.com\\\/DCPCC\",\"https:\\\/\\\/x.com\\\/DC_PCC\"]}]}<\/script>\n<!-- \/ Yoast SEO plugin. -->","yoast_head_json":{"title":"Sprawiedliwo\u015b\u0107 naprawcza - Victim Care Devon &amp; Cornwall","description":"Access specialist support and information for victims of crime, even if you haven't reported to police.","robots":{"index":"index","follow":"follow","max-snippet":"max-snippet:-1","max-image-preview":"max-image-preview:large","max-video-preview":"max-video-preview:-1"},"canonical":"https:\/\/victimcare-dc.org\/pl\/sprawiedliwosc-naprawcza\/","og_locale":"pl_PL","og_type":"article","og_title":"Sprawiedliwo\u015b\u0107 naprawcza - Victim Care Devon &amp; Cornwall","og_description":"Access specialist support and information for victims of crime, even if you haven't reported to police.","og_url":"https:\/\/victimcare-dc.org\/pl\/sprawiedliwosc-naprawcza\/","og_site_name":"Victim Care Devon &amp; Cornwall","article_publisher":"https:\/\/www.facebook.com\/DCPCC","article_modified_time":"2024-03-12T15:45:01+00:00","og_image":[{"url":"https:\/\/victimcare-dc.org\/wp-content\/uploads\/2023\/10\/shutterstock_779179771-scaled.jpg","type":"","width":"","height":""}],"twitter_card":"summary_large_image","twitter_site":"@DC_PCC","twitter_misc":{"Szacowany czas czytania":"2 minutes"},"schema":{"@context":"https:\/\/schema.org","@graph":[{"@type":"WebPage","@id":"https:\/\/victimcare-dc.org\/pl\/sprawiedliwosc-naprawcza\/","url":"https:\/\/victimcare-dc.org\/pl\/sprawiedliwosc-naprawcza\/","name":"Sprawiedliwo\u015b\u0107 naprawcza - Victim Care Devon &amp; Cornwall","isPartOf":{"@id":"https:\/\/victimcare-dc.org\/pl\/#website"},"primaryImageOfPage":{"@id":"https:\/\/victimcare-dc.org\/pl\/sprawiedliwosc-naprawcza\/#primaryimage"},"image":{"@id":"https:\/\/victimcare-dc.org\/pl\/sprawiedliwosc-naprawcza\/#primaryimage"},"thumbnailUrl":"https:\/\/victimcare-dc.org\/wp-content\/uploads\/2023\/10\/shutterstock_779179771-scaled.jpg","datePublished":"2023-10-03T12:07:50+00:00","dateModified":"2024-03-12T15:45:01+00:00","description":"Access specialist support and information for victims of crime, even if you haven't reported to police.","breadcrumb":{"@id":"https:\/\/victimcare-dc.org\/pl\/sprawiedliwosc-naprawcza\/#breadcrumb"},"inLanguage":"pl-PL","potentialAction":[{"@type":"ReadAction","target":["https:\/\/victimcare-dc.org\/pl\/sprawiedliwosc-naprawcza\/"]}]},{"@type":"ImageObject","inLanguage":"pl-PL","@id":"https:\/\/victimcare-dc.org\/pl\/sprawiedliwosc-naprawcza\/#primaryimage","url":"https:\/\/victimcare-dc.org\/wp-content\/uploads\/2023\/10\/shutterstock_779179771-scaled.jpg","contentUrl":"https:\/\/victimcare-dc.org\/wp-content\/uploads\/2023\/10\/shutterstock_779179771-scaled.jpg"},{"@type":"BreadcrumbList","@id":"https:\/\/victimcare-dc.org\/pl\/sprawiedliwosc-naprawcza\/#breadcrumb","itemListElement":[{"@type":"ListItem","position":1,"name":"Home","item":"https:\/\/victimcare-dc.org\/pl\/"},{"@type":"ListItem","position":2,"name":"Sprawiedliwo\u015b\u0107 naprawcza"}]},{"@type":"WebSite","@id":"https:\/\/victimcare-dc.org\/pl\/#website","url":"https:\/\/victimcare-dc.org\/pl\/","name":"Victim Care Devon and Cornwall","description":"Putting you at the heart of your own care","publisher":{"@id":"https:\/\/victimcare-dc.org\/pl\/#organization"},"potentialAction":[{"@type":"SearchAction","target":{"@type":"EntryPoint","urlTemplate":"https:\/\/victimcare-dc.org\/pl\/?s={search_term_string}"},"query-input":{"@type":"PropertyValueSpecification","valueRequired":true,"valueName":"search_term_string"}}],"inLanguage":"pl-PL"},{"@type":"Organization","@id":"https:\/\/victimcare-dc.org\/pl\/#organization","name":"Victim Care Devon and Cornwall","url":"https:\/\/victimcare-dc.org\/pl\/","logo":{"@type":"ImageObject","inLanguage":"pl-PL","@id":"https:\/\/victimcare-dc.org\/pl\/#\/schema\/logo\/image\/","url":"https:\/\/i0.wp.com\/victimcare-dc.org\/wp-content\/uploads\/2023\/05\/Victim-Care-logo-FINAL-web-1.png?fit=1600%2C1472&ssl=1","contentUrl":"https:\/\/i0.wp.com\/victimcare-dc.org\/wp-content\/uploads\/2023\/05\/Victim-Care-logo-FINAL-web-1.png?fit=1600%2C1472&ssl=1","width":1600,"height":1472,"caption":"Victim Care Devon and Cornwall"},"image":{"@id":"https:\/\/victimcare-dc.org\/pl\/#\/schema\/logo\/image\/"},"sameAs":["https:\/\/www.facebook.com\/DCPCC","https:\/\/x.com\/DC_PCC"]}]}},"jetpack_sharing_enabled":true,"builder_content":"<img src=\"https:\/\/victimcare-dc.org\/wp-content\/uploads\/2023\/10\/shutterstock_779179771-scaled.jpg\" title=\"Friendly,Man,Sitting,At,Window,In,Loft,Cafe\" alt=\"Friendly,Man,Sitting,At,Window,In,Loft,Cafe\" srcset=\"https:\/\/i0.wp.com\/victimcare-dc.org\/wp-content\/uploads\/2023\/10\/shutterstock_779179771-scaled.jpg?w=2560&amp;ssl=1 2560w, https:\/\/i0.wp.com\/victimcare-dc.org\/wp-content\/uploads\/2023\/10\/shutterstock_779179771-scaled.jpg?resize=300%2C200&amp;ssl=1 300w, https:\/\/i0.wp.com\/victimcare-dc.org\/wp-content\/uploads\/2023\/10\/shutterstock_779179771-scaled.jpg?resize=1024%2C683&amp;ssl=1 1024w, https:\/\/i0.wp.com\/victimcare-dc.org\/wp-content\/uploads\/2023\/10\/shutterstock_779179771-scaled.jpg?resize=768%2C512&amp;ssl=1 768w, https:\/\/i0.wp.com\/victimcare-dc.org\/wp-content\/uploads\/2023\/10\/shutterstock_779179771-scaled.jpg?resize=1536%2C1024&amp;ssl=1 1536w, https:\/\/i0.wp.com\/victimcare-dc.org\/wp-content\/uploads\/2023\/10\/shutterstock_779179771-scaled.jpg?resize=2048%2C1365&amp;ssl=1 2048w, https:\/\/i0.wp.com\/victimcare-dc.org\/wp-content\/uploads\/2023\/10\/shutterstock_779179771-scaled.jpg?w=2330&amp;ssl=1 2330w\" sizes=\"(max-width: 2560px) 100vw, 2560px\" \/>\n<h2>Czym jest sprawiedliwo\u015b\u0107 naprawcza?<\/h2> <p>Sprawiedliwo\u015b\u0107 naprawcza daje mo\u017cliwo\u015b\u0107 osobom pokrzywdzonym przest\u0119pstwem i osobom odpowiedzialnym za krzywd\u0119 podzielenia si\u0119 tym, jak przest\u0119pstwo na nich wp\u0142yn\u0119\u0142o. Pozwala wszystkim zaanga\u017cowanym odegra\u0107 rol\u0119 w naprawieniu szkody i znalezieniu pozytywnej drogi naprz\u00f3d.<\/p> <p>Komunikacja mo\u017ce mie\u0107 form\u0119 bezpo\u015bredniego spotkania lub listu, nagranego wywiadu audio lub wideo.<\/p> <p>Wszystkie ofiary przest\u0119pstw mog\u0105 ubiega\u0107 si\u0119 o sprawiedliwo\u015b\u0107 naprawcz\u0105, ale proces ten b\u0119dzie mia\u0142 miejsce tylko wtedy, gdy zar\u00f3wno ofiara, jak i sprawca b\u0119d\u0105 tego chcieli.<\/p> <p>Sprawiedliwo\u015b\u0107 naprawcza jest ca\u0142kowicie dobrowolna dla wszystkich uczestnik\u00f3w. Przeszkoleni moderatorzy oceniaj\u0105 ryzyko i upewniaj\u0105 si\u0119, \u017ce proces jest bezpieczny dla wszystkich zaanga\u017cowanych.<\/p> <p>Sprawiedliwo\u015b\u0107 naprawcza jest stosowana w przypadku ka\u017cdego rodzaju przest\u0119pstwa i na ka\u017cdym etapie procesu karnego, w tym w przypadku, gdy sprawca odbywa kar\u0119 pozbawienia wolno\u015bci.<\/p>\n<h2>Korzy\u015bci p\u0142yn\u0105ce ze sprawiedliwo\u015bci naprawczej<\/h2> <p>Sprawiedliwo\u015b\u0107 naprawcza daje ofierze mo\u017cliwo\u015b\u0107 wyja\u015bnienia wp\u0142ywu wyrz\u0105dzonej krzywdy poprzez bezpieczn\u0105 komunikacj\u0119 ze wsparciem i zach\u0119t\u0105 ze strony przeszkolonych mediator\u00f3w. Mog\u0105 wyja\u015bni\u0107, jak si\u0119 czuli, opisa\u0107 konsekwencje, zadawa\u0107 pytania, otrzyma\u0107 wyja\u015bnienia i domaga\u0107 si\u0119 przeprosin, je\u015bli sobie tego \u017cycz\u0105.<\/p> <p>Proces ten mo\u017ce wzmocni\u0107 pozycj\u0119 ofiar i pom\u00f3c im odzyska\u0107 r\u00f3wnowag\u0119 po incydencie, a udzia\u0142 w sprawiedliwo\u015bci naprawczej nie ma wp\u0142ywu na wyrok, jaki mo\u017ce otrzyma\u0107 sprawca.<\/p> <p>Przest\u0119pcy maj\u0105 szans\u0119 wzi\u0105\u0107 odpowiedzialno\u015b\u0107 za swoje czyny, z\u0142o\u017cy\u0107 wyja\u015bnienia i podj\u0105\u0107 kroki w celu naprawienia szkody. Mo\u017ce to pom\u00f3c im zrozumie\u0107, w jaki spos\u00f3b ich dzia\u0142ania wp\u0142yn\u0119\u0142y na ofiary i ich rodziny. <\/p> <p>Badania pokazuj\u0105, \u017ce sprawiedliwo\u015b\u0107 naprawcza prowadzi r\u00f3wnie\u017c do zmniejszenia liczby ponownych przest\u0119pstw.<\/p>\n[embed]https:\/\/youtu.be\/4-vQ4ixlU_A[\/embed]\n<h2>Jak ubiega\u0107 si\u0119 o sprawiedliwo\u015b\u0107 naprawcz\u0105<\/h2> <p>Skontaktuj si\u0119 z Dzia\u0142em Opieki nad Ofiarami, kt\u00f3ry mo\u017ce zorganizowa\u0107 dla Ciebie sprawiedliwo\u015b\u0107 naprawcz\u0105 i pom\u00f3c w przypadku jakichkolwiek pyta\u0144.<\/p> <p>Mo\u017cna do nich <a href=\"mailto:victimservices@dc.police.uk\" target=\"_blank\" rel=\"noopener\">wys\u0142a\u0107 wiadomo\u015b\u0107 e-mail<\/a> lub zadzwoni\u0107 pod numer <a href=\"tel:01392%20475900\">01392 475900<\/a> w godzinach od 8:00 do 20:00 od poniedzia\u0142ku do pi\u0105tku oraz od 9:00 do 17:00 w weekendy i dni wolne od pracy.<\/p> <p>Je\u015bli zdecydujesz si\u0119 wzi\u0105\u0107 udzia\u0142 w post\u0119powaniu naprawczym, otrzymasz wsparcie ze strony naszej specjalistycznej us\u0142ugi <a href=\"https:\/\/www.shekinah.co.uk\/make-amends\" target=\"_blank\" rel=\"external noopener\" aria-label=\"Make Amends - This link will open in a new window\" data-gtm-link=\"offsite\">Make Amends<\/a>. <\/p>","_links":{"self":[{"href":"https:\/\/victimcare-dc.org\/pl\/wp-json\/wp\/v2\/pages\/3296","targetHints":{"allow":["GET"]}}],"collection":[{"href":"https:\/\/victimcare-dc.org\/pl\/wp-json\/wp\/v2\/pages"}],"about":[{"href":"https:\/\/victimcare-dc.org\/pl\/wp-json\/wp\/v2\/types\/page"}],"author":[{"embeddable":true,"href":"https:\/\/victimcare-dc.org\/pl\/wp-json\/wp\/v2\/users\/3"}],"replies":[{"embeddable":true,"href":"https:\/\/victimcare-dc.org\/pl\/wp-json\/wp\/v2\/comments?post=3296"}],"version-history":[{"count":4,"href":"https:\/\/victimcare-dc.org\/pl\/wp-json\/wp\/v2\/pages\/3296\/revisions"}],"predecessor-version":[{"id":3648,"href":"https:\/\/victimcare-dc.org\/pl\/wp-json\/wp\/v2\/pages\/3296\/revisions\/3648"}],"wp:attachment":[{"href":"https:\/\/victimcare-dc.org\/pl\/wp-json\/wp\/v2\/media?parent=3296"}],"curies":[{"name":"wp","href":"https:\/\/api.w.org\/{rel}","templated":true}]}}