{"id":3529,"date":"2023-04-14T14:18:26","date_gmt":"2023-04-14T14:18:26","guid":{"rendered":"https:\/\/victimcare-dc.org\/pomoc-dla-kibicow\/"},"modified":"2024-03-12T15:35:30","modified_gmt":"2024-03-12T15:35:30","slug":"pomoc-dla-kibicow","status":"publish","type":"page","link":"https:\/\/victimcare-dc.org\/pl\/pomoc-dla-kibicow\/","title":{"rendered":"Pomoc dla kibic\u00f3w"},"content":{"rendered":"<!--themify_builder_content-->\n<div id=\"themify_builder_content-3529\" data-postid=\"3529\" class=\"themify_builder_content themify_builder_content-3529 themify_builder tf_clear\">\n                    <div  data-lazy=\"1\" class=\"module_row themify_builder_row tb_7ggw448 tb_first tf_w\">\n                        <div class=\"row_inner col_align_top tb_col_count_1 tf_box tf_rel\">\n                        <div  data-lazy=\"1\" class=\"module_column tb-column col-full tb_te72448 first\">\n                    <!-- module image -->\n<div  class=\"module module-image tb_vg97804 image-center   auto_fullwidth tf_mw wow\" data-tf-animation=\"slideInLeft\" data-lazy=\"1\">\n        <div class=\"image-wrap tf_rel tf_mw\">\n            <img data-recalc-dims=\"1\" loading=\"lazy\" decoding=\"async\" src=\"https:\/\/i0.wp.com\/victimcare-dc.org\/wp-content\/uploads\/2023\/04\/shutterstock_1332865433-1024x683.jpg?resize=888%2C474&#038;ssl=1\" width=\"888\" height=\"474\" class=\"wp-post-image wp-image-2528\" title=\"Pomoc dla kibic\u00f3w\" alt=\"Pomoc dla kibic\u00f3w\" srcset=\"https:\/\/i0.wp.com\/victimcare-dc.org\/wp-content\/uploads\/2023\/04\/shutterstock_1332865433-scaled.jpg?resize=888%2C474&amp;ssl=1 888w, https:\/\/i0.wp.com\/victimcare-dc.org\/wp-content\/uploads\/2023\/04\/shutterstock_1332865433-scaled.jpg?zoom=2&amp;resize=888%2C474&amp;ssl=1 1776w\" sizes=\"auto, (max-width: 888px) 100vw, 888px\" \/>    \n        <\/div>\n    <!-- \/image-wrap -->\n    \n        <\/div>\n<!-- \/module image -->        <\/div>\n                        <\/div>\n        <\/div>\n                        <div  data-lazy=\"1\" class=\"module_row themify_builder_row tb_i4et419 tf_w\">\n                        <div class=\"row_inner col_align_top tb_col_count_1 tf_box tf_rel\">\n                        <div  data-lazy=\"1\" class=\"module_column tb-column col-full tb_zfl1419 first\">\n                    <!-- module text -->\n<div  class=\"module module-text tb_g9yb346   \" data-lazy=\"1\">\n        <div  class=\"tb_text_wrap\">\n        <h3>Co mam zrobi\u0107, je\u015bli martwi\u0119 si\u0119 o kogo\u015b innego?<\/h3>\n<p><span style=\"font-weight: 400;\">By\u0107 mo\u017ce odwiedzi\u0142e\u015b nasz\u0105 stron\u0119 internetow\u0105, poniewa\u017c martwisz si\u0119 o kogo\u015b, kto jest dotkni\u0119ty przest\u0119pczo\u015bci\u0105. Mo\u017cesz te\u017c potrzebowa\u0107 wsparcia, poniewa\u017c wspierasz kogo\u015b innego. Zdajemy sobie spraw\u0119, \u017ce wspieranie osoby, kt\u00f3ra pad\u0142a ofiar\u0105 przest\u0119pstwa, mo\u017ce by\u0107 trudne i \u017ce wa\u017cne jest r\u00f3wnie\u017c, aby samemu uzyska\u0107 potrzebn\u0105 pomoc i wsparcie.  <\/span><\/p>\n<p><span style=\"font-weight: 400;\">Rozumiemy, \u017ce mo\u017cesz by\u0107 jedyn\u0105 osob\u0105, kt\u00f3ra wie, co si\u0119 sta\u0142o i mo\u017cesz pomaga\u0107 osobie, na kt\u00f3rej Ci zale\u017cy, w podejmowaniu wa\u017cnych decyzji dotycz\u0105cych tego, czego potrzebuje.  <\/span><\/p>    <\/div>\n<\/div>\n<!-- \/module text -->        <\/div>\n                        <\/div>\n        <\/div>\n                        <div  data-css_id=\"k46w26\" data-lazy=\"1\" class=\"module_row themify_builder_row fullwidth tb_k46w26 tf_w\">\n                        <div class=\"row_inner col_align_top tb_col_count_1 tf_box tf_rel\">\n                        <div  data-lazy=\"1\" class=\"module_column tb-column col-full tb_41q0916 first\">\n                    <!-- module text -->\n<div  class=\"module module-text tb_qghx916   \" data-lazy=\"1\">\n        <div  class=\"tb_text_wrap\">\n        <h3 style=\"text-align: center;\"><span style=\"color: #ffffff;\">Dobr\u0105 wiadomo\u015bci\u0105 jest to, \u017ce Victim Support jest r\u00f3wnie\u017c w stanie wesprze\u0107 przyjaci\u00f3\u0142, rodzin\u0119 i inne osoby zaanga\u017cowane w przest\u0119pstwo. Wystarczy poda\u0107 te same dane kontaktowe, aby porozmawia\u0107 z kim\u015b z Victim Support, kto mo\u017ce pom\u00f3c.<\/span><\/h3>    <\/div>\n<\/div>\n<!-- \/module text --><!-- module buttons -->\n<div  class=\"module module-buttons tb_o8dy916 buttons-horizontal outline  xlarge circle buttons-fullwidth\" data-lazy=\"1\">\n        <div class=\"module-buttons-item tf_in_flx\">\n                        <a href=\"https:\/\/www.victimsupport.org.uk\/\" class=\"ui builder_button tf_in_flx tb_default_color\" >\n                                                odwied\u017a wsparcie dla ofiar                                        <\/a>\n                <\/div>\n            <\/div>\n<!-- \/module buttons -->\n        <\/div>\n                        <\/div>\n        <\/div>\n                        <div  data-lazy=\"1\" class=\"module_row themify_builder_row tb_1b3f401 tf_w\">\n                        <div class=\"row_inner col_align_top tb_col_count_1 tf_box tf_rel\">\n                        <div  data-lazy=\"1\" class=\"module_column tb-column col-full tb_sl3p401 first\">\n                    <!-- module text -->\n<div  class=\"module module-text tb_oif3219   \" data-lazy=\"1\">\n        <div  class=\"tb_text_wrap\">\n        <p>Opr\u00f3cz korzystania z infolinii i czatu na \u017cywo, mo\u017cna r\u00f3wnie\u017c uzyska\u0107 dost\u0119p do My Support Space. Dostarczany przez Victim Support, zawiera szereg przydatnych internetowych zasob\u00f3w i przewodnik\u00f3w samopomocy. Obejmuje to mi\u0119dzy innymi przewodniki na temat tego, jak rozmawia\u0107 z dzie\u0107mi, rozmawia\u0107 z osobami dotkni\u0119tymi przest\u0119pczo\u015bci\u0105 i rozpoznawa\u0107 oznaki przemocy domowej.<\/p>    <\/div>\n<\/div>\n<!-- \/module text -->        <\/div>\n                        <\/div>\n        <\/div>\n                        <div  data-lazy=\"1\" class=\"module_row themify_builder_row tb_lcgl306 tf_w\">\n                        <div class=\"row_inner col_align_top tb_col_count_1 tf_box tf_rel\">\n                        <div  data-lazy=\"1\" class=\"module_column tb-column col-full tb_eq71306 first\">\n                            <div  data-lazy=\"1\" class=\"module_subrow themify_builder_sub_row tf_w col_align_top tb_col_count_1 tb_hmsb306\">\n                <div  data-lazy=\"1\" class=\"module_column sub_column col-full tb_dw8c306 first\">\n                    <!-- module buttons -->\n<div  class=\"module module-buttons tb_xpip306 buttons-horizontal outline  xlarge circle buttons-fullwidth\" data-lazy=\"1\">\n        <div class=\"module-buttons-item tf_in_flx\">\n                        <a href=\"https:\/\/www.mysupportspace.org.uk\/\" class=\"ui builder_button tf_in_flx black\" >\n                                                ODWIED\u0179 MOJ\u0104 PRZESTRZE\u0143 WSPARCIA                                        <\/a>\n                <\/div>\n            <\/div>\n<!-- \/module buttons -->\n        <\/div>\n                    <\/div>\n                <\/div>\n                        <\/div>\n        <\/div>\n        <\/div>\n<!--\/themify_builder_content-->","protected":false},"excerpt":{"rendered":"<p>Co mam zrobi\u0107, je\u015bli martwi\u0119 si\u0119 o kogo\u015b innego? By\u0107 mo\u017ce odwiedzi\u0142e\u015b nasz\u0105 stron\u0119 internetow\u0105, poniewa\u017c martwisz si\u0119 o kogo\u015b, [&hellip;]<\/p>\n","protected":false},"author":1,"featured_media":0,"parent":0,"menu_order":0,"comment_status":"closed","ping_status":"closed","template":"","meta":{"footnotes":""},"class_list":["post-3529","page","type-page","status-publish","hentry","has-post-title","has-post-date","has-post-category","has-post-tag","has-post-comment","has-post-author",""],"yoast_head":"<!-- This site is optimized with the Yoast SEO plugin v27.3 - https:\/\/yoast.com\/product\/yoast-seo-wordpress\/ -->\n<title>Pomoc dla kibic\u00f3w - Victim Care Devon &amp; Cornwall<\/title>\n<meta name=\"description\" content=\"Access specialist support and information for victims of crime, even if you haven&#039;t reported to police.\" \/>\n<meta name=\"robots\" content=\"index, follow, max-snippet:-1, max-image-preview:large, max-video-preview:-1\" \/>\n<link rel=\"canonical\" href=\"https:\/\/victimcare-dc.org\/pl\/pomoc-dla-kibicow\/\" \/>\n<meta property=\"og:locale\" content=\"pl_PL\" \/>\n<meta property=\"og:type\" content=\"article\" \/>\n<meta property=\"og:title\" content=\"Pomoc dla kibic\u00f3w - Victim Care Devon &amp; Cornwall\" \/>\n<meta property=\"og:description\" content=\"Access specialist support and information for victims of crime, even if you haven&#039;t reported to police.\" \/>\n<meta property=\"og:url\" content=\"https:\/\/victimcare-dc.org\/pl\/pomoc-dla-kibicow\/\" \/>\n<meta property=\"og:site_name\" content=\"Victim Care Devon &amp; Cornwall\" \/>\n<meta property=\"article:publisher\" content=\"https:\/\/www.facebook.com\/DCPCC\" \/>\n<meta property=\"article:modified_time\" content=\"2024-03-12T15:35:30+00:00\" \/>\n<meta property=\"og:image\" content=\"https:\/\/victimcare-dc.org\/wp-content\/uploads\/2023\/04\/shutterstock_1332865433-1024x683-888x474.jpg\" \/>\n<meta name=\"twitter:card\" content=\"summary_large_image\" \/>\n<meta name=\"twitter:site\" content=\"@DC_PCC\" \/>\n<meta name=\"twitter:label1\" content=\"Szacowany czas czytania\" \/>\n\t<meta name=\"twitter:data1\" content=\"1 minute\" \/>\n<script type=\"application\/ld+json\" class=\"yoast-schema-graph\">{\"@context\":\"https:\\\/\\\/schema.org\",\"@graph\":[{\"@type\":\"WebPage\",\"@id\":\"https:\\\/\\\/victimcare-dc.org\\\/pl\\\/pomoc-dla-kibicow\\\/\",\"url\":\"https:\\\/\\\/victimcare-dc.org\\\/pl\\\/pomoc-dla-kibicow\\\/\",\"name\":\"Pomoc dla kibic\u00f3w - Victim Care Devon &amp; Cornwall\",\"isPartOf\":{\"@id\":\"https:\\\/\\\/victimcare-dc.org\\\/pl\\\/#website\"},\"primaryImageOfPage\":{\"@id\":\"https:\\\/\\\/victimcare-dc.org\\\/pl\\\/pomoc-dla-kibicow\\\/#primaryimage\"},\"image\":{\"@id\":\"https:\\\/\\\/victimcare-dc.org\\\/pl\\\/pomoc-dla-kibicow\\\/#primaryimage\"},\"thumbnailUrl\":\"https:\\\/\\\/victimcare-dc.org\\\/wp-content\\\/uploads\\\/2023\\\/04\\\/shutterstock_1332865433-1024x683-888x474.jpg\",\"datePublished\":\"2023-04-14T14:18:26+00:00\",\"dateModified\":\"2024-03-12T15:35:30+00:00\",\"description\":\"Access specialist support and information for victims of crime, even if you haven't reported to police.\",\"breadcrumb\":{\"@id\":\"https:\\\/\\\/victimcare-dc.org\\\/pl\\\/pomoc-dla-kibicow\\\/#breadcrumb\"},\"inLanguage\":\"pl-PL\",\"potentialAction\":[{\"@type\":\"ReadAction\",\"target\":[\"https:\\\/\\\/victimcare-dc.org\\\/pl\\\/pomoc-dla-kibicow\\\/\"]}]},{\"@type\":\"ImageObject\",\"inLanguage\":\"pl-PL\",\"@id\":\"https:\\\/\\\/victimcare-dc.org\\\/pl\\\/pomoc-dla-kibicow\\\/#primaryimage\",\"url\":\"https:\\\/\\\/victimcare-dc.org\\\/wp-content\\\/uploads\\\/2023\\\/04\\\/shutterstock_1332865433-1024x683-888x474.jpg\",\"contentUrl\":\"https:\\\/\\\/victimcare-dc.org\\\/wp-content\\\/uploads\\\/2023\\\/04\\\/shutterstock_1332865433-1024x683-888x474.jpg\"},{\"@type\":\"BreadcrumbList\",\"@id\":\"https:\\\/\\\/victimcare-dc.org\\\/pl\\\/pomoc-dla-kibicow\\\/#breadcrumb\",\"itemListElement\":[{\"@type\":\"ListItem\",\"position\":1,\"name\":\"Home\",\"item\":\"https:\\\/\\\/victimcare-dc.org\\\/pl\\\/\"},{\"@type\":\"ListItem\",\"position\":2,\"name\":\"Pomoc dla kibic\u00f3w\"}]},{\"@type\":\"WebSite\",\"@id\":\"https:\\\/\\\/victimcare-dc.org\\\/pl\\\/#website\",\"url\":\"https:\\\/\\\/victimcare-dc.org\\\/pl\\\/\",\"name\":\"Victim Care Devon and Cornwall\",\"description\":\"Putting you at the heart of your own care\",\"publisher\":{\"@id\":\"https:\\\/\\\/victimcare-dc.org\\\/pl\\\/#organization\"},\"potentialAction\":[{\"@type\":\"SearchAction\",\"target\":{\"@type\":\"EntryPoint\",\"urlTemplate\":\"https:\\\/\\\/victimcare-dc.org\\\/pl\\\/?s={search_term_string}\"},\"query-input\":{\"@type\":\"PropertyValueSpecification\",\"valueRequired\":true,\"valueName\":\"search_term_string\"}}],\"inLanguage\":\"pl-PL\"},{\"@type\":\"Organization\",\"@id\":\"https:\\\/\\\/victimcare-dc.org\\\/pl\\\/#organization\",\"name\":\"Victim Care Devon and Cornwall\",\"url\":\"https:\\\/\\\/victimcare-dc.org\\\/pl\\\/\",\"logo\":{\"@type\":\"ImageObject\",\"inLanguage\":\"pl-PL\",\"@id\":\"https:\\\/\\\/victimcare-dc.org\\\/pl\\\/#\\\/schema\\\/logo\\\/image\\\/\",\"url\":\"https:\\\/\\\/i0.wp.com\\\/victimcare-dc.org\\\/wp-content\\\/uploads\\\/2023\\\/05\\\/Victim-Care-logo-FINAL-web-1.png?fit=1600%2C1472&ssl=1\",\"contentUrl\":\"https:\\\/\\\/i0.wp.com\\\/victimcare-dc.org\\\/wp-content\\\/uploads\\\/2023\\\/05\\\/Victim-Care-logo-FINAL-web-1.png?fit=1600%2C1472&ssl=1\",\"width\":1600,\"height\":1472,\"caption\":\"Victim Care Devon and Cornwall\"},\"image\":{\"@id\":\"https:\\\/\\\/victimcare-dc.org\\\/pl\\\/#\\\/schema\\\/logo\\\/image\\\/\"},\"sameAs\":[\"https:\\\/\\\/www.facebook.com\\\/DCPCC\",\"https:\\\/\\\/x.com\\\/DC_PCC\"]}]}<\/script>\n<!-- \/ Yoast SEO plugin. -->","yoast_head_json":{"title":"Pomoc dla kibic\u00f3w - Victim Care Devon &amp; Cornwall","description":"Access specialist support and information for victims of crime, even if you haven't reported to police.","robots":{"index":"index","follow":"follow","max-snippet":"max-snippet:-1","max-image-preview":"max-image-preview:large","max-video-preview":"max-video-preview:-1"},"canonical":"https:\/\/victimcare-dc.org\/pl\/pomoc-dla-kibicow\/","og_locale":"pl_PL","og_type":"article","og_title":"Pomoc dla kibic\u00f3w - Victim Care Devon &amp; Cornwall","og_description":"Access specialist support and information for victims of crime, even if you haven't reported to police.","og_url":"https:\/\/victimcare-dc.org\/pl\/pomoc-dla-kibicow\/","og_site_name":"Victim Care Devon &amp; Cornwall","article_publisher":"https:\/\/www.facebook.com\/DCPCC","article_modified_time":"2024-03-12T15:35:30+00:00","og_image":[{"url":"https:\/\/victimcare-dc.org\/wp-content\/uploads\/2023\/04\/shutterstock_1332865433-1024x683-888x474.jpg","type":"","width":"","height":""}],"twitter_card":"summary_large_image","twitter_site":"@DC_PCC","twitter_misc":{"Szacowany czas czytania":"1 minute"},"schema":{"@context":"https:\/\/schema.org","@graph":[{"@type":"WebPage","@id":"https:\/\/victimcare-dc.org\/pl\/pomoc-dla-kibicow\/","url":"https:\/\/victimcare-dc.org\/pl\/pomoc-dla-kibicow\/","name":"Pomoc dla kibic\u00f3w - Victim Care Devon &amp; Cornwall","isPartOf":{"@id":"https:\/\/victimcare-dc.org\/pl\/#website"},"primaryImageOfPage":{"@id":"https:\/\/victimcare-dc.org\/pl\/pomoc-dla-kibicow\/#primaryimage"},"image":{"@id":"https:\/\/victimcare-dc.org\/pl\/pomoc-dla-kibicow\/#primaryimage"},"thumbnailUrl":"https:\/\/victimcare-dc.org\/wp-content\/uploads\/2023\/04\/shutterstock_1332865433-1024x683-888x474.jpg","datePublished":"2023-04-14T14:18:26+00:00","dateModified":"2024-03-12T15:35:30+00:00","description":"Access specialist support and information for victims of crime, even if you haven't reported to police.","breadcrumb":{"@id":"https:\/\/victimcare-dc.org\/pl\/pomoc-dla-kibicow\/#breadcrumb"},"inLanguage":"pl-PL","potentialAction":[{"@type":"ReadAction","target":["https:\/\/victimcare-dc.org\/pl\/pomoc-dla-kibicow\/"]}]},{"@type":"ImageObject","inLanguage":"pl-PL","@id":"https:\/\/victimcare-dc.org\/pl\/pomoc-dla-kibicow\/#primaryimage","url":"https:\/\/victimcare-dc.org\/wp-content\/uploads\/2023\/04\/shutterstock_1332865433-1024x683-888x474.jpg","contentUrl":"https:\/\/victimcare-dc.org\/wp-content\/uploads\/2023\/04\/shutterstock_1332865433-1024x683-888x474.jpg"},{"@type":"BreadcrumbList","@id":"https:\/\/victimcare-dc.org\/pl\/pomoc-dla-kibicow\/#breadcrumb","itemListElement":[{"@type":"ListItem","position":1,"name":"Home","item":"https:\/\/victimcare-dc.org\/pl\/"},{"@type":"ListItem","position":2,"name":"Pomoc dla kibic\u00f3w"}]},{"@type":"WebSite","@id":"https:\/\/victimcare-dc.org\/pl\/#website","url":"https:\/\/victimcare-dc.org\/pl\/","name":"Victim Care Devon and Cornwall","description":"Putting you at the heart of your own care","publisher":{"@id":"https:\/\/victimcare-dc.org\/pl\/#organization"},"potentialAction":[{"@type":"SearchAction","target":{"@type":"EntryPoint","urlTemplate":"https:\/\/victimcare-dc.org\/pl\/?s={search_term_string}"},"query-input":{"@type":"PropertyValueSpecification","valueRequired":true,"valueName":"search_term_string"}}],"inLanguage":"pl-PL"},{"@type":"Organization","@id":"https:\/\/victimcare-dc.org\/pl\/#organization","name":"Victim Care Devon and Cornwall","url":"https:\/\/victimcare-dc.org\/pl\/","logo":{"@type":"ImageObject","inLanguage":"pl-PL","@id":"https:\/\/victimcare-dc.org\/pl\/#\/schema\/logo\/image\/","url":"https:\/\/i0.wp.com\/victimcare-dc.org\/wp-content\/uploads\/2023\/05\/Victim-Care-logo-FINAL-web-1.png?fit=1600%2C1472&ssl=1","contentUrl":"https:\/\/i0.wp.com\/victimcare-dc.org\/wp-content\/uploads\/2023\/05\/Victim-Care-logo-FINAL-web-1.png?fit=1600%2C1472&ssl=1","width":1600,"height":1472,"caption":"Victim Care Devon and Cornwall"},"image":{"@id":"https:\/\/victimcare-dc.org\/pl\/#\/schema\/logo\/image\/"},"sameAs":["https:\/\/www.facebook.com\/DCPCC","https:\/\/x.com\/DC_PCC"]}]}},"jetpack_sharing_enabled":true,"builder_content":"<img src=\"https:\/\/victimcare-dc.org\/wp-content\/uploads\/2023\/04\/shutterstock_1332865433-1024x683-888x474.jpg\" width=\"888\" height=\"474\" title=\"Pomoc dla kibic\u00f3w\" alt=\"Pomoc dla kibic\u00f3w\" srcset=\"https:\/\/i0.wp.com\/victimcare-dc.org\/wp-content\/uploads\/2023\/04\/shutterstock_1332865433-scaled.jpg?resize=888%2C474&amp;ssl=1 888w, https:\/\/i0.wp.com\/victimcare-dc.org\/wp-content\/uploads\/2023\/04\/shutterstock_1332865433-scaled.jpg?zoom=2&amp;resize=888%2C474&amp;ssl=1 1776w\" sizes=\"(max-width: 888px) 100vw, 888px\" \/>\n<h3>Co mam zrobi\u0107, je\u015bli martwi\u0119 si\u0119 o kogo\u015b innego?<\/h3> <p>By\u0107 mo\u017ce odwiedzi\u0142e\u015b nasz\u0105 stron\u0119 internetow\u0105, poniewa\u017c martwisz si\u0119 o kogo\u015b, kto jest dotkni\u0119ty przest\u0119pczo\u015bci\u0105. Mo\u017cesz te\u017c potrzebowa\u0107 wsparcia, poniewa\u017c wspierasz kogo\u015b innego. Zdajemy sobie spraw\u0119, \u017ce wspieranie osoby, kt\u00f3ra pad\u0142a ofiar\u0105 przest\u0119pstwa, mo\u017ce by\u0107 trudne i \u017ce wa\u017cne jest r\u00f3wnie\u017c, aby samemu uzyska\u0107 potrzebn\u0105 pomoc i wsparcie. <\/p> <p>Rozumiemy, \u017ce mo\u017cesz by\u0107 jedyn\u0105 osob\u0105, kt\u00f3ra wie, co si\u0119 sta\u0142o i mo\u017cesz pomaga\u0107 osobie, na kt\u00f3rej Ci zale\u017cy, w podejmowaniu wa\u017cnych decyzji dotycz\u0105cych tego, czego potrzebuje. <\/p>\n<h3 style=\"text-align: center;\">Dobr\u0105 wiadomo\u015bci\u0105 jest to, \u017ce Victim Support jest r\u00f3wnie\u017c w stanie wesprze\u0107 przyjaci\u00f3\u0142, rodzin\u0119 i inne osoby zaanga\u017cowane w przest\u0119pstwo. Wystarczy poda\u0107 te same dane kontaktowe, aby porozmawia\u0107 z kim\u015b z Victim Support, kto mo\u017ce pom\u00f3c.<\/h3>\n<a href=\"https:\/\/www.victimsupport.org.uk\/\" > odwied\u017a wsparcie dla ofiar <\/a>\n<p>Opr\u00f3cz korzystania z infolinii i czatu na \u017cywo, mo\u017cna r\u00f3wnie\u017c uzyska\u0107 dost\u0119p do My Support Space. Dostarczany przez Victim Support, zawiera szereg przydatnych internetowych zasob\u00f3w i przewodnik\u00f3w samopomocy. Obejmuje to mi\u0119dzy innymi przewodniki na temat tego, jak rozmawia\u0107 z dzie\u0107mi, rozmawia\u0107 z osobami dotkni\u0119tymi przest\u0119pczo\u015bci\u0105 i rozpoznawa\u0107 oznaki przemocy domowej.<\/p>\n<a href=\"https:\/\/www.mysupportspace.org.uk\/\" > ODWIED\u0179 MOJ\u0104 PRZESTRZE\u0143 WSPARCIA <\/a>","_links":{"self":[{"href":"https:\/\/victimcare-dc.org\/pl\/wp-json\/wp\/v2\/pages\/3529","targetHints":{"allow":["GET"]}}],"collection":[{"href":"https:\/\/victimcare-dc.org\/pl\/wp-json\/wp\/v2\/pages"}],"about":[{"href":"https:\/\/victimcare-dc.org\/pl\/wp-json\/wp\/v2\/types\/page"}],"author":[{"embeddable":true,"href":"https:\/\/victimcare-dc.org\/pl\/wp-json\/wp\/v2\/users\/1"}],"replies":[{"embeddable":true,"href":"https:\/\/victimcare-dc.org\/pl\/wp-json\/wp\/v2\/comments?post=3529"}],"version-history":[{"count":2,"href":"https:\/\/victimcare-dc.org\/pl\/wp-json\/wp\/v2\/pages\/3529\/revisions"}],"predecessor-version":[{"id":3577,"href":"https:\/\/victimcare-dc.org\/pl\/wp-json\/wp\/v2\/pages\/3529\/revisions\/3577"}],"wp:attachment":[{"href":"https:\/\/victimcare-dc.org\/pl\/wp-json\/wp\/v2\/media?parent=3529"}],"curies":[{"name":"wp","href":"https:\/\/api.w.org\/{rel}","templated":true}]}}