{"id":3214,"date":"2023-12-07T13:01:43","date_gmt":"2023-12-07T13:01:43","guid":{"rendered":"https:\/\/victimcare-dc.org\/a-justica-penal-e-voce\/"},"modified":"2024-03-19T11:27:09","modified_gmt":"2024-03-19T11:27:09","slug":"a-justica-penal-e-voce","status":"publish","type":"page","link":"https:\/\/victimcare-dc.org\/pt-pt\/a-justica-penal-e-voce\/","title":{"rendered":"A justi\u00e7a penal e voc\u00ea"},"content":{"rendered":"<!--themify_builder_content-->\n<div id=\"themify_builder_content-3214\" data-postid=\"3214\" class=\"themify_builder_content themify_builder_content-3214 themify_builder tf_clear\">\n                    <div  data-lazy=\"1\" class=\"module_row themify_builder_row tb_0iie717 tb_first tf_w\">\n                        <div class=\"row_inner col_align_top tb_col_count_1 tf_box tf_rel\">\n                        <div  data-lazy=\"1\" class=\"module_column tb-column col-full tb_vce9717 first\">\n                    <!-- module text -->\n<div  class=\"module module-text tb_k34x996   \" data-lazy=\"1\">\n        <div  class=\"tb_text_wrap\">\n        <p><span style=\"font-weight: 400;\">Este recurso interativo foi desenvolvido em nome do Conselho Local de Justi\u00e7a Criminal (Local Criminal Justice Board) em parceria com o Gabinete do Comiss\u00e1rio da Pol\u00edcia e do Crime (Office of the Police and Crime Commissioner) para o ajudar a compreender todas as partes do processo de justi\u00e7a criminal.<\/span><\/p>\n<p><span style=\"font-weight: 400;\">Um representante de cada uma das nossas ag\u00eancias parceiras ir\u00e1 explicar-lhe o seu papel no seu percurso, falando-lhe enquanto profissional diretamente envolvido nessa \u00e1rea de trabalho.<\/span><\/p>\n<p><span style=\"font-weight: 400;\">Inclu\u00edmos tamb\u00e9m alguns dos recursos pr\u00f3prios dos nossos parceiros e liga\u00e7\u00f5es \u00fateis para contactar a pessoa certa e para ler mais sobre cada passo.  <\/span><\/p>\n<p><span style=\"font-weight: 400;\">Se estiver a ver isto numa l\u00edngua diferente do ingl\u00eas, pode ver uma lista de reprodu\u00e7\u00e3o do YouTube com os v\u00eddeos inclu\u00eddos neste recurso e escolher a l\u00edngua de legendas adequada. Em alternativa, clique nas hiperliga\u00e7\u00f5es abaixo para aceder a gui\u00f5es de texto simples em PDF de cada v\u00eddeo para utilizar com o seu pr\u00f3prio software de tradu\u00e7\u00e3o.<\/span> <\/p>\n<p>Escolha a vers\u00e3o m\u00f3vel se estiver a visualizar este recurso num telem\u00f3vel ou tablet. Se tiver dificuldade em ver os v\u00eddeos, pode tamb\u00e9m v\u00ea-los na nossa <a href=\"https:\/\/www.youtube.com\/playlist?list=PLeRSjPpAX54dvMPbrnUSZMUzBu635QOgU\">lista de reprodu\u00e7\u00e3o do YouTube<\/a>.<\/p>\n<p>As transcri\u00e7\u00f5es, bem como um gloss\u00e1rio para cada v\u00eddeo, tamb\u00e9m est\u00e3o dispon\u00edveis nos links abaixo.<\/p>    <\/div>\n<\/div>\n<!-- \/module text -->        <\/div>\n                        <\/div>\n        <\/div>\n                        <div  data-lazy=\"1\" class=\"module_row themify_builder_row tb_cxel86 tf_w\">\n                        <div class=\"row_inner col_align_top tb_col_count_1 tf_box tf_rel\">\n                        <div  data-lazy=\"1\" class=\"module_column tb-column col-full tb_y6hm86 first\">\n                    <!-- module text -->\n<div  class=\"module module-text tb_uqn0528   \" data-lazy=\"1\">\n        <div  class=\"tb_text_wrap\">\n        <h3><span style=\"font-weight: bold;\">Vers\u00e3o para computador<\/span><\/h3>    <\/div>\n<\/div>\n<!-- \/module text --><!-- module plain text -->\n<div  class=\"module module-plain-text tb_5cw9947 \" data-lazy=\"1\">\n        <div class=\"tb_text_wrap\">\n    <iframe loading=\"lazy\" style=\"border: 1px solid #777;\" src=\"https:\/\/indd.adobe.com\/embed\/1af7c271-a581-401d-957c-0ebf70c28de4?startpage=1&#038;allowFullscreen=true\" width=\"650px\" height=\"460px\" frameborder=\"0\" allowfullscreen=\"\"><\/iframe>    <\/div>\n<\/div>\n<!-- \/module plain text --><!-- module text -->\n<div  class=\"module module-text tb_ssqh149   \" data-lazy=\"1\">\n        <div  class=\"tb_text_wrap\">\n        <h3><span style=\"font-weight: bold;\">Vers\u00e3o m\u00f3vel<\/span><\/h3>    <\/div>\n<\/div>\n<!-- \/module text --><!-- module plain text -->\n<div  class=\"module module-plain-text tb_ufoz709 \" data-lazy=\"1\">\n        <div class=\"tb_text_wrap\">\n    <iframe loading=\"lazy\" style=\"border: 1px solid #777;\" src=\"https:\/\/indd.adobe.com\/embed\/de607b94-277c-45d5-85f4-f3529526da05?startpage=1&#038;allowFullscreen=true\" width=\"650px\" height=\"460px\" frameborder=\"0\" allowfullscreen=\"\"><\/iframe>    <\/div>\n<\/div>\n<!-- \/module plain text -->        <\/div>\n                        <\/div>\n        <\/div>\n                        <div  data-lazy=\"1\" class=\"module_row themify_builder_row tb_v11t436 tf_w\">\n                        <div class=\"row_inner col_align_top tb_col_count_1 tf_box tf_rel\">\n                        <div  data-lazy=\"1\" class=\"module_column tb-column col-full tb_b7bu436 first\">\n                            <div  data-lazy=\"1\" class=\"module_subrow themify_builder_sub_row tf_w col_align_top tb_col_count_1 tb_fgd2330\">\n                <div  data-lazy=\"1\" class=\"module_column sub_column col-full tb_o9w0330 first\">\n                    <!-- module text -->\n<div  class=\"module module-text tb_dxsi216   \" data-lazy=\"1\">\n        <div  class=\"tb_text_wrap\">\n        <h5><strong><a href=\"https:\/\/victimcare-dc.org\/wp-content\/uploads\/2024\/02\/Introduction.pdf\">Introdu\u00e7\u00e3o<\/a><\/strong><\/h5>\n<h5><strong><a href=\"https:\/\/victimcare-dc.org\/wp-content\/uploads\/2024\/02\/Reporting-a-Crime.pdf\">Comunicar um crime<\/a><\/strong><\/h5>\n<h5><strong><a href=\"https:\/\/victimcare-dc.org\/wp-content\/uploads\/2024\/02\/Providing-a-statement.pdf\">Fornecer uma declara\u00e7\u00e3o<\/a><\/strong><\/h5>\n<h5><strong><a href=\"https:\/\/victimcare-dc.org\/wp-content\/uploads\/2024\/02\/Investigating-a-crime.pdf\">Investiga\u00e7\u00e3o de um crime<\/a><\/strong><\/h5>\n<h5><strong><a href=\"https:\/\/victimcare-dc.org\/wp-content\/uploads\/2024\/02\/Victim-personal-statement.pdf\">Declara\u00e7\u00e3o pessoal da v\u00edtima<\/a><\/strong><\/h5>\n<h5><strong><a href=\"https:\/\/victimcare-dc.org\/wp-content\/uploads\/2024\/02\/Police-victim-care.pdf\">Assist\u00eancia \u00e0s v\u00edtimas da pol\u00edcia<\/a><\/strong><\/h5>\n<h5><strong><a href=\"https:\/\/victimcare-dc.org\/wp-content\/uploads\/2024\/02\/Victim-support-services.pdf\">Servi\u00e7os de apoio \u00e0 v\u00edtima<\/a><\/strong><\/h5>\n<h5><strong><a href=\"https:\/\/victimcare-dc.org\/wp-content\/uploads\/2024\/02\/Crown-Prosecution-Service.pdf\">Minist\u00e9rio P\u00fablico da Coroa<\/a><\/strong><\/h5>\n<h5><strong><a href=\"https:\/\/victimcare-dc.org\/wp-content\/uploads\/2024\/02\/Restorative-justice.pdf\">Justi\u00e7a reparadora<\/a><\/strong><\/h5>\n<h5><strong><a href=\"https:\/\/victimcare-dc.org\/wp-content\/uploads\/2024\/02\/Out-of-court-resolutions.pdf\">Resolu\u00e7\u00f5es extrajudiciais<\/a><\/strong><\/h5>\n<h5><strong><a href=\"https:\/\/victimcare-dc.org\/wp-content\/uploads\/2024\/02\/Keeping-you-informed.pdf\">Manter o utilizador informado<\/a><\/strong><\/h5>\n<h5><strong><a href=\"https:\/\/victimcare-dc.org\/wp-content\/uploads\/2024\/02\/Special-measures.pdf\">Medidas especiais<\/a><\/strong><\/h5>\n<h5><strong><a href=\"https:\/\/victimcare-dc.org\/wp-content\/uploads\/2024\/02\/After-the-trial.pdf\">Ap\u00f3s o julgamento<\/a><\/strong><\/h5>\n<h5><strong><a href=\"https:\/\/victimcare-dc.org\/wp-content\/uploads\/2024\/02\/Prison-and-probation.pdf\">Pris\u00e3o e liberdade condicional<\/a><\/strong><\/h5>\n<h5><strong><a href=\"https:\/\/victimcare-dc.org\/wp-content\/uploads\/2024\/02\/Youth-Justice-Service.pdf\">Servi\u00e7o de Justi\u00e7a Juvenil<\/a><\/strong><\/h5>    <\/div>\n<\/div>\n<!-- \/module text -->        <\/div>\n                    <\/div>\n                <\/div>\n                        <\/div>\n        <\/div>\n        <\/div>\n<!--\/themify_builder_content-->","protected":false},"excerpt":{"rendered":"<p>Este recurso interativo foi desenvolvido em nome do Conselho Local de Justi\u00e7a Criminal (Local Criminal Justice Board) em parceria com [&hellip;]<\/p>\n","protected":false},"author":3,"featured_media":0,"parent":0,"menu_order":0,"comment_status":"closed","ping_status":"closed","template":"","meta":{"footnotes":""},"class_list":["post-3214","page","type-page","status-publish","hentry","has-post-title","has-post-date","has-post-category","has-post-tag","has-post-comment","has-post-author",""],"yoast_head":"<!-- This site is optimized with the Yoast SEO plugin v27.5 - https:\/\/yoast.com\/product\/yoast-seo-wordpress\/ -->\n<title>A justi\u00e7a penal e voc\u00ea - Victim Care Devon &amp; Cornwall<\/title>\n<meta name=\"description\" content=\"Um guia para ajudar as v\u00edtimas de crime a compreender o que acontece em cada fase do processo de justi\u00e7a penal\" \/>\n<meta name=\"robots\" content=\"index, follow, max-snippet:-1, max-image-preview:large, max-video-preview:-1\" \/>\n<link rel=\"canonical\" href=\"https:\/\/victimcare-dc.org\/pt-pt\/a-justica-penal-e-voce\/\" \/>\n<meta property=\"og:locale\" content=\"pt_PT\" \/>\n<meta property=\"og:type\" content=\"article\" \/>\n<meta property=\"og:title\" content=\"A justi\u00e7a penal e voc\u00ea - Victim Care Devon &amp; Cornwall\" \/>\n<meta property=\"og:description\" content=\"Um guia para ajudar as v\u00edtimas de crime a compreender o que acontece em cada fase do processo de justi\u00e7a penal\" \/>\n<meta property=\"og:url\" content=\"https:\/\/victimcare-dc.org\/pt-pt\/a-justica-penal-e-voce\/\" \/>\n<meta property=\"og:site_name\" content=\"Victim Care Devon &amp; Cornwall\" \/>\n<meta property=\"article:publisher\" content=\"https:\/\/www.facebook.com\/DCPCC\" \/>\n<meta property=\"article:modified_time\" content=\"2024-03-19T11:27:09+00:00\" \/>\n<meta name=\"twitter:card\" content=\"summary_large_image\" \/>\n<meta name=\"twitter:site\" content=\"@DC_PCC\" \/>\n<meta name=\"twitter:label1\" content=\"Tempo estimado de leitura\" \/>\n\t<meta name=\"twitter:data1\" content=\"2 minutos\" \/>\n<script type=\"application\/ld+json\" class=\"yoast-schema-graph\">{\"@context\":\"https:\\\/\\\/schema.org\",\"@graph\":[{\"@type\":\"WebPage\",\"@id\":\"https:\\\/\\\/victimcare-dc.org\\\/pt-pt\\\/a-justica-penal-e-voce\\\/\",\"url\":\"https:\\\/\\\/victimcare-dc.org\\\/pt-pt\\\/a-justica-penal-e-voce\\\/\",\"name\":\"A justi\u00e7a penal e voc\u00ea - Victim Care Devon &amp; Cornwall\",\"isPartOf\":{\"@id\":\"https:\\\/\\\/victimcare-dc.org\\\/pt-pt\\\/#website\"},\"datePublished\":\"2023-12-07T13:01:43+00:00\",\"dateModified\":\"2024-03-19T11:27:09+00:00\",\"description\":\"Um guia para ajudar as v\u00edtimas de crime a compreender o que acontece em cada fase do processo de justi\u00e7a penal\",\"breadcrumb\":{\"@id\":\"https:\\\/\\\/victimcare-dc.org\\\/pt-pt\\\/a-justica-penal-e-voce\\\/#breadcrumb\"},\"inLanguage\":\"pt-PT\",\"potentialAction\":[{\"@type\":\"ReadAction\",\"target\":[\"https:\\\/\\\/victimcare-dc.org\\\/pt-pt\\\/a-justica-penal-e-voce\\\/\"]}]},{\"@type\":\"BreadcrumbList\",\"@id\":\"https:\\\/\\\/victimcare-dc.org\\\/pt-pt\\\/a-justica-penal-e-voce\\\/#breadcrumb\",\"itemListElement\":[{\"@type\":\"ListItem\",\"position\":1,\"name\":\"Home\",\"item\":\"https:\\\/\\\/victimcare-dc.org\\\/pt-pt\\\/\"},{\"@type\":\"ListItem\",\"position\":2,\"name\":\"A justi\u00e7a penal e voc\u00ea\"}]},{\"@type\":\"WebSite\",\"@id\":\"https:\\\/\\\/victimcare-dc.org\\\/pt-pt\\\/#website\",\"url\":\"https:\\\/\\\/victimcare-dc.org\\\/pt-pt\\\/\",\"name\":\"Victim Care Devon and Cornwall\",\"description\":\"Putting you at the heart of your own care\",\"publisher\":{\"@id\":\"https:\\\/\\\/victimcare-dc.org\\\/pt-pt\\\/#organization\"},\"potentialAction\":[{\"@type\":\"SearchAction\",\"target\":{\"@type\":\"EntryPoint\",\"urlTemplate\":\"https:\\\/\\\/victimcare-dc.org\\\/pt-pt\\\/?s={search_term_string}\"},\"query-input\":{\"@type\":\"PropertyValueSpecification\",\"valueRequired\":true,\"valueName\":\"search_term_string\"}}],\"inLanguage\":\"pt-PT\"},{\"@type\":\"Organization\",\"@id\":\"https:\\\/\\\/victimcare-dc.org\\\/pt-pt\\\/#organization\",\"name\":\"Victim Care Devon and Cornwall\",\"url\":\"https:\\\/\\\/victimcare-dc.org\\\/pt-pt\\\/\",\"logo\":{\"@type\":\"ImageObject\",\"inLanguage\":\"pt-PT\",\"@id\":\"https:\\\/\\\/victimcare-dc.org\\\/pt-pt\\\/#\\\/schema\\\/logo\\\/image\\\/\",\"url\":\"https:\\\/\\\/i0.wp.com\\\/victimcare-dc.org\\\/wp-content\\\/uploads\\\/2023\\\/05\\\/Victim-Care-logo-FINAL-web-1.png?fit=1600%2C1472&ssl=1\",\"contentUrl\":\"https:\\\/\\\/i0.wp.com\\\/victimcare-dc.org\\\/wp-content\\\/uploads\\\/2023\\\/05\\\/Victim-Care-logo-FINAL-web-1.png?fit=1600%2C1472&ssl=1\",\"width\":1600,\"height\":1472,\"caption\":\"Victim Care Devon and Cornwall\"},\"image\":{\"@id\":\"https:\\\/\\\/victimcare-dc.org\\\/pt-pt\\\/#\\\/schema\\\/logo\\\/image\\\/\"},\"sameAs\":[\"https:\\\/\\\/www.facebook.com\\\/DCPCC\",\"https:\\\/\\\/x.com\\\/DC_PCC\"]}]}<\/script>\n<!-- \/ Yoast SEO plugin. -->","yoast_head_json":{"title":"A justi\u00e7a penal e voc\u00ea - Victim Care Devon &amp; Cornwall","description":"Um guia para ajudar as v\u00edtimas de crime a compreender o que acontece em cada fase do processo de justi\u00e7a penal","robots":{"index":"index","follow":"follow","max-snippet":"max-snippet:-1","max-image-preview":"max-image-preview:large","max-video-preview":"max-video-preview:-1"},"canonical":"https:\/\/victimcare-dc.org\/pt-pt\/a-justica-penal-e-voce\/","og_locale":"pt_PT","og_type":"article","og_title":"A justi\u00e7a penal e voc\u00ea - Victim Care Devon &amp; Cornwall","og_description":"Um guia para ajudar as v\u00edtimas de crime a compreender o que acontece em cada fase do processo de justi\u00e7a penal","og_url":"https:\/\/victimcare-dc.org\/pt-pt\/a-justica-penal-e-voce\/","og_site_name":"Victim Care Devon &amp; Cornwall","article_publisher":"https:\/\/www.facebook.com\/DCPCC","article_modified_time":"2024-03-19T11:27:09+00:00","twitter_card":"summary_large_image","twitter_site":"@DC_PCC","twitter_misc":{"Tempo estimado de leitura":"2 minutos"},"schema":{"@context":"https:\/\/schema.org","@graph":[{"@type":"WebPage","@id":"https:\/\/victimcare-dc.org\/pt-pt\/a-justica-penal-e-voce\/","url":"https:\/\/victimcare-dc.org\/pt-pt\/a-justica-penal-e-voce\/","name":"A justi\u00e7a penal e voc\u00ea - Victim Care Devon &amp; Cornwall","isPartOf":{"@id":"https:\/\/victimcare-dc.org\/pt-pt\/#website"},"datePublished":"2023-12-07T13:01:43+00:00","dateModified":"2024-03-19T11:27:09+00:00","description":"Um guia para ajudar as v\u00edtimas de crime a compreender o que acontece em cada fase do processo de justi\u00e7a penal","breadcrumb":{"@id":"https:\/\/victimcare-dc.org\/pt-pt\/a-justica-penal-e-voce\/#breadcrumb"},"inLanguage":"pt-PT","potentialAction":[{"@type":"ReadAction","target":["https:\/\/victimcare-dc.org\/pt-pt\/a-justica-penal-e-voce\/"]}]},{"@type":"BreadcrumbList","@id":"https:\/\/victimcare-dc.org\/pt-pt\/a-justica-penal-e-voce\/#breadcrumb","itemListElement":[{"@type":"ListItem","position":1,"name":"Home","item":"https:\/\/victimcare-dc.org\/pt-pt\/"},{"@type":"ListItem","position":2,"name":"A justi\u00e7a penal e voc\u00ea"}]},{"@type":"WebSite","@id":"https:\/\/victimcare-dc.org\/pt-pt\/#website","url":"https:\/\/victimcare-dc.org\/pt-pt\/","name":"Victim Care Devon and Cornwall","description":"Putting you at the heart of your own care","publisher":{"@id":"https:\/\/victimcare-dc.org\/pt-pt\/#organization"},"potentialAction":[{"@type":"SearchAction","target":{"@type":"EntryPoint","urlTemplate":"https:\/\/victimcare-dc.org\/pt-pt\/?s={search_term_string}"},"query-input":{"@type":"PropertyValueSpecification","valueRequired":true,"valueName":"search_term_string"}}],"inLanguage":"pt-PT"},{"@type":"Organization","@id":"https:\/\/victimcare-dc.org\/pt-pt\/#organization","name":"Victim Care Devon and Cornwall","url":"https:\/\/victimcare-dc.org\/pt-pt\/","logo":{"@type":"ImageObject","inLanguage":"pt-PT","@id":"https:\/\/victimcare-dc.org\/pt-pt\/#\/schema\/logo\/image\/","url":"https:\/\/i0.wp.com\/victimcare-dc.org\/wp-content\/uploads\/2023\/05\/Victim-Care-logo-FINAL-web-1.png?fit=1600%2C1472&ssl=1","contentUrl":"https:\/\/i0.wp.com\/victimcare-dc.org\/wp-content\/uploads\/2023\/05\/Victim-Care-logo-FINAL-web-1.png?fit=1600%2C1472&ssl=1","width":1600,"height":1472,"caption":"Victim Care Devon and Cornwall"},"image":{"@id":"https:\/\/victimcare-dc.org\/pt-pt\/#\/schema\/logo\/image\/"},"sameAs":["https:\/\/www.facebook.com\/DCPCC","https:\/\/x.com\/DC_PCC"]}]}},"jetpack_sharing_enabled":true,"builder_content":"<p>Este recurso interativo foi desenvolvido em nome do Conselho Local de Justi\u00e7a Criminal (Local Criminal Justice Board) em parceria com o Gabinete do Comiss\u00e1rio da Pol\u00edcia e do Crime (Office of the Police and Crime Commissioner) para o ajudar a compreender todas as partes do processo de justi\u00e7a criminal.<\/p> <p>Um representante de cada uma das nossas ag\u00eancias parceiras ir\u00e1 explicar-lhe o seu papel no seu percurso, falando-lhe enquanto profissional diretamente envolvido nessa \u00e1rea de trabalho.<\/p> <p>Inclu\u00edmos tamb\u00e9m alguns dos recursos pr\u00f3prios dos nossos parceiros e liga\u00e7\u00f5es \u00fateis para contactar a pessoa certa e para ler mais sobre cada passo. <\/p> <p>Se estiver a ver isto numa l\u00edngua diferente do ingl\u00eas, pode ver uma lista de reprodu\u00e7\u00e3o do YouTube com os v\u00eddeos inclu\u00eddos neste recurso e escolher a l\u00edngua de legendas adequada. Em alternativa, clique nas hiperliga\u00e7\u00f5es abaixo para aceder a gui\u00f5es de texto simples em PDF de cada v\u00eddeo para utilizar com o seu pr\u00f3prio software de tradu\u00e7\u00e3o. <\/p> <p>Escolha a vers\u00e3o m\u00f3vel se estiver a visualizar este recurso num telem\u00f3vel ou tablet. Se tiver dificuldade em ver os v\u00eddeos, pode tamb\u00e9m v\u00ea-los na nossa <a href=\"https:\/\/www.youtube.com\/playlist?list=PLeRSjPpAX54dvMPbrnUSZMUzBu635QOgU\">lista de reprodu\u00e7\u00e3o do YouTube<\/a>.<\/p> <p>As transcri\u00e7\u00f5es, bem como um gloss\u00e1rio para cada v\u00eddeo, tamb\u00e9m est\u00e3o dispon\u00edveis nos links abaixo.<\/p>\n<h3>Vers\u00e3o para computador<\/h3>\n<iframe loading=\"lazy\" style=\"border: 1px solid #777;\" src=\"https:\/\/indd.adobe.com\/embed\/1af7c271-a581-401d-957c-0ebf70c28de4?startpage=1&allowFullscreen=true\" width=\"650px\" height=\"460px\" frameborder=\"0\" allowfullscreen=\"\"><\/iframe>\n<h3>Vers\u00e3o m\u00f3vel<\/h3>\n<iframe loading=\"lazy\" style=\"border: 1px solid #777;\" src=\"https:\/\/indd.adobe.com\/embed\/de607b94-277c-45d5-85f4-f3529526da05?startpage=1&allowFullscreen=true\" width=\"650px\" height=\"460px\" frameborder=\"0\" allowfullscreen=\"\"><\/iframe>\n<h5><strong><a href=\"https:\/\/victimcare-dc.org\/wp-content\/uploads\/2024\/02\/Introduction.pdf\">Introdu\u00e7\u00e3o<\/a><\/strong><\/h5> <h5><strong><a href=\"https:\/\/victimcare-dc.org\/wp-content\/uploads\/2024\/02\/Reporting-a-Crime.pdf\">Comunicar um crime<\/a><\/strong><\/h5> <h5><strong><a href=\"https:\/\/victimcare-dc.org\/wp-content\/uploads\/2024\/02\/Providing-a-statement.pdf\">Fornecer uma declara\u00e7\u00e3o<\/a><\/strong><\/h5> <h5><strong><a href=\"https:\/\/victimcare-dc.org\/wp-content\/uploads\/2024\/02\/Investigating-a-crime.pdf\">Investiga\u00e7\u00e3o de um crime<\/a><\/strong><\/h5> <h5><strong><a href=\"https:\/\/victimcare-dc.org\/wp-content\/uploads\/2024\/02\/Victim-personal-statement.pdf\">Declara\u00e7\u00e3o pessoal da v\u00edtima<\/a><\/strong><\/h5> <h5><strong><a href=\"https:\/\/victimcare-dc.org\/wp-content\/uploads\/2024\/02\/Police-victim-care.pdf\">Assist\u00eancia \u00e0s v\u00edtimas da pol\u00edcia<\/a><\/strong><\/h5> <h5><strong><a href=\"https:\/\/victimcare-dc.org\/wp-content\/uploads\/2024\/02\/Victim-support-services.pdf\">Servi\u00e7os de apoio \u00e0 v\u00edtima<\/a><\/strong><\/h5> <h5><strong><a href=\"https:\/\/victimcare-dc.org\/wp-content\/uploads\/2024\/02\/Crown-Prosecution-Service.pdf\">Minist\u00e9rio P\u00fablico da Coroa<\/a><\/strong><\/h5> <h5><strong><a href=\"https:\/\/victimcare-dc.org\/wp-content\/uploads\/2024\/02\/Restorative-justice.pdf\">Justi\u00e7a reparadora<\/a><\/strong><\/h5> <h5><strong><a href=\"https:\/\/victimcare-dc.org\/wp-content\/uploads\/2024\/02\/Out-of-court-resolutions.pdf\">Resolu\u00e7\u00f5es extrajudiciais<\/a><\/strong><\/h5> <h5><strong><a href=\"https:\/\/victimcare-dc.org\/wp-content\/uploads\/2024\/02\/Keeping-you-informed.pdf\">Manter o utilizador informado<\/a><\/strong><\/h5> <h5><strong><a href=\"https:\/\/victimcare-dc.org\/wp-content\/uploads\/2024\/02\/Special-measures.pdf\">Medidas especiais<\/a><\/strong><\/h5> <h5><strong><a href=\"https:\/\/victimcare-dc.org\/wp-content\/uploads\/2024\/02\/After-the-trial.pdf\">Ap\u00f3s o julgamento<\/a><\/strong><\/h5> <h5><strong><a href=\"https:\/\/victimcare-dc.org\/wp-content\/uploads\/2024\/02\/Prison-and-probation.pdf\">Pris\u00e3o e liberdade condicional<\/a><\/strong><\/h5> <h5><strong><a href=\"https:\/\/victimcare-dc.org\/wp-content\/uploads\/2024\/02\/Youth-Justice-Service.pdf\">Servi\u00e7o de Justi\u00e7a Juvenil<\/a><\/strong><\/h5>","_links":{"self":[{"href":"https:\/\/victimcare-dc.org\/pt-pt\/wp-json\/wp\/v2\/pages\/3214","targetHints":{"allow":["GET"]}}],"collection":[{"href":"https:\/\/victimcare-dc.org\/pt-pt\/wp-json\/wp\/v2\/pages"}],"about":[{"href":"https:\/\/victimcare-dc.org\/pt-pt\/wp-json\/wp\/v2\/types\/page"}],"author":[{"embeddable":true,"href":"https:\/\/victimcare-dc.org\/pt-pt\/wp-json\/wp\/v2\/users\/3"}],"replies":[{"embeddable":true,"href":"https:\/\/victimcare-dc.org\/pt-pt\/wp-json\/wp\/v2\/comments?post=3214"}],"version-history":[{"count":2,"href":"https:\/\/victimcare-dc.org\/pt-pt\/wp-json\/wp\/v2\/pages\/3214\/revisions"}],"predecessor-version":[{"id":3621,"href":"https:\/\/victimcare-dc.org\/pt-pt\/wp-json\/wp\/v2\/pages\/3214\/revisions\/3621"}],"wp:attachment":[{"href":"https:\/\/victimcare-dc.org\/pt-pt\/wp-json\/wp\/v2\/media?parent=3214"}],"curies":[{"name":"wp","href":"https:\/\/api.w.org\/{rel}","templated":true}]}}