{"id":3302,"date":"2023-10-03T12:07:50","date_gmt":"2023-10-03T12:07:50","guid":{"rendered":"https:\/\/victimcare-dc.org\/justica-reparadora\/"},"modified":"2024-03-12T15:45:04","modified_gmt":"2024-03-12T15:45:04","slug":"justica-reparadora","status":"publish","type":"page","link":"https:\/\/victimcare-dc.org\/pt-pt\/justica-reparadora\/","title":{"rendered":"Justi\u00e7a reparadora"},"content":{"rendered":"<!--themify_builder_content-->\n<div id=\"themify_builder_content-3302\" data-postid=\"3302\" class=\"themify_builder_content themify_builder_content-3302 themify_builder tf_clear\">\n                    <div  data-lazy=\"1\" class=\"module_row themify_builder_row tb_c15k847 tb_first tf_w\">\n                        <div class=\"row_inner col_align_top tb_col_count_1 tf_box tf_rel\">\n                        <div  data-lazy=\"1\" class=\"module_column tb-column col-full tb_gaeo848 first\">\n                    <!-- module image -->\n<div  class=\"module module-image tb_usl0363 image-top   tf_mw\" data-lazy=\"1\">\n        <div class=\"image-wrap tf_rel tf_mw\">\n            <img data-recalc-dims=\"1\" loading=\"lazy\" decoding=\"async\" width=\"1165\" height=\"777\" src=\"https:\/\/i0.wp.com\/victimcare-dc.org\/wp-content\/uploads\/2023\/10\/shutterstock_779179771-scaled.jpg?resize=1165%2C777&#038;ssl=1\" class=\"wp-post-image wp-image-3303\" title=\"Friendly,Man,Sitting,At,Window,In,Loft,Cafe\" alt=\"Friendly,Man,Sitting,At,Window,In,Loft,Cafe\" srcset=\"https:\/\/i0.wp.com\/victimcare-dc.org\/wp-content\/uploads\/2023\/10\/shutterstock_779179771-scaled.jpg?w=2560&amp;ssl=1 2560w, https:\/\/i0.wp.com\/victimcare-dc.org\/wp-content\/uploads\/2023\/10\/shutterstock_779179771-scaled.jpg?resize=300%2C200&amp;ssl=1 300w, https:\/\/i0.wp.com\/victimcare-dc.org\/wp-content\/uploads\/2023\/10\/shutterstock_779179771-scaled.jpg?resize=1024%2C683&amp;ssl=1 1024w, https:\/\/i0.wp.com\/victimcare-dc.org\/wp-content\/uploads\/2023\/10\/shutterstock_779179771-scaled.jpg?resize=768%2C512&amp;ssl=1 768w, https:\/\/i0.wp.com\/victimcare-dc.org\/wp-content\/uploads\/2023\/10\/shutterstock_779179771-scaled.jpg?resize=1536%2C1024&amp;ssl=1 1536w, https:\/\/i0.wp.com\/victimcare-dc.org\/wp-content\/uploads\/2023\/10\/shutterstock_779179771-scaled.jpg?resize=2048%2C1365&amp;ssl=1 2048w, https:\/\/i0.wp.com\/victimcare-dc.org\/wp-content\/uploads\/2023\/10\/shutterstock_779179771-scaled.jpg?w=2330&amp;ssl=1 2330w\" sizes=\"auto, (max-width: 1165px) 100vw, 1165px\" \/>    \n        <\/div>\n    <!-- \/image-wrap -->\n    \n        <\/div>\n<!-- \/module image -->        <\/div>\n                        <\/div>\n        <\/div>\n                        <div  data-lazy=\"1\" class=\"module_row themify_builder_row tb_ltsi868 tf_w\">\n                        <div class=\"row_inner col_align_top tb_col_count_1 tf_box tf_rel\">\n                        <div  data-lazy=\"1\" class=\"module_column tb-column col-full tb_6cbg869 first\">\n                    <!-- module text -->\n<div  class=\"module module-text tb_ek1j384   \" data-lazy=\"1\">\n        <div  class=\"tb_text_wrap\">\n        <div>\n<div class=\"cms-content\">\n<h2>O que \u00e9 a justi\u00e7a reparadora?<\/h2>\n<p>A justi\u00e7a restaurativa d\u00e1 a oportunidade \u00e0s pessoas prejudicadas por um crime e \u00e0s pessoas respons\u00e1veis por esse crime de partilharem a forma como o crime as afectou. Permite que todos os envolvidos desempenhem um papel na repara\u00e7\u00e3o dos danos e na procura de um caminho positivo para o futuro.<\/p>\n<p>A comunica\u00e7\u00e3o pode ser uma reuni\u00e3o presencial ou uma carta, uma entrevista \u00e1udio gravada ou um v\u00eddeo.<\/p>\n<p>Todas as v\u00edtimas de crime podem recorrer \u00e0 justi\u00e7a reparadora, mas o processo s\u00f3 ter\u00e1 lugar se tanto a v\u00edtima como o infrator o desejarem.<\/p>\n<p>A justi\u00e7a reparadora \u00e9 totalmente volunt\u00e1ria para todos os participantes. Facilitadores formados avaliam os riscos e certificam-se de que o processo \u00e9 seguro para todos os envolvidos.<\/p>\n<p>A justi\u00e7a restaurativa \u00e9 utilizada para qualquer tipo de crime e em qualquer fase do processo de justi\u00e7a penal, incluindo se o infrator estiver a cumprir uma pena de pris\u00e3o.<\/p>\n<\/div>\n<\/div>\n<div>\n<div class=\"cms-content\">\n<h2>Benef\u00edcios da justi\u00e7a reparadora<\/h2>\n<p>A justi\u00e7a restaurativa d\u00e1 \u00e0 v\u00edtima a oportunidade de explicar o impacto dos danos causados, atrav\u00e9s de uma comunica\u00e7\u00e3o segura com o apoio e o encorajamento de facilitadores formados. Podem explicar como se sentiram, descrever as consequ\u00eancias, fazer perguntas, receber uma explica\u00e7\u00e3o e pedir desculpa, se assim o desejarem.<\/p>\n<p>O processo pode capacitar e ajudar as v\u00edtimas a recuperar do incidente e a participa\u00e7\u00e3o na justi\u00e7a reparadora n\u00e3o tem qualquer influ\u00eancia na senten\u00e7a que o infrator pode receber.<\/p>\n<p>Os infractores t\u00eam a oportunidade de assumir a responsabilidade pelos seus actos, dar uma explica\u00e7\u00e3o e tomar medidas para reparar os danos. Pode ajud\u00e1-los a compreender como as suas ac\u00e7\u00f5es afectaram as v\u00edtimas e as suas fam\u00edlias.  <\/p>\n<p>A investiga\u00e7\u00e3o demonstra que a justi\u00e7a reparadora tamb\u00e9m conduz a uma redu\u00e7\u00e3o da reincid\u00eancia.<\/p>\n<\/div>\n<\/div>    <\/div>\n<\/div>\n<!-- \/module text -->        <\/div>\n                        <\/div>\n        <\/div>\n                        <div  data-lazy=\"1\" class=\"module_row themify_builder_row tb_rj4e154 tf_w\">\n                        <div class=\"row_inner col_align_top tb_col_count_1 tf_box tf_rel\">\n                        <div  data-lazy=\"1\" class=\"module_column tb-column col-full tb_5sde154 first\">\n                    <!-- module video -->\n<div  class=\"module module-video tb_7h2f71 video-top  \" data-lazy=\"1\">\n                    <div class=\"video-wrap-outer\">\n            <div class=\"video-wrap tf_rel tf_overflow\">\n                                    <noscript><iframe data-no-script src=\"https:\/\/www.youtube-nocookie.com\/embed\/4-vQ4ixlU_A?pip=1&#038;playsinline=1\" allow=\"accelerometer;encrypted-media;gyroscope;picture-in-picture;fullscreen\" class=\"tf_abs tf_w tf_h\"><\/iframe><\/noscript>\n                                <\/div>\n            <!-- \/video-wrap -->\n        <\/div>\n        <!-- \/video-wrap-outer -->\n            <\/div>\n        <\/div>\n                        <\/div>\n        <\/div>\n                        <div  data-lazy=\"1\" class=\"module_row themify_builder_row tb_ernb454 tf_w\">\n                        <div class=\"row_inner col_align_top tb_col_count_1 tf_box tf_rel\">\n                        <div  data-lazy=\"1\" class=\"module_column tb-column col-full tb_de38454 first\">\n                    <!-- module text -->\n<div  class=\"module module-text tb_f7cf24   \" data-lazy=\"1\">\n        <div  class=\"tb_text_wrap\">\n        <h2>Como candidatar-se \u00e0 justi\u00e7a reparadora<\/h2>\n<p>Contacte a Unidade de Apoio \u00e0 V\u00edtima, que pode organizar a justi\u00e7a reparadora para si e ajud\u00e1-lo com quaisquer quest\u00f5es que possa ter.<\/p>\n<p>Pode enviar <a href=\"mailto:victimservices@dc.police.uk\" target=\"_blank\" rel=\"noopener\">um e-mail<\/a> ou telefonar para o n\u00famero <a href=\"tel:01392%20475900\">01392 475900<\/a> das 8h00 \u00e0s 20h00 de segunda a sexta-feira e das 9h00 \u00e0s 17h00 ao fim de semana e feriados.<\/p>\n<p>Se decidir que quer participar na justi\u00e7a reparadora, receber\u00e1 apoio do nosso servi\u00e7o especializado em justi\u00e7a reparadora <a class=\"external-link\" href=\"https:\/\/www.shekinah.co.uk\/make-amends\" target=\"_blank\" rel=\"external noopener\" aria-label=\"Make Amends - This link will open in a new window\" data-gtm-link=\"offsite\">Make Amends<\/a>.  <\/p>    <\/div>\n<\/div>\n<!-- \/module text -->        <\/div>\n                        <\/div>\n        <\/div>\n        <\/div>\n<!--\/themify_builder_content-->","protected":false},"excerpt":{"rendered":"<p>O que \u00e9 a justi\u00e7a reparadora? A justi\u00e7a restaurativa d\u00e1 a oportunidade \u00e0s pessoas prejudicadas por um crime e \u00e0s [&hellip;]<\/p>\n","protected":false},"author":3,"featured_media":0,"parent":0,"menu_order":0,"comment_status":"closed","ping_status":"closed","template":"","meta":{"footnotes":""},"class_list":["post-3302","page","type-page","status-publish","hentry","has-post-title","has-post-date","has-post-category","has-post-tag","has-post-comment","has-post-author",""],"yoast_head":"<!-- This site is optimized with the Yoast SEO plugin v27.3 - https:\/\/yoast.com\/product\/yoast-seo-wordpress\/ -->\n<title>Justi\u00e7a reparadora - Victim Care Devon &amp; Cornwall<\/title>\n<meta name=\"description\" content=\"Access specialist support and information for victims of crime, even if you haven&#039;t reported to police.\" \/>\n<meta name=\"robots\" content=\"index, follow, max-snippet:-1, max-image-preview:large, max-video-preview:-1\" \/>\n<link rel=\"canonical\" href=\"https:\/\/victimcare-dc.org\/pt-pt\/justica-reparadora\/\" \/>\n<meta property=\"og:locale\" content=\"pt_PT\" \/>\n<meta property=\"og:type\" content=\"article\" \/>\n<meta property=\"og:title\" content=\"Justi\u00e7a reparadora - Victim Care Devon &amp; Cornwall\" \/>\n<meta property=\"og:description\" content=\"Access specialist support and information for victims of crime, even if you haven&#039;t reported to police.\" \/>\n<meta property=\"og:url\" content=\"https:\/\/victimcare-dc.org\/pt-pt\/justica-reparadora\/\" \/>\n<meta property=\"og:site_name\" content=\"Victim Care Devon &amp; Cornwall\" \/>\n<meta property=\"article:publisher\" content=\"https:\/\/www.facebook.com\/DCPCC\" \/>\n<meta property=\"article:modified_time\" content=\"2024-03-12T15:45:04+00:00\" \/>\n<meta property=\"og:image\" content=\"https:\/\/victimcare-dc.org\/wp-content\/uploads\/2023\/10\/shutterstock_779179771-scaled.jpg\" \/>\n<meta name=\"twitter:card\" content=\"summary_large_image\" \/>\n<meta name=\"twitter:site\" content=\"@DC_PCC\" \/>\n<meta name=\"twitter:label1\" content=\"Tempo estimado de leitura\" \/>\n\t<meta name=\"twitter:data1\" content=\"2 minutos\" \/>\n<script type=\"application\/ld+json\" class=\"yoast-schema-graph\">{\"@context\":\"https:\\\/\\\/schema.org\",\"@graph\":[{\"@type\":\"WebPage\",\"@id\":\"https:\\\/\\\/victimcare-dc.org\\\/pt-pt\\\/justica-reparadora\\\/\",\"url\":\"https:\\\/\\\/victimcare-dc.org\\\/pt-pt\\\/justica-reparadora\\\/\",\"name\":\"Justi\u00e7a reparadora - Victim Care Devon &amp; Cornwall\",\"isPartOf\":{\"@id\":\"https:\\\/\\\/victimcare-dc.org\\\/pt-pt\\\/#website\"},\"primaryImageOfPage\":{\"@id\":\"https:\\\/\\\/victimcare-dc.org\\\/pt-pt\\\/justica-reparadora\\\/#primaryimage\"},\"image\":{\"@id\":\"https:\\\/\\\/victimcare-dc.org\\\/pt-pt\\\/justica-reparadora\\\/#primaryimage\"},\"thumbnailUrl\":\"https:\\\/\\\/victimcare-dc.org\\\/wp-content\\\/uploads\\\/2023\\\/10\\\/shutterstock_779179771-scaled.jpg\",\"datePublished\":\"2023-10-03T12:07:50+00:00\",\"dateModified\":\"2024-03-12T15:45:04+00:00\",\"description\":\"Access specialist support and information for victims of crime, even if you haven't reported to police.\",\"breadcrumb\":{\"@id\":\"https:\\\/\\\/victimcare-dc.org\\\/pt-pt\\\/justica-reparadora\\\/#breadcrumb\"},\"inLanguage\":\"pt-PT\",\"potentialAction\":[{\"@type\":\"ReadAction\",\"target\":[\"https:\\\/\\\/victimcare-dc.org\\\/pt-pt\\\/justica-reparadora\\\/\"]}]},{\"@type\":\"ImageObject\",\"inLanguage\":\"pt-PT\",\"@id\":\"https:\\\/\\\/victimcare-dc.org\\\/pt-pt\\\/justica-reparadora\\\/#primaryimage\",\"url\":\"https:\\\/\\\/victimcare-dc.org\\\/wp-content\\\/uploads\\\/2023\\\/10\\\/shutterstock_779179771-scaled.jpg\",\"contentUrl\":\"https:\\\/\\\/victimcare-dc.org\\\/wp-content\\\/uploads\\\/2023\\\/10\\\/shutterstock_779179771-scaled.jpg\"},{\"@type\":\"BreadcrumbList\",\"@id\":\"https:\\\/\\\/victimcare-dc.org\\\/pt-pt\\\/justica-reparadora\\\/#breadcrumb\",\"itemListElement\":[{\"@type\":\"ListItem\",\"position\":1,\"name\":\"Home\",\"item\":\"https:\\\/\\\/victimcare-dc.org\\\/pt-pt\\\/\"},{\"@type\":\"ListItem\",\"position\":2,\"name\":\"Justi\u00e7a reparadora\"}]},{\"@type\":\"WebSite\",\"@id\":\"https:\\\/\\\/victimcare-dc.org\\\/pt-pt\\\/#website\",\"url\":\"https:\\\/\\\/victimcare-dc.org\\\/pt-pt\\\/\",\"name\":\"Victim Care Devon and Cornwall\",\"description\":\"Putting you at the heart of your own care\",\"publisher\":{\"@id\":\"https:\\\/\\\/victimcare-dc.org\\\/pt-pt\\\/#organization\"},\"potentialAction\":[{\"@type\":\"SearchAction\",\"target\":{\"@type\":\"EntryPoint\",\"urlTemplate\":\"https:\\\/\\\/victimcare-dc.org\\\/pt-pt\\\/?s={search_term_string}\"},\"query-input\":{\"@type\":\"PropertyValueSpecification\",\"valueRequired\":true,\"valueName\":\"search_term_string\"}}],\"inLanguage\":\"pt-PT\"},{\"@type\":\"Organization\",\"@id\":\"https:\\\/\\\/victimcare-dc.org\\\/pt-pt\\\/#organization\",\"name\":\"Victim Care Devon and Cornwall\",\"url\":\"https:\\\/\\\/victimcare-dc.org\\\/pt-pt\\\/\",\"logo\":{\"@type\":\"ImageObject\",\"inLanguage\":\"pt-PT\",\"@id\":\"https:\\\/\\\/victimcare-dc.org\\\/pt-pt\\\/#\\\/schema\\\/logo\\\/image\\\/\",\"url\":\"https:\\\/\\\/i0.wp.com\\\/victimcare-dc.org\\\/wp-content\\\/uploads\\\/2023\\\/05\\\/Victim-Care-logo-FINAL-web-1.png?fit=1600%2C1472&ssl=1\",\"contentUrl\":\"https:\\\/\\\/i0.wp.com\\\/victimcare-dc.org\\\/wp-content\\\/uploads\\\/2023\\\/05\\\/Victim-Care-logo-FINAL-web-1.png?fit=1600%2C1472&ssl=1\",\"width\":1600,\"height\":1472,\"caption\":\"Victim Care Devon and Cornwall\"},\"image\":{\"@id\":\"https:\\\/\\\/victimcare-dc.org\\\/pt-pt\\\/#\\\/schema\\\/logo\\\/image\\\/\"},\"sameAs\":[\"https:\\\/\\\/www.facebook.com\\\/DCPCC\",\"https:\\\/\\\/x.com\\\/DC_PCC\"]}]}<\/script>\n<!-- \/ Yoast SEO plugin. -->","yoast_head_json":{"title":"Justi\u00e7a reparadora - Victim Care Devon &amp; Cornwall","description":"Access specialist support and information for victims of crime, even if you haven't reported to police.","robots":{"index":"index","follow":"follow","max-snippet":"max-snippet:-1","max-image-preview":"max-image-preview:large","max-video-preview":"max-video-preview:-1"},"canonical":"https:\/\/victimcare-dc.org\/pt-pt\/justica-reparadora\/","og_locale":"pt_PT","og_type":"article","og_title":"Justi\u00e7a reparadora - Victim Care Devon &amp; Cornwall","og_description":"Access specialist support and information for victims of crime, even if you haven't reported to police.","og_url":"https:\/\/victimcare-dc.org\/pt-pt\/justica-reparadora\/","og_site_name":"Victim Care Devon &amp; Cornwall","article_publisher":"https:\/\/www.facebook.com\/DCPCC","article_modified_time":"2024-03-12T15:45:04+00:00","og_image":[{"url":"https:\/\/victimcare-dc.org\/wp-content\/uploads\/2023\/10\/shutterstock_779179771-scaled.jpg","type":"","width":"","height":""}],"twitter_card":"summary_large_image","twitter_site":"@DC_PCC","twitter_misc":{"Tempo estimado de leitura":"2 minutos"},"schema":{"@context":"https:\/\/schema.org","@graph":[{"@type":"WebPage","@id":"https:\/\/victimcare-dc.org\/pt-pt\/justica-reparadora\/","url":"https:\/\/victimcare-dc.org\/pt-pt\/justica-reparadora\/","name":"Justi\u00e7a reparadora - Victim Care Devon &amp; Cornwall","isPartOf":{"@id":"https:\/\/victimcare-dc.org\/pt-pt\/#website"},"primaryImageOfPage":{"@id":"https:\/\/victimcare-dc.org\/pt-pt\/justica-reparadora\/#primaryimage"},"image":{"@id":"https:\/\/victimcare-dc.org\/pt-pt\/justica-reparadora\/#primaryimage"},"thumbnailUrl":"https:\/\/victimcare-dc.org\/wp-content\/uploads\/2023\/10\/shutterstock_779179771-scaled.jpg","datePublished":"2023-10-03T12:07:50+00:00","dateModified":"2024-03-12T15:45:04+00:00","description":"Access specialist support and information for victims of crime, even if you haven't reported to police.","breadcrumb":{"@id":"https:\/\/victimcare-dc.org\/pt-pt\/justica-reparadora\/#breadcrumb"},"inLanguage":"pt-PT","potentialAction":[{"@type":"ReadAction","target":["https:\/\/victimcare-dc.org\/pt-pt\/justica-reparadora\/"]}]},{"@type":"ImageObject","inLanguage":"pt-PT","@id":"https:\/\/victimcare-dc.org\/pt-pt\/justica-reparadora\/#primaryimage","url":"https:\/\/victimcare-dc.org\/wp-content\/uploads\/2023\/10\/shutterstock_779179771-scaled.jpg","contentUrl":"https:\/\/victimcare-dc.org\/wp-content\/uploads\/2023\/10\/shutterstock_779179771-scaled.jpg"},{"@type":"BreadcrumbList","@id":"https:\/\/victimcare-dc.org\/pt-pt\/justica-reparadora\/#breadcrumb","itemListElement":[{"@type":"ListItem","position":1,"name":"Home","item":"https:\/\/victimcare-dc.org\/pt-pt\/"},{"@type":"ListItem","position":2,"name":"Justi\u00e7a reparadora"}]},{"@type":"WebSite","@id":"https:\/\/victimcare-dc.org\/pt-pt\/#website","url":"https:\/\/victimcare-dc.org\/pt-pt\/","name":"Victim Care Devon and Cornwall","description":"Putting you at the heart of your own care","publisher":{"@id":"https:\/\/victimcare-dc.org\/pt-pt\/#organization"},"potentialAction":[{"@type":"SearchAction","target":{"@type":"EntryPoint","urlTemplate":"https:\/\/victimcare-dc.org\/pt-pt\/?s={search_term_string}"},"query-input":{"@type":"PropertyValueSpecification","valueRequired":true,"valueName":"search_term_string"}}],"inLanguage":"pt-PT"},{"@type":"Organization","@id":"https:\/\/victimcare-dc.org\/pt-pt\/#organization","name":"Victim Care Devon and Cornwall","url":"https:\/\/victimcare-dc.org\/pt-pt\/","logo":{"@type":"ImageObject","inLanguage":"pt-PT","@id":"https:\/\/victimcare-dc.org\/pt-pt\/#\/schema\/logo\/image\/","url":"https:\/\/i0.wp.com\/victimcare-dc.org\/wp-content\/uploads\/2023\/05\/Victim-Care-logo-FINAL-web-1.png?fit=1600%2C1472&ssl=1","contentUrl":"https:\/\/i0.wp.com\/victimcare-dc.org\/wp-content\/uploads\/2023\/05\/Victim-Care-logo-FINAL-web-1.png?fit=1600%2C1472&ssl=1","width":1600,"height":1472,"caption":"Victim Care Devon and Cornwall"},"image":{"@id":"https:\/\/victimcare-dc.org\/pt-pt\/#\/schema\/logo\/image\/"},"sameAs":["https:\/\/www.facebook.com\/DCPCC","https:\/\/x.com\/DC_PCC"]}]}},"jetpack_sharing_enabled":true,"builder_content":"<img src=\"https:\/\/victimcare-dc.org\/wp-content\/uploads\/2023\/10\/shutterstock_779179771-scaled.jpg\" title=\"Friendly,Man,Sitting,At,Window,In,Loft,Cafe\" alt=\"Friendly,Man,Sitting,At,Window,In,Loft,Cafe\" srcset=\"https:\/\/i0.wp.com\/victimcare-dc.org\/wp-content\/uploads\/2023\/10\/shutterstock_779179771-scaled.jpg?w=2560&amp;ssl=1 2560w, https:\/\/i0.wp.com\/victimcare-dc.org\/wp-content\/uploads\/2023\/10\/shutterstock_779179771-scaled.jpg?resize=300%2C200&amp;ssl=1 300w, https:\/\/i0.wp.com\/victimcare-dc.org\/wp-content\/uploads\/2023\/10\/shutterstock_779179771-scaled.jpg?resize=1024%2C683&amp;ssl=1 1024w, https:\/\/i0.wp.com\/victimcare-dc.org\/wp-content\/uploads\/2023\/10\/shutterstock_779179771-scaled.jpg?resize=768%2C512&amp;ssl=1 768w, https:\/\/i0.wp.com\/victimcare-dc.org\/wp-content\/uploads\/2023\/10\/shutterstock_779179771-scaled.jpg?resize=1536%2C1024&amp;ssl=1 1536w, https:\/\/i0.wp.com\/victimcare-dc.org\/wp-content\/uploads\/2023\/10\/shutterstock_779179771-scaled.jpg?resize=2048%2C1365&amp;ssl=1 2048w, https:\/\/i0.wp.com\/victimcare-dc.org\/wp-content\/uploads\/2023\/10\/shutterstock_779179771-scaled.jpg?w=2330&amp;ssl=1 2330w\" sizes=\"(max-width: 2560px) 100vw, 2560px\" \/>\n<h2>O que \u00e9 a justi\u00e7a reparadora?<\/h2> <p>A justi\u00e7a restaurativa d\u00e1 a oportunidade \u00e0s pessoas prejudicadas por um crime e \u00e0s pessoas respons\u00e1veis por esse crime de partilharem a forma como o crime as afectou. Permite que todos os envolvidos desempenhem um papel na repara\u00e7\u00e3o dos danos e na procura de um caminho positivo para o futuro.<\/p> <p>A comunica\u00e7\u00e3o pode ser uma reuni\u00e3o presencial ou uma carta, uma entrevista \u00e1udio gravada ou um v\u00eddeo.<\/p> <p>Todas as v\u00edtimas de crime podem recorrer \u00e0 justi\u00e7a reparadora, mas o processo s\u00f3 ter\u00e1 lugar se tanto a v\u00edtima como o infrator o desejarem.<\/p> <p>A justi\u00e7a reparadora \u00e9 totalmente volunt\u00e1ria para todos os participantes. Facilitadores formados avaliam os riscos e certificam-se de que o processo \u00e9 seguro para todos os envolvidos.<\/p> <p>A justi\u00e7a restaurativa \u00e9 utilizada para qualquer tipo de crime e em qualquer fase do processo de justi\u00e7a penal, incluindo se o infrator estiver a cumprir uma pena de pris\u00e3o.<\/p>\n<h2>Benef\u00edcios da justi\u00e7a reparadora<\/h2> <p>A justi\u00e7a restaurativa d\u00e1 \u00e0 v\u00edtima a oportunidade de explicar o impacto dos danos causados, atrav\u00e9s de uma comunica\u00e7\u00e3o segura com o apoio e o encorajamento de facilitadores formados. Podem explicar como se sentiram, descrever as consequ\u00eancias, fazer perguntas, receber uma explica\u00e7\u00e3o e pedir desculpa, se assim o desejarem.<\/p> <p>O processo pode capacitar e ajudar as v\u00edtimas a recuperar do incidente e a participa\u00e7\u00e3o na justi\u00e7a reparadora n\u00e3o tem qualquer influ\u00eancia na senten\u00e7a que o infrator pode receber.<\/p> <p>Os infractores t\u00eam a oportunidade de assumir a responsabilidade pelos seus actos, dar uma explica\u00e7\u00e3o e tomar medidas para reparar os danos. Pode ajud\u00e1-los a compreender como as suas ac\u00e7\u00f5es afectaram as v\u00edtimas e as suas fam\u00edlias. <\/p> <p>A investiga\u00e7\u00e3o demonstra que a justi\u00e7a reparadora tamb\u00e9m conduz a uma redu\u00e7\u00e3o da reincid\u00eancia.<\/p>\n[embed]https:\/\/youtu.be\/4-vQ4ixlU_A[\/embed]\n<h2>Como candidatar-se \u00e0 justi\u00e7a reparadora<\/h2> <p>Contacte a Unidade de Apoio \u00e0 V\u00edtima, que pode organizar a justi\u00e7a reparadora para si e ajud\u00e1-lo com quaisquer quest\u00f5es que possa ter.<\/p> <p>Pode enviar <a href=\"mailto:victimservices@dc.police.uk\" target=\"_blank\" rel=\"noopener\">um e-mail<\/a> ou telefonar para o n\u00famero <a href=\"tel:01392%20475900\">01392 475900<\/a> das 8h00 \u00e0s 20h00 de segunda a sexta-feira e das 9h00 \u00e0s 17h00 ao fim de semana e feriados.<\/p> <p>Se decidir que quer participar na justi\u00e7a reparadora, receber\u00e1 apoio do nosso servi\u00e7o especializado em justi\u00e7a reparadora <a href=\"https:\/\/www.shekinah.co.uk\/make-amends\" target=\"_blank\" rel=\"external noopener\" aria-label=\"Make Amends - This link will open in a new window\" data-gtm-link=\"offsite\">Make Amends<\/a>. <\/p>","_links":{"self":[{"href":"https:\/\/victimcare-dc.org\/pt-pt\/wp-json\/wp\/v2\/pages\/3302","targetHints":{"allow":["GET"]}}],"collection":[{"href":"https:\/\/victimcare-dc.org\/pt-pt\/wp-json\/wp\/v2\/pages"}],"about":[{"href":"https:\/\/victimcare-dc.org\/pt-pt\/wp-json\/wp\/v2\/types\/page"}],"author":[{"embeddable":true,"href":"https:\/\/victimcare-dc.org\/pt-pt\/wp-json\/wp\/v2\/users\/3"}],"replies":[{"embeddable":true,"href":"https:\/\/victimcare-dc.org\/pt-pt\/wp-json\/wp\/v2\/comments?post=3302"}],"version-history":[{"count":4,"href":"https:\/\/victimcare-dc.org\/pt-pt\/wp-json\/wp\/v2\/pages\/3302\/revisions"}],"predecessor-version":[{"id":3650,"href":"https:\/\/victimcare-dc.org\/pt-pt\/wp-json\/wp\/v2\/pages\/3302\/revisions\/3650"}],"wp:attachment":[{"href":"https:\/\/victimcare-dc.org\/pt-pt\/wp-json\/wp\/v2\/media?parent=3302"}],"curies":[{"name":"wp","href":"https:\/\/api.w.org\/{rel}","templated":true}]}}