{"id":3524,"date":"2023-04-14T14:18:26","date_gmt":"2023-04-14T14:18:26","guid":{"rendered":"https:\/\/victimcare-dc.org\/ajuda-para-os-apoiantes\/"},"modified":"2024-03-12T15:35:35","modified_gmt":"2024-03-12T15:35:35","slug":"ajuda-para-os-apoiantes","status":"publish","type":"page","link":"https:\/\/victimcare-dc.org\/pt-pt\/ajuda-para-os-apoiantes\/","title":{"rendered":"Ajuda para os apoiantes"},"content":{"rendered":"<!--themify_builder_content-->\n<div id=\"themify_builder_content-3524\" data-postid=\"3524\" class=\"themify_builder_content themify_builder_content-3524 themify_builder tf_clear\">\n                    <div  data-lazy=\"1\" class=\"module_row themify_builder_row tb_7ggw448 tb_first tf_w\">\n                        <div class=\"row_inner col_align_top tb_col_count_1 tf_box tf_rel\">\n                        <div  data-lazy=\"1\" class=\"module_column tb-column col-full tb_te72448 first\">\n                    <!-- module image -->\n<div  class=\"module module-image tb_vg97804 image-center   auto_fullwidth tf_mw wow\" data-tf-animation=\"slideInLeft\" data-lazy=\"1\">\n        <div class=\"image-wrap tf_rel tf_mw\">\n            <img data-recalc-dims=\"1\" loading=\"lazy\" decoding=\"async\" src=\"https:\/\/i0.wp.com\/victimcare-dc.org\/wp-content\/uploads\/2023\/04\/shutterstock_1332865433-1024x683.jpg?resize=888%2C474&#038;ssl=1\" width=\"888\" height=\"474\" class=\"wp-post-image wp-image-812\" title=\"Ajuda para os apoiantes\" alt=\"Ajuda para os apoiantes\" srcset=\"https:\/\/i0.wp.com\/victimcare-dc.org\/wp-content\/uploads\/2023\/04\/shutterstock_1332865433-scaled.jpg?resize=888%2C474&amp;ssl=1 888w, https:\/\/i0.wp.com\/victimcare-dc.org\/wp-content\/uploads\/2023\/04\/shutterstock_1332865433-scaled.jpg?zoom=2&amp;resize=888%2C474&amp;ssl=1 1776w\" sizes=\"auto, (max-width: 888px) 100vw, 888px\" \/>    \n        <\/div>\n    <!-- \/image-wrap -->\n    \n        <\/div>\n<!-- \/module image -->        <\/div>\n                        <\/div>\n        <\/div>\n                        <div  data-lazy=\"1\" class=\"module_row themify_builder_row tb_i4et419 tf_w\">\n                        <div class=\"row_inner col_align_top tb_col_count_1 tf_box tf_rel\">\n                        <div  data-lazy=\"1\" class=\"module_column tb-column col-full tb_zfl1419 first\">\n                    <!-- module text -->\n<div  class=\"module module-text tb_g9yb346   \" data-lazy=\"1\">\n        <div  class=\"tb_text_wrap\">\n        <h3>O que devo fazer se estiver preocupado com outra pessoa?<\/h3>\n<p><span style=\"font-weight: 400;\">\u00c9 poss\u00edvel que tenha visitado o nosso s\u00edtio Web porque est\u00e1 preocupado com outra pessoa que \u00e9 afetada pela criminalidade. Ou pode precisar de apoio porque est\u00e1 a apoiar outra pessoa. Reconhecemos que pode ser dif\u00edcil apoiar algu\u00e9m que \u00e9 v\u00edtima de um crime e que tamb\u00e9m \u00e9 importante para si obter a ajuda e o apoio de que necessita.  <\/span><\/p>\n<p><span style=\"font-weight: 400;\">Compreendemos que pode ser a \u00fanica pessoa que sabe o que aconteceu e que pode estar a ajudar a pessoa de quem gosta a tomar decis\u00f5es importantes sobre o que ela precisa.  <\/span><\/p>    <\/div>\n<\/div>\n<!-- \/module text -->        <\/div>\n                        <\/div>\n        <\/div>\n                        <div  data-css_id=\"k46w26\" data-lazy=\"1\" class=\"module_row themify_builder_row fullwidth tb_k46w26 tf_w\">\n                        <div class=\"row_inner col_align_top tb_col_count_1 tf_box tf_rel\">\n                        <div  data-lazy=\"1\" class=\"module_column tb-column col-full tb_41q0916 first\">\n                    <!-- module text -->\n<div  class=\"module module-text tb_qghx916   \" data-lazy=\"1\">\n        <div  class=\"tb_text_wrap\">\n        <h3 style=\"text-align: center;\"><span style=\"color: #ffffff;\">A boa not\u00edcia \u00e9 que o Apoio \u00e0 V\u00edtima tamb\u00e9m est\u00e1 dispon\u00edvel para apoiar amigos, familiares e qualquer outra pessoa envolvida no crime. Basta seguir os mesmos dados de contacto para falar com algu\u00e9m do Apoio \u00e0 V\u00edtima que possa ajudar.<\/span><\/h3>    <\/div>\n<\/div>\n<!-- \/module text --><!-- module buttons -->\n<div  class=\"module module-buttons tb_o8dy916 buttons-horizontal outline  xlarge circle buttons-fullwidth\" data-lazy=\"1\">\n        <div class=\"module-buttons-item tf_in_flx\">\n                        <a href=\"https:\/\/www.victimsupport.org.uk\/\" class=\"ui builder_button tf_in_flx tb_default_color\" >\n                                                visitar o apoio \u00e0s v\u00edtimas                                        <\/a>\n                <\/div>\n            <\/div>\n<!-- \/module buttons -->\n        <\/div>\n                        <\/div>\n        <\/div>\n                        <div  data-lazy=\"1\" class=\"module_row themify_builder_row tb_1b3f401 tf_w\">\n                        <div class=\"row_inner col_align_top tb_col_count_1 tf_box tf_rel\">\n                        <div  data-lazy=\"1\" class=\"module_column tb-column col-full tb_sl3p401 first\">\n                    <!-- module text -->\n<div  class=\"module module-text tb_oif3219   \" data-lazy=\"1\">\n        <div  class=\"tb_text_wrap\">\n        <p>Para al\u00e9m de utilizar as linhas de apoio e o servi\u00e7o de conversa\u00e7\u00e3o em direto, pode tamb\u00e9m aceder ao Meu Espa\u00e7o de Apoio. Disponibilizados pelo Victim Support, existem v\u00e1rios recursos e guias \u00fateis de autoajuda em linha. Inclui guias sobre como falar com crian\u00e7as, falar com pessoas afectadas pelo crime e reconhecer os sinais de viol\u00eancia dom\u00e9stica, entre outros.<\/p>    <\/div>\n<\/div>\n<!-- \/module text -->        <\/div>\n                        <\/div>\n        <\/div>\n                        <div  data-lazy=\"1\" class=\"module_row themify_builder_row tb_lcgl306 tf_w\">\n                        <div class=\"row_inner col_align_top tb_col_count_1 tf_box tf_rel\">\n                        <div  data-lazy=\"1\" class=\"module_column tb-column col-full tb_eq71306 first\">\n                            <div  data-lazy=\"1\" class=\"module_subrow themify_builder_sub_row tf_w col_align_top tb_col_count_1 tb_hmsb306\">\n                <div  data-lazy=\"1\" class=\"module_column sub_column col-full tb_dw8c306 first\">\n                    <!-- module buttons -->\n<div  class=\"module module-buttons tb_xpip306 buttons-horizontal outline  xlarge circle buttons-fullwidth\" data-lazy=\"1\">\n        <div class=\"module-buttons-item tf_in_flx\">\n                        <a href=\"https:\/\/www.mysupportspace.org.uk\/\" class=\"ui builder_button tf_in_flx black\" >\n                                                VISITAR O MEU ESPA\u00c7O DE APOIO                                        <\/a>\n                <\/div>\n            <\/div>\n<!-- \/module buttons -->\n        <\/div>\n                    <\/div>\n                <\/div>\n                        <\/div>\n        <\/div>\n        <\/div>\n<!--\/themify_builder_content-->","protected":false},"excerpt":{"rendered":"<p>O que devo fazer se estiver preocupado com outra pessoa? \u00c9 poss\u00edvel que tenha visitado o nosso s\u00edtio Web porque [&hellip;]<\/p>\n","protected":false},"author":1,"featured_media":0,"parent":0,"menu_order":0,"comment_status":"closed","ping_status":"closed","template":"","meta":{"footnotes":""},"class_list":["post-3524","page","type-page","status-publish","hentry","has-post-title","has-post-date","has-post-category","has-post-tag","has-post-comment","has-post-author",""],"yoast_head":"<!-- This site is optimized with the Yoast SEO plugin v27.3 - https:\/\/yoast.com\/product\/yoast-seo-wordpress\/ -->\n<title>Ajuda para os apoiantes - Victim Care Devon &amp; Cornwall<\/title>\n<meta name=\"description\" content=\"Access specialist support and information for victims of crime, even if you haven&#039;t reported to police.\" \/>\n<meta name=\"robots\" content=\"index, follow, max-snippet:-1, max-image-preview:large, max-video-preview:-1\" \/>\n<link rel=\"canonical\" href=\"https:\/\/victimcare-dc.org\/pt-pt\/ajuda-para-os-apoiantes\/\" \/>\n<meta property=\"og:locale\" content=\"pt_PT\" \/>\n<meta property=\"og:type\" content=\"article\" \/>\n<meta property=\"og:title\" content=\"Ajuda para os apoiantes - Victim Care Devon &amp; Cornwall\" \/>\n<meta property=\"og:description\" content=\"Access specialist support and information for victims of crime, even if you haven&#039;t reported to police.\" \/>\n<meta property=\"og:url\" content=\"https:\/\/victimcare-dc.org\/pt-pt\/ajuda-para-os-apoiantes\/\" \/>\n<meta property=\"og:site_name\" content=\"Victim Care Devon &amp; Cornwall\" \/>\n<meta property=\"article:publisher\" content=\"https:\/\/www.facebook.com\/DCPCC\" \/>\n<meta property=\"article:modified_time\" content=\"2024-03-12T15:35:35+00:00\" \/>\n<meta property=\"og:image\" content=\"https:\/\/victimcare-dc.org\/wp-content\/uploads\/2023\/04\/shutterstock_1332865433-1024x683-888x474.jpg\" \/>\n<meta name=\"twitter:card\" content=\"summary_large_image\" \/>\n<meta name=\"twitter:site\" content=\"@DC_PCC\" \/>\n<meta name=\"twitter:label1\" content=\"Tempo estimado de leitura\" \/>\n\t<meta name=\"twitter:data1\" content=\"1 minuto\" \/>\n<script type=\"application\/ld+json\" class=\"yoast-schema-graph\">{\"@context\":\"https:\\\/\\\/schema.org\",\"@graph\":[{\"@type\":\"WebPage\",\"@id\":\"https:\\\/\\\/victimcare-dc.org\\\/pt-pt\\\/ajuda-para-os-apoiantes\\\/\",\"url\":\"https:\\\/\\\/victimcare-dc.org\\\/pt-pt\\\/ajuda-para-os-apoiantes\\\/\",\"name\":\"Ajuda para os apoiantes - Victim Care Devon &amp; Cornwall\",\"isPartOf\":{\"@id\":\"https:\\\/\\\/victimcare-dc.org\\\/pt-pt\\\/#website\"},\"primaryImageOfPage\":{\"@id\":\"https:\\\/\\\/victimcare-dc.org\\\/pt-pt\\\/ajuda-para-os-apoiantes\\\/#primaryimage\"},\"image\":{\"@id\":\"https:\\\/\\\/victimcare-dc.org\\\/pt-pt\\\/ajuda-para-os-apoiantes\\\/#primaryimage\"},\"thumbnailUrl\":\"https:\\\/\\\/victimcare-dc.org\\\/wp-content\\\/uploads\\\/2023\\\/04\\\/shutterstock_1332865433-1024x683-888x474.jpg\",\"datePublished\":\"2023-04-14T14:18:26+00:00\",\"dateModified\":\"2024-03-12T15:35:35+00:00\",\"description\":\"Access specialist support and information for victims of crime, even if you haven't reported to police.\",\"breadcrumb\":{\"@id\":\"https:\\\/\\\/victimcare-dc.org\\\/pt-pt\\\/ajuda-para-os-apoiantes\\\/#breadcrumb\"},\"inLanguage\":\"pt-PT\",\"potentialAction\":[{\"@type\":\"ReadAction\",\"target\":[\"https:\\\/\\\/victimcare-dc.org\\\/pt-pt\\\/ajuda-para-os-apoiantes\\\/\"]}]},{\"@type\":\"ImageObject\",\"inLanguage\":\"pt-PT\",\"@id\":\"https:\\\/\\\/victimcare-dc.org\\\/pt-pt\\\/ajuda-para-os-apoiantes\\\/#primaryimage\",\"url\":\"https:\\\/\\\/victimcare-dc.org\\\/wp-content\\\/uploads\\\/2023\\\/04\\\/shutterstock_1332865433-1024x683-888x474.jpg\",\"contentUrl\":\"https:\\\/\\\/victimcare-dc.org\\\/wp-content\\\/uploads\\\/2023\\\/04\\\/shutterstock_1332865433-1024x683-888x474.jpg\"},{\"@type\":\"BreadcrumbList\",\"@id\":\"https:\\\/\\\/victimcare-dc.org\\\/pt-pt\\\/ajuda-para-os-apoiantes\\\/#breadcrumb\",\"itemListElement\":[{\"@type\":\"ListItem\",\"position\":1,\"name\":\"Home\",\"item\":\"https:\\\/\\\/victimcare-dc.org\\\/pt-pt\\\/\"},{\"@type\":\"ListItem\",\"position\":2,\"name\":\"Ajuda para os apoiantes\"}]},{\"@type\":\"WebSite\",\"@id\":\"https:\\\/\\\/victimcare-dc.org\\\/pt-pt\\\/#website\",\"url\":\"https:\\\/\\\/victimcare-dc.org\\\/pt-pt\\\/\",\"name\":\"Victim Care Devon and Cornwall\",\"description\":\"Putting you at the heart of your own care\",\"publisher\":{\"@id\":\"https:\\\/\\\/victimcare-dc.org\\\/pt-pt\\\/#organization\"},\"potentialAction\":[{\"@type\":\"SearchAction\",\"target\":{\"@type\":\"EntryPoint\",\"urlTemplate\":\"https:\\\/\\\/victimcare-dc.org\\\/pt-pt\\\/?s={search_term_string}\"},\"query-input\":{\"@type\":\"PropertyValueSpecification\",\"valueRequired\":true,\"valueName\":\"search_term_string\"}}],\"inLanguage\":\"pt-PT\"},{\"@type\":\"Organization\",\"@id\":\"https:\\\/\\\/victimcare-dc.org\\\/pt-pt\\\/#organization\",\"name\":\"Victim Care Devon and Cornwall\",\"url\":\"https:\\\/\\\/victimcare-dc.org\\\/pt-pt\\\/\",\"logo\":{\"@type\":\"ImageObject\",\"inLanguage\":\"pt-PT\",\"@id\":\"https:\\\/\\\/victimcare-dc.org\\\/pt-pt\\\/#\\\/schema\\\/logo\\\/image\\\/\",\"url\":\"https:\\\/\\\/i0.wp.com\\\/victimcare-dc.org\\\/wp-content\\\/uploads\\\/2023\\\/05\\\/Victim-Care-logo-FINAL-web-1.png?fit=1600%2C1472&ssl=1\",\"contentUrl\":\"https:\\\/\\\/i0.wp.com\\\/victimcare-dc.org\\\/wp-content\\\/uploads\\\/2023\\\/05\\\/Victim-Care-logo-FINAL-web-1.png?fit=1600%2C1472&ssl=1\",\"width\":1600,\"height\":1472,\"caption\":\"Victim Care Devon and Cornwall\"},\"image\":{\"@id\":\"https:\\\/\\\/victimcare-dc.org\\\/pt-pt\\\/#\\\/schema\\\/logo\\\/image\\\/\"},\"sameAs\":[\"https:\\\/\\\/www.facebook.com\\\/DCPCC\",\"https:\\\/\\\/x.com\\\/DC_PCC\"]}]}<\/script>\n<!-- \/ Yoast SEO plugin. -->","yoast_head_json":{"title":"Ajuda para os apoiantes - Victim Care Devon &amp; Cornwall","description":"Access specialist support and information for victims of crime, even if you haven't reported to police.","robots":{"index":"index","follow":"follow","max-snippet":"max-snippet:-1","max-image-preview":"max-image-preview:large","max-video-preview":"max-video-preview:-1"},"canonical":"https:\/\/victimcare-dc.org\/pt-pt\/ajuda-para-os-apoiantes\/","og_locale":"pt_PT","og_type":"article","og_title":"Ajuda para os apoiantes - Victim Care Devon &amp; Cornwall","og_description":"Access specialist support and information for victims of crime, even if you haven't reported to police.","og_url":"https:\/\/victimcare-dc.org\/pt-pt\/ajuda-para-os-apoiantes\/","og_site_name":"Victim Care Devon &amp; Cornwall","article_publisher":"https:\/\/www.facebook.com\/DCPCC","article_modified_time":"2024-03-12T15:35:35+00:00","og_image":[{"url":"https:\/\/victimcare-dc.org\/wp-content\/uploads\/2023\/04\/shutterstock_1332865433-1024x683-888x474.jpg","type":"","width":"","height":""}],"twitter_card":"summary_large_image","twitter_site":"@DC_PCC","twitter_misc":{"Tempo estimado de leitura":"1 minuto"},"schema":{"@context":"https:\/\/schema.org","@graph":[{"@type":"WebPage","@id":"https:\/\/victimcare-dc.org\/pt-pt\/ajuda-para-os-apoiantes\/","url":"https:\/\/victimcare-dc.org\/pt-pt\/ajuda-para-os-apoiantes\/","name":"Ajuda para os apoiantes - Victim Care Devon &amp; Cornwall","isPartOf":{"@id":"https:\/\/victimcare-dc.org\/pt-pt\/#website"},"primaryImageOfPage":{"@id":"https:\/\/victimcare-dc.org\/pt-pt\/ajuda-para-os-apoiantes\/#primaryimage"},"image":{"@id":"https:\/\/victimcare-dc.org\/pt-pt\/ajuda-para-os-apoiantes\/#primaryimage"},"thumbnailUrl":"https:\/\/victimcare-dc.org\/wp-content\/uploads\/2023\/04\/shutterstock_1332865433-1024x683-888x474.jpg","datePublished":"2023-04-14T14:18:26+00:00","dateModified":"2024-03-12T15:35:35+00:00","description":"Access specialist support and information for victims of crime, even if you haven't reported to police.","breadcrumb":{"@id":"https:\/\/victimcare-dc.org\/pt-pt\/ajuda-para-os-apoiantes\/#breadcrumb"},"inLanguage":"pt-PT","potentialAction":[{"@type":"ReadAction","target":["https:\/\/victimcare-dc.org\/pt-pt\/ajuda-para-os-apoiantes\/"]}]},{"@type":"ImageObject","inLanguage":"pt-PT","@id":"https:\/\/victimcare-dc.org\/pt-pt\/ajuda-para-os-apoiantes\/#primaryimage","url":"https:\/\/victimcare-dc.org\/wp-content\/uploads\/2023\/04\/shutterstock_1332865433-1024x683-888x474.jpg","contentUrl":"https:\/\/victimcare-dc.org\/wp-content\/uploads\/2023\/04\/shutterstock_1332865433-1024x683-888x474.jpg"},{"@type":"BreadcrumbList","@id":"https:\/\/victimcare-dc.org\/pt-pt\/ajuda-para-os-apoiantes\/#breadcrumb","itemListElement":[{"@type":"ListItem","position":1,"name":"Home","item":"https:\/\/victimcare-dc.org\/pt-pt\/"},{"@type":"ListItem","position":2,"name":"Ajuda para os apoiantes"}]},{"@type":"WebSite","@id":"https:\/\/victimcare-dc.org\/pt-pt\/#website","url":"https:\/\/victimcare-dc.org\/pt-pt\/","name":"Victim Care Devon and Cornwall","description":"Putting you at the heart of your own care","publisher":{"@id":"https:\/\/victimcare-dc.org\/pt-pt\/#organization"},"potentialAction":[{"@type":"SearchAction","target":{"@type":"EntryPoint","urlTemplate":"https:\/\/victimcare-dc.org\/pt-pt\/?s={search_term_string}"},"query-input":{"@type":"PropertyValueSpecification","valueRequired":true,"valueName":"search_term_string"}}],"inLanguage":"pt-PT"},{"@type":"Organization","@id":"https:\/\/victimcare-dc.org\/pt-pt\/#organization","name":"Victim Care Devon and Cornwall","url":"https:\/\/victimcare-dc.org\/pt-pt\/","logo":{"@type":"ImageObject","inLanguage":"pt-PT","@id":"https:\/\/victimcare-dc.org\/pt-pt\/#\/schema\/logo\/image\/","url":"https:\/\/i0.wp.com\/victimcare-dc.org\/wp-content\/uploads\/2023\/05\/Victim-Care-logo-FINAL-web-1.png?fit=1600%2C1472&ssl=1","contentUrl":"https:\/\/i0.wp.com\/victimcare-dc.org\/wp-content\/uploads\/2023\/05\/Victim-Care-logo-FINAL-web-1.png?fit=1600%2C1472&ssl=1","width":1600,"height":1472,"caption":"Victim Care Devon and Cornwall"},"image":{"@id":"https:\/\/victimcare-dc.org\/pt-pt\/#\/schema\/logo\/image\/"},"sameAs":["https:\/\/www.facebook.com\/DCPCC","https:\/\/x.com\/DC_PCC"]}]}},"jetpack_sharing_enabled":true,"builder_content":"<img src=\"https:\/\/victimcare-dc.org\/wp-content\/uploads\/2023\/04\/shutterstock_1332865433-1024x683-888x474.jpg\" width=\"888\" height=\"474\" title=\"Ajuda para os apoiantes\" alt=\"Ajuda para os apoiantes\" srcset=\"https:\/\/i0.wp.com\/victimcare-dc.org\/wp-content\/uploads\/2023\/04\/shutterstock_1332865433-scaled.jpg?resize=888%2C474&amp;ssl=1 888w, https:\/\/i0.wp.com\/victimcare-dc.org\/wp-content\/uploads\/2023\/04\/shutterstock_1332865433-scaled.jpg?zoom=2&amp;resize=888%2C474&amp;ssl=1 1776w\" sizes=\"(max-width: 888px) 100vw, 888px\" \/>\n<h3>O que devo fazer se estiver preocupado com outra pessoa?<\/h3> <p>\u00c9 poss\u00edvel que tenha visitado o nosso s\u00edtio Web porque est\u00e1 preocupado com outra pessoa que \u00e9 afetada pela criminalidade. Ou pode precisar de apoio porque est\u00e1 a apoiar outra pessoa. Reconhecemos que pode ser dif\u00edcil apoiar algu\u00e9m que \u00e9 v\u00edtima de um crime e que tamb\u00e9m \u00e9 importante para si obter a ajuda e o apoio de que necessita. <\/p> <p>Compreendemos que pode ser a \u00fanica pessoa que sabe o que aconteceu e que pode estar a ajudar a pessoa de quem gosta a tomar decis\u00f5es importantes sobre o que ela precisa. <\/p>\n<h3 style=\"text-align: center;\">A boa not\u00edcia \u00e9 que o Apoio \u00e0 V\u00edtima tamb\u00e9m est\u00e1 dispon\u00edvel para apoiar amigos, familiares e qualquer outra pessoa envolvida no crime. Basta seguir os mesmos dados de contacto para falar com algu\u00e9m do Apoio \u00e0 V\u00edtima que possa ajudar.<\/h3>\n<a href=\"https:\/\/www.victimsupport.org.uk\/\" > visitar o apoio \u00e0s v\u00edtimas <\/a>\n<p>Para al\u00e9m de utilizar as linhas de apoio e o servi\u00e7o de conversa\u00e7\u00e3o em direto, pode tamb\u00e9m aceder ao Meu Espa\u00e7o de Apoio. Disponibilizados pelo Victim Support, existem v\u00e1rios recursos e guias \u00fateis de autoajuda em linha. Inclui guias sobre como falar com crian\u00e7as, falar com pessoas afectadas pelo crime e reconhecer os sinais de viol\u00eancia dom\u00e9stica, entre outros.<\/p>\n<a href=\"https:\/\/www.mysupportspace.org.uk\/\" > VISITAR O MEU ESPA\u00c7O DE APOIO <\/a>","_links":{"self":[{"href":"https:\/\/victimcare-dc.org\/pt-pt\/wp-json\/wp\/v2\/pages\/3524","targetHints":{"allow":["GET"]}}],"collection":[{"href":"https:\/\/victimcare-dc.org\/pt-pt\/wp-json\/wp\/v2\/pages"}],"about":[{"href":"https:\/\/victimcare-dc.org\/pt-pt\/wp-json\/wp\/v2\/types\/page"}],"author":[{"embeddable":true,"href":"https:\/\/victimcare-dc.org\/pt-pt\/wp-json\/wp\/v2\/users\/1"}],"replies":[{"embeddable":true,"href":"https:\/\/victimcare-dc.org\/pt-pt\/wp-json\/wp\/v2\/comments?post=3524"}],"version-history":[{"count":2,"href":"https:\/\/victimcare-dc.org\/pt-pt\/wp-json\/wp\/v2\/pages\/3524\/revisions"}],"predecessor-version":[{"id":3583,"href":"https:\/\/victimcare-dc.org\/pt-pt\/wp-json\/wp\/v2\/pages\/3524\/revisions\/3583"}],"wp:attachment":[{"href":"https:\/\/victimcare-dc.org\/pt-pt\/wp-json\/wp\/v2\/media?parent=3524"}],"curies":[{"name":"wp","href":"https:\/\/api.w.org\/{rel}","templated":true}]}}