{"id":3279,"date":"2023-10-03T12:07:50","date_gmt":"2023-10-03T12:07:50","guid":{"rendered":"https:\/\/victimcare-dc.org\/justitie-restaurativa\/"},"modified":"2024-03-12T15:45:06","modified_gmt":"2024-03-12T15:45:06","slug":"justitie-restaurativa","status":"publish","type":"page","link":"https:\/\/victimcare-dc.org\/ro\/justitie-restaurativa\/","title":{"rendered":"Justi\u021bie restaurativ\u0103"},"content":{"rendered":"<!--themify_builder_content-->\n<div id=\"themify_builder_content-3279\" data-postid=\"3279\" class=\"themify_builder_content themify_builder_content-3279 themify_builder tf_clear\">\n                    <div  data-lazy=\"1\" class=\"module_row themify_builder_row tb_c15k847 tb_first tf_w\">\n                        <div class=\"row_inner col_align_top tb_col_count_1 tf_box tf_rel\">\n                        <div  data-lazy=\"1\" class=\"module_column tb-column col-full tb_gaeo848 first\">\n                    <!-- module image -->\n<div  class=\"module module-image tb_usl0363 image-top   tf_mw\" data-lazy=\"1\">\n        <div class=\"image-wrap tf_rel tf_mw\">\n            <img data-recalc-dims=\"1\" loading=\"lazy\" decoding=\"async\" width=\"1165\" height=\"777\" src=\"https:\/\/i0.wp.com\/victimcare-dc.org\/wp-content\/uploads\/2023\/10\/shutterstock_779179771-scaled.jpg?resize=1165%2C777&#038;ssl=1\" class=\"wp-post-image wp-image-3281\" title=\"Friendly,Man,Sitting,At,Window,In,Loft,Cafe\" alt=\"Friendly,Man,Sitting,At,Window,In,Loft,Cafe\" srcset=\"https:\/\/i0.wp.com\/victimcare-dc.org\/wp-content\/uploads\/2023\/10\/shutterstock_779179771-scaled.jpg?w=2560&amp;ssl=1 2560w, https:\/\/i0.wp.com\/victimcare-dc.org\/wp-content\/uploads\/2023\/10\/shutterstock_779179771-scaled.jpg?resize=300%2C200&amp;ssl=1 300w, https:\/\/i0.wp.com\/victimcare-dc.org\/wp-content\/uploads\/2023\/10\/shutterstock_779179771-scaled.jpg?resize=1024%2C683&amp;ssl=1 1024w, https:\/\/i0.wp.com\/victimcare-dc.org\/wp-content\/uploads\/2023\/10\/shutterstock_779179771-scaled.jpg?resize=768%2C512&amp;ssl=1 768w, https:\/\/i0.wp.com\/victimcare-dc.org\/wp-content\/uploads\/2023\/10\/shutterstock_779179771-scaled.jpg?resize=1536%2C1024&amp;ssl=1 1536w, https:\/\/i0.wp.com\/victimcare-dc.org\/wp-content\/uploads\/2023\/10\/shutterstock_779179771-scaled.jpg?resize=2048%2C1365&amp;ssl=1 2048w, https:\/\/i0.wp.com\/victimcare-dc.org\/wp-content\/uploads\/2023\/10\/shutterstock_779179771-scaled.jpg?w=2330&amp;ssl=1 2330w\" sizes=\"auto, (max-width: 1165px) 100vw, 1165px\" \/>    \n        <\/div>\n    <!-- \/image-wrap -->\n    \n        <\/div>\n<!-- \/module image -->        <\/div>\n                        <\/div>\n        <\/div>\n                        <div  data-lazy=\"1\" class=\"module_row themify_builder_row tb_ltsi868 tf_w\">\n                        <div class=\"row_inner col_align_top tb_col_count_1 tf_box tf_rel\">\n                        <div  data-lazy=\"1\" class=\"module_column tb-column col-full tb_6cbg869 first\">\n                    <!-- module text -->\n<div  class=\"module module-text tb_ek1j384   \" data-lazy=\"1\">\n        <div  class=\"tb_text_wrap\">\n        <div>\n<div class=\"cms-content\">\n<h2>Ce este justi\u021bia restaurativ\u0103?<\/h2>\n<p>Justi\u021bia restaurativ\u0103 ofer\u0103 persoanelor prejudiciate de o infrac\u021biune \u0219i persoanelor responsabile de prejudiciu posibilitatea de a \u00eemp\u0103rt\u0103\u0219i modul \u00een care infrac\u021biunea le-a afectat. Aceasta permite tuturor celor implica\u021bi s\u0103 joace un rol \u00een repararea prejudiciului \u0219i \u00een g\u0103sirea unei c\u0103i pozitive de urmat.<\/p>\n<p>Comunicarea poate fi o \u00eent\u00e2lnire fa\u021b\u0103 \u00een fa\u021b\u0103 sau o scrisoare, un interviu audio sau video \u00eenregistrat.<\/p>\n<p>Toate victimele infrac\u021biunilor pot solicita justi\u021bie reparatorie, dar procesul va avea loc numai dac\u0103 at\u00e2t victima, c\u00e2t \u0219i infractorul doresc acest lucru.<\/p>\n<p>Justi\u021bia restaurativ\u0103 este complet voluntar\u0103 pentru to\u021bi cei care particip\u0103. Facilitatorii instrui\u021bi evalueaz\u0103 riscurile \u0219i se asigur\u0103 c\u0103 procesul este sigur pentru to\u021bi cei implica\u021bi.<\/p>\n<p>Justi\u021bia restaurativ\u0103 este utilizat\u0103 pentru orice tip de infrac\u021biune \u0219i \u00een orice etap\u0103 a procesului de justi\u021bie penal\u0103, inclusiv \u00een cazul \u00een care infractorul execut\u0103 o pedeaps\u0103 cu \u00eenchisoarea.<\/p>\n<\/div>\n<\/div>\n<div>\n<div class=\"cms-content\">\n<h2>Beneficiile justi\u021biei reparatorii<\/h2>\n<p>Justi\u021bia restaurativ\u0103 ofer\u0103 victimei posibilitatea de a explica impactul prejudiciului cauzat, prin intermediul unei comunic\u0103ri sigure, cu sprijinul \u0219i \u00eencurajarea unor facilitatori califica\u021bi. Ace\u0219tia pot s\u0103 explice cum s-au sim\u021bit, s\u0103 descrie consecin\u021bele, s\u0103 pun\u0103 \u00eentreb\u0103ri, s\u0103 primeasc\u0103 o explica\u021bie \u0219i s\u0103 cear\u0103 scuze, dac\u0103 doresc.<\/p>\n<p>Procesul poate \u00eemputernici \u0219i ajuta victimele s\u0103 se recupereze \u00een urma incidentului, iar participarea la justi\u021bia restaurativ\u0103 nu are nicio influen\u021b\u0103 asupra sentin\u021bei pe care o poate primi un infractor.<\/p>\n<p>Infractorii au \u0219ansa de a-\u0219i asuma responsabilitatea pentru ac\u021biunile lor, de a oferi o explica\u021bie \u0219i de a lua m\u0103suri pentru a repara prejudiciul. Aceasta \u00eei poate ajuta s\u0103 \u00een\u021beleag\u0103 modul \u00een care ac\u021biunile lor au afectat victimele \u0219i familiile acestora.  <\/p>\n<p>Cercet\u0103rile arat\u0103 c\u0103 justi\u021bia reparatorie duce, de asemenea, la o reducere a recidivei.<\/p>\n<\/div>\n<\/div>    <\/div>\n<\/div>\n<!-- \/module text -->        <\/div>\n                        <\/div>\n        <\/div>\n                        <div  data-lazy=\"1\" class=\"module_row themify_builder_row tb_rj4e154 tf_w\">\n                        <div class=\"row_inner col_align_top tb_col_count_1 tf_box tf_rel\">\n                        <div  data-lazy=\"1\" class=\"module_column tb-column col-full tb_5sde154 first\">\n                    <!-- module video -->\n<div  class=\"module module-video tb_7h2f71 video-top  \" data-lazy=\"1\">\n                    <div class=\"video-wrap-outer\">\n            <div class=\"video-wrap tf_rel tf_overflow\">\n                                    <noscript><iframe data-no-script src=\"https:\/\/www.youtube-nocookie.com\/embed\/4-vQ4ixlU_A?pip=1&#038;playsinline=1\" allow=\"accelerometer;encrypted-media;gyroscope;picture-in-picture;fullscreen\" class=\"tf_abs tf_w tf_h\"><\/iframe><\/noscript>\n                                <\/div>\n            <!-- \/video-wrap -->\n        <\/div>\n        <!-- \/video-wrap-outer -->\n            <\/div>\n        <\/div>\n                        <\/div>\n        <\/div>\n                        <div  data-lazy=\"1\" class=\"module_row themify_builder_row tb_ernb454 tf_w\">\n                        <div class=\"row_inner col_align_top tb_col_count_1 tf_box tf_rel\">\n                        <div  data-lazy=\"1\" class=\"module_column tb-column col-full tb_de38454 first\">\n                    <!-- module text -->\n<div  class=\"module module-text tb_f7cf24   \" data-lazy=\"1\">\n        <div  class=\"tb_text_wrap\">\n        <h2>Cum s\u0103 aplica\u021bi pentru justi\u021bie restaurativ\u0103<\/h2>\n<p>Contacta\u021bi Unitatea de \u00eengrijire a victimelor, care v\u0103 poate aranja o justi\u021bie reparatorie \u0219i v\u0103 poate ajuta cu orice \u00eentreb\u0103ri pe care le ave\u021bi.<\/p>\n<p>Pute\u021bi s\u0103 le trimite\u021bi un <a href=\"mailto:victimservices@dc.police.uk\" target=\"_blank\" rel=\"noopener\">e-mail<\/a> sau s\u0103 le telefona\u021bi la num\u0103rul <a href=\"tel:01392%20475900\">01392 475900<\/a>, de luni p\u00e2n\u0103 vineri, \u00eentre orele 8.00 \u0219i 20.00, iar \u00een weekend \u0219i \u00een zilele de s\u0103rb\u0103tori legale, \u00eentre orele 9.00 \u0219i 17.00.<\/p>\n<p>Dac\u0103 decide\u021bi c\u0103 dori\u021bi s\u0103 lua\u021bi parte la justi\u021bia restaurativ\u0103, ve\u021bi primi sprijin din partea serviciului nostru specializat \u00een justi\u021bie restaurativ\u0103 <a class=\"external-link\" href=\"https:\/\/www.shekinah.co.uk\/make-amends\" target=\"_blank\" rel=\"external noopener\" aria-label=\"Make Amends - This link will open in a new window\" data-gtm-link=\"offsite\">Make Amends<\/a>.  <\/p>    <\/div>\n<\/div>\n<!-- \/module text -->        <\/div>\n                        <\/div>\n        <\/div>\n        <\/div>\n<!--\/themify_builder_content-->","protected":false},"excerpt":{"rendered":"<p>Ce este justi\u021bia restaurativ\u0103? Justi\u021bia restaurativ\u0103 ofer\u0103 persoanelor prejudiciate de o infrac\u021biune \u0219i persoanelor responsabile de prejudiciu posibilitatea de a [&hellip;]<\/p>\n","protected":false},"author":3,"featured_media":0,"parent":0,"menu_order":0,"comment_status":"closed","ping_status":"closed","template":"","meta":{"footnotes":""},"class_list":["post-3279","page","type-page","status-publish","hentry","has-post-title","has-post-date","has-post-category","has-post-tag","has-post-comment","has-post-author",""],"yoast_head":"<!-- This site is optimized with the Yoast SEO plugin v27.5 - https:\/\/yoast.com\/product\/yoast-seo-wordpress\/ -->\n<title>Justi\u021bie restaurativ\u0103 - Victim Care Devon &amp; Cornwall<\/title>\n<meta name=\"description\" content=\"Access specialist support and information for victims of crime, even if you haven&#039;t reported to police.\" \/>\n<meta name=\"robots\" content=\"index, follow, max-snippet:-1, max-image-preview:large, max-video-preview:-1\" \/>\n<link rel=\"canonical\" href=\"https:\/\/victimcare-dc.org\/ro\/justitie-restaurativa\/\" \/>\n<meta property=\"og:locale\" content=\"ro_RO\" \/>\n<meta property=\"og:type\" content=\"article\" \/>\n<meta property=\"og:title\" content=\"Justi\u021bie restaurativ\u0103 - Victim Care Devon &amp; Cornwall\" \/>\n<meta property=\"og:description\" content=\"Access specialist support and information for victims of crime, even if you haven&#039;t reported to police.\" \/>\n<meta property=\"og:url\" content=\"https:\/\/victimcare-dc.org\/ro\/justitie-restaurativa\/\" \/>\n<meta property=\"og:site_name\" content=\"Victim Care Devon &amp; Cornwall\" \/>\n<meta property=\"article:publisher\" content=\"https:\/\/www.facebook.com\/DCPCC\" \/>\n<meta property=\"article:modified_time\" content=\"2024-03-12T15:45:06+00:00\" \/>\n<meta property=\"og:image\" content=\"https:\/\/victimcare-dc.org\/wp-content\/uploads\/2023\/10\/shutterstock_779179771-scaled.jpg\" \/>\n<meta name=\"twitter:card\" content=\"summary_large_image\" \/>\n<meta name=\"twitter:site\" content=\"@DC_PCC\" \/>\n<meta name=\"twitter:label1\" content=\"Timp estimat pentru citire\" \/>\n\t<meta name=\"twitter:data1\" content=\"2 minute\" \/>\n<script type=\"application\/ld+json\" class=\"yoast-schema-graph\">{\"@context\":\"https:\\\/\\\/schema.org\",\"@graph\":[{\"@type\":\"WebPage\",\"@id\":\"https:\\\/\\\/victimcare-dc.org\\\/ro\\\/justitie-restaurativa\\\/\",\"url\":\"https:\\\/\\\/victimcare-dc.org\\\/ro\\\/justitie-restaurativa\\\/\",\"name\":\"Justi\u021bie restaurativ\u0103 - Victim Care Devon &amp; Cornwall\",\"isPartOf\":{\"@id\":\"https:\\\/\\\/victimcare-dc.org\\\/ro\\\/#website\"},\"primaryImageOfPage\":{\"@id\":\"https:\\\/\\\/victimcare-dc.org\\\/ro\\\/justitie-restaurativa\\\/#primaryimage\"},\"image\":{\"@id\":\"https:\\\/\\\/victimcare-dc.org\\\/ro\\\/justitie-restaurativa\\\/#primaryimage\"},\"thumbnailUrl\":\"https:\\\/\\\/victimcare-dc.org\\\/wp-content\\\/uploads\\\/2023\\\/10\\\/shutterstock_779179771-scaled.jpg\",\"datePublished\":\"2023-10-03T12:07:50+00:00\",\"dateModified\":\"2024-03-12T15:45:06+00:00\",\"description\":\"Access specialist support and information for victims of crime, even if you haven't reported to police.\",\"breadcrumb\":{\"@id\":\"https:\\\/\\\/victimcare-dc.org\\\/ro\\\/justitie-restaurativa\\\/#breadcrumb\"},\"inLanguage\":\"ro-RO\",\"potentialAction\":[{\"@type\":\"ReadAction\",\"target\":[\"https:\\\/\\\/victimcare-dc.org\\\/ro\\\/justitie-restaurativa\\\/\"]}]},{\"@type\":\"ImageObject\",\"inLanguage\":\"ro-RO\",\"@id\":\"https:\\\/\\\/victimcare-dc.org\\\/ro\\\/justitie-restaurativa\\\/#primaryimage\",\"url\":\"https:\\\/\\\/victimcare-dc.org\\\/wp-content\\\/uploads\\\/2023\\\/10\\\/shutterstock_779179771-scaled.jpg\",\"contentUrl\":\"https:\\\/\\\/victimcare-dc.org\\\/wp-content\\\/uploads\\\/2023\\\/10\\\/shutterstock_779179771-scaled.jpg\"},{\"@type\":\"BreadcrumbList\",\"@id\":\"https:\\\/\\\/victimcare-dc.org\\\/ro\\\/justitie-restaurativa\\\/#breadcrumb\",\"itemListElement\":[{\"@type\":\"ListItem\",\"position\":1,\"name\":\"Home\",\"item\":\"https:\\\/\\\/victimcare-dc.org\\\/ro\\\/\"},{\"@type\":\"ListItem\",\"position\":2,\"name\":\"Justi\u021bie restaurativ\u0103\"}]},{\"@type\":\"WebSite\",\"@id\":\"https:\\\/\\\/victimcare-dc.org\\\/ro\\\/#website\",\"url\":\"https:\\\/\\\/victimcare-dc.org\\\/ro\\\/\",\"name\":\"Victim Care Devon and Cornwall\",\"description\":\"Putting you at the heart of your own care\",\"publisher\":{\"@id\":\"https:\\\/\\\/victimcare-dc.org\\\/ro\\\/#organization\"},\"potentialAction\":[{\"@type\":\"SearchAction\",\"target\":{\"@type\":\"EntryPoint\",\"urlTemplate\":\"https:\\\/\\\/victimcare-dc.org\\\/ro\\\/?s={search_term_string}\"},\"query-input\":{\"@type\":\"PropertyValueSpecification\",\"valueRequired\":true,\"valueName\":\"search_term_string\"}}],\"inLanguage\":\"ro-RO\"},{\"@type\":\"Organization\",\"@id\":\"https:\\\/\\\/victimcare-dc.org\\\/ro\\\/#organization\",\"name\":\"Victim Care Devon and Cornwall\",\"url\":\"https:\\\/\\\/victimcare-dc.org\\\/ro\\\/\",\"logo\":{\"@type\":\"ImageObject\",\"inLanguage\":\"ro-RO\",\"@id\":\"https:\\\/\\\/victimcare-dc.org\\\/ro\\\/#\\\/schema\\\/logo\\\/image\\\/\",\"url\":\"https:\\\/\\\/i0.wp.com\\\/victimcare-dc.org\\\/wp-content\\\/uploads\\\/2023\\\/05\\\/Victim-Care-logo-FINAL-web-1.png?fit=1600%2C1472&ssl=1\",\"contentUrl\":\"https:\\\/\\\/i0.wp.com\\\/victimcare-dc.org\\\/wp-content\\\/uploads\\\/2023\\\/05\\\/Victim-Care-logo-FINAL-web-1.png?fit=1600%2C1472&ssl=1\",\"width\":1600,\"height\":1472,\"caption\":\"Victim Care Devon and Cornwall\"},\"image\":{\"@id\":\"https:\\\/\\\/victimcare-dc.org\\\/ro\\\/#\\\/schema\\\/logo\\\/image\\\/\"},\"sameAs\":[\"https:\\\/\\\/www.facebook.com\\\/DCPCC\",\"https:\\\/\\\/x.com\\\/DC_PCC\"]}]}<\/script>\n<!-- \/ Yoast SEO plugin. -->","yoast_head_json":{"title":"Justi\u021bie restaurativ\u0103 - Victim Care Devon &amp; Cornwall","description":"Access specialist support and information for victims of crime, even if you haven't reported to police.","robots":{"index":"index","follow":"follow","max-snippet":"max-snippet:-1","max-image-preview":"max-image-preview:large","max-video-preview":"max-video-preview:-1"},"canonical":"https:\/\/victimcare-dc.org\/ro\/justitie-restaurativa\/","og_locale":"ro_RO","og_type":"article","og_title":"Justi\u021bie restaurativ\u0103 - Victim Care Devon &amp; Cornwall","og_description":"Access specialist support and information for victims of crime, even if you haven't reported to police.","og_url":"https:\/\/victimcare-dc.org\/ro\/justitie-restaurativa\/","og_site_name":"Victim Care Devon &amp; Cornwall","article_publisher":"https:\/\/www.facebook.com\/DCPCC","article_modified_time":"2024-03-12T15:45:06+00:00","og_image":[{"url":"https:\/\/victimcare-dc.org\/wp-content\/uploads\/2023\/10\/shutterstock_779179771-scaled.jpg","type":"","width":"","height":""}],"twitter_card":"summary_large_image","twitter_site":"@DC_PCC","twitter_misc":{"Timp estimat pentru citire":"2 minute"},"schema":{"@context":"https:\/\/schema.org","@graph":[{"@type":"WebPage","@id":"https:\/\/victimcare-dc.org\/ro\/justitie-restaurativa\/","url":"https:\/\/victimcare-dc.org\/ro\/justitie-restaurativa\/","name":"Justi\u021bie restaurativ\u0103 - Victim Care Devon &amp; Cornwall","isPartOf":{"@id":"https:\/\/victimcare-dc.org\/ro\/#website"},"primaryImageOfPage":{"@id":"https:\/\/victimcare-dc.org\/ro\/justitie-restaurativa\/#primaryimage"},"image":{"@id":"https:\/\/victimcare-dc.org\/ro\/justitie-restaurativa\/#primaryimage"},"thumbnailUrl":"https:\/\/victimcare-dc.org\/wp-content\/uploads\/2023\/10\/shutterstock_779179771-scaled.jpg","datePublished":"2023-10-03T12:07:50+00:00","dateModified":"2024-03-12T15:45:06+00:00","description":"Access specialist support and information for victims of crime, even if you haven't reported to police.","breadcrumb":{"@id":"https:\/\/victimcare-dc.org\/ro\/justitie-restaurativa\/#breadcrumb"},"inLanguage":"ro-RO","potentialAction":[{"@type":"ReadAction","target":["https:\/\/victimcare-dc.org\/ro\/justitie-restaurativa\/"]}]},{"@type":"ImageObject","inLanguage":"ro-RO","@id":"https:\/\/victimcare-dc.org\/ro\/justitie-restaurativa\/#primaryimage","url":"https:\/\/victimcare-dc.org\/wp-content\/uploads\/2023\/10\/shutterstock_779179771-scaled.jpg","contentUrl":"https:\/\/victimcare-dc.org\/wp-content\/uploads\/2023\/10\/shutterstock_779179771-scaled.jpg"},{"@type":"BreadcrumbList","@id":"https:\/\/victimcare-dc.org\/ro\/justitie-restaurativa\/#breadcrumb","itemListElement":[{"@type":"ListItem","position":1,"name":"Home","item":"https:\/\/victimcare-dc.org\/ro\/"},{"@type":"ListItem","position":2,"name":"Justi\u021bie restaurativ\u0103"}]},{"@type":"WebSite","@id":"https:\/\/victimcare-dc.org\/ro\/#website","url":"https:\/\/victimcare-dc.org\/ro\/","name":"Victim Care Devon and Cornwall","description":"Putting you at the heart of your own care","publisher":{"@id":"https:\/\/victimcare-dc.org\/ro\/#organization"},"potentialAction":[{"@type":"SearchAction","target":{"@type":"EntryPoint","urlTemplate":"https:\/\/victimcare-dc.org\/ro\/?s={search_term_string}"},"query-input":{"@type":"PropertyValueSpecification","valueRequired":true,"valueName":"search_term_string"}}],"inLanguage":"ro-RO"},{"@type":"Organization","@id":"https:\/\/victimcare-dc.org\/ro\/#organization","name":"Victim Care Devon and Cornwall","url":"https:\/\/victimcare-dc.org\/ro\/","logo":{"@type":"ImageObject","inLanguage":"ro-RO","@id":"https:\/\/victimcare-dc.org\/ro\/#\/schema\/logo\/image\/","url":"https:\/\/i0.wp.com\/victimcare-dc.org\/wp-content\/uploads\/2023\/05\/Victim-Care-logo-FINAL-web-1.png?fit=1600%2C1472&ssl=1","contentUrl":"https:\/\/i0.wp.com\/victimcare-dc.org\/wp-content\/uploads\/2023\/05\/Victim-Care-logo-FINAL-web-1.png?fit=1600%2C1472&ssl=1","width":1600,"height":1472,"caption":"Victim Care Devon and Cornwall"},"image":{"@id":"https:\/\/victimcare-dc.org\/ro\/#\/schema\/logo\/image\/"},"sameAs":["https:\/\/www.facebook.com\/DCPCC","https:\/\/x.com\/DC_PCC"]}]}},"jetpack_sharing_enabled":true,"builder_content":"<img src=\"https:\/\/victimcare-dc.org\/wp-content\/uploads\/2023\/10\/shutterstock_779179771-scaled.jpg\" title=\"Friendly,Man,Sitting,At,Window,In,Loft,Cafe\" alt=\"Friendly,Man,Sitting,At,Window,In,Loft,Cafe\" srcset=\"https:\/\/i0.wp.com\/victimcare-dc.org\/wp-content\/uploads\/2023\/10\/shutterstock_779179771-scaled.jpg?w=2560&amp;ssl=1 2560w, https:\/\/i0.wp.com\/victimcare-dc.org\/wp-content\/uploads\/2023\/10\/shutterstock_779179771-scaled.jpg?resize=300%2C200&amp;ssl=1 300w, https:\/\/i0.wp.com\/victimcare-dc.org\/wp-content\/uploads\/2023\/10\/shutterstock_779179771-scaled.jpg?resize=1024%2C683&amp;ssl=1 1024w, https:\/\/i0.wp.com\/victimcare-dc.org\/wp-content\/uploads\/2023\/10\/shutterstock_779179771-scaled.jpg?resize=768%2C512&amp;ssl=1 768w, https:\/\/i0.wp.com\/victimcare-dc.org\/wp-content\/uploads\/2023\/10\/shutterstock_779179771-scaled.jpg?resize=1536%2C1024&amp;ssl=1 1536w, https:\/\/i0.wp.com\/victimcare-dc.org\/wp-content\/uploads\/2023\/10\/shutterstock_779179771-scaled.jpg?resize=2048%2C1365&amp;ssl=1 2048w, https:\/\/i0.wp.com\/victimcare-dc.org\/wp-content\/uploads\/2023\/10\/shutterstock_779179771-scaled.jpg?w=2330&amp;ssl=1 2330w\" sizes=\"(max-width: 2560px) 100vw, 2560px\" \/>\n<h2>Ce este justi\u021bia restaurativ\u0103?<\/h2> <p>Justi\u021bia restaurativ\u0103 ofer\u0103 persoanelor prejudiciate de o infrac\u021biune \u0219i persoanelor responsabile de prejudiciu posibilitatea de a \u00eemp\u0103rt\u0103\u0219i modul \u00een care infrac\u021biunea le-a afectat. Aceasta permite tuturor celor implica\u021bi s\u0103 joace un rol \u00een repararea prejudiciului \u0219i \u00een g\u0103sirea unei c\u0103i pozitive de urmat.<\/p> <p>Comunicarea poate fi o \u00eent\u00e2lnire fa\u021b\u0103 \u00een fa\u021b\u0103 sau o scrisoare, un interviu audio sau video \u00eenregistrat.<\/p> <p>Toate victimele infrac\u021biunilor pot solicita justi\u021bie reparatorie, dar procesul va avea loc numai dac\u0103 at\u00e2t victima, c\u00e2t \u0219i infractorul doresc acest lucru.<\/p> <p>Justi\u021bia restaurativ\u0103 este complet voluntar\u0103 pentru to\u021bi cei care particip\u0103. Facilitatorii instrui\u021bi evalueaz\u0103 riscurile \u0219i se asigur\u0103 c\u0103 procesul este sigur pentru to\u021bi cei implica\u021bi.<\/p> <p>Justi\u021bia restaurativ\u0103 este utilizat\u0103 pentru orice tip de infrac\u021biune \u0219i \u00een orice etap\u0103 a procesului de justi\u021bie penal\u0103, inclusiv \u00een cazul \u00een care infractorul execut\u0103 o pedeaps\u0103 cu \u00eenchisoarea.<\/p>\n<h2>Beneficiile justi\u021biei reparatorii<\/h2> <p>Justi\u021bia restaurativ\u0103 ofer\u0103 victimei posibilitatea de a explica impactul prejudiciului cauzat, prin intermediul unei comunic\u0103ri sigure, cu sprijinul \u0219i \u00eencurajarea unor facilitatori califica\u021bi. Ace\u0219tia pot s\u0103 explice cum s-au sim\u021bit, s\u0103 descrie consecin\u021bele, s\u0103 pun\u0103 \u00eentreb\u0103ri, s\u0103 primeasc\u0103 o explica\u021bie \u0219i s\u0103 cear\u0103 scuze, dac\u0103 doresc.<\/p> <p>Procesul poate \u00eemputernici \u0219i ajuta victimele s\u0103 se recupereze \u00een urma incidentului, iar participarea la justi\u021bia restaurativ\u0103 nu are nicio influen\u021b\u0103 asupra sentin\u021bei pe care o poate primi un infractor.<\/p> <p>Infractorii au \u0219ansa de a-\u0219i asuma responsabilitatea pentru ac\u021biunile lor, de a oferi o explica\u021bie \u0219i de a lua m\u0103suri pentru a repara prejudiciul. Aceasta \u00eei poate ajuta s\u0103 \u00een\u021beleag\u0103 modul \u00een care ac\u021biunile lor au afectat victimele \u0219i familiile acestora. <\/p> <p>Cercet\u0103rile arat\u0103 c\u0103 justi\u021bia reparatorie duce, de asemenea, la o reducere a recidivei.<\/p>\n[embed]https:\/\/youtu.be\/4-vQ4ixlU_A[\/embed]\n<h2>Cum s\u0103 aplica\u021bi pentru justi\u021bie restaurativ\u0103<\/h2> <p>Contacta\u021bi Unitatea de \u00eengrijire a victimelor, care v\u0103 poate aranja o justi\u021bie reparatorie \u0219i v\u0103 poate ajuta cu orice \u00eentreb\u0103ri pe care le ave\u021bi.<\/p> <p>Pute\u021bi s\u0103 le trimite\u021bi un <a href=\"mailto:victimservices@dc.police.uk\" target=\"_blank\" rel=\"noopener\">e-mail<\/a> sau s\u0103 le telefona\u021bi la num\u0103rul <a href=\"tel:01392%20475900\">01392 475900<\/a>, de luni p\u00e2n\u0103 vineri, \u00eentre orele 8.00 \u0219i 20.00, iar \u00een weekend \u0219i \u00een zilele de s\u0103rb\u0103tori legale, \u00eentre orele 9.00 \u0219i 17.00.<\/p> <p>Dac\u0103 decide\u021bi c\u0103 dori\u021bi s\u0103 lua\u021bi parte la justi\u021bia restaurativ\u0103, ve\u021bi primi sprijin din partea serviciului nostru specializat \u00een justi\u021bie restaurativ\u0103 <a href=\"https:\/\/www.shekinah.co.uk\/make-amends\" target=\"_blank\" rel=\"external noopener\" aria-label=\"Make Amends - This link will open in a new window\" data-gtm-link=\"offsite\">Make Amends<\/a>. <\/p>","_links":{"self":[{"href":"https:\/\/victimcare-dc.org\/ro\/wp-json\/wp\/v2\/pages\/3279","targetHints":{"allow":["GET"]}}],"collection":[{"href":"https:\/\/victimcare-dc.org\/ro\/wp-json\/wp\/v2\/pages"}],"about":[{"href":"https:\/\/victimcare-dc.org\/ro\/wp-json\/wp\/v2\/types\/page"}],"author":[{"embeddable":true,"href":"https:\/\/victimcare-dc.org\/ro\/wp-json\/wp\/v2\/users\/3"}],"replies":[{"embeddable":true,"href":"https:\/\/victimcare-dc.org\/ro\/wp-json\/wp\/v2\/comments?post=3279"}],"version-history":[{"count":4,"href":"https:\/\/victimcare-dc.org\/ro\/wp-json\/wp\/v2\/pages\/3279\/revisions"}],"predecessor-version":[{"id":3652,"href":"https:\/\/victimcare-dc.org\/ro\/wp-json\/wp\/v2\/pages\/3279\/revisions\/3652"}],"wp:attachment":[{"href":"https:\/\/victimcare-dc.org\/ro\/wp-json\/wp\/v2\/media?parent=3279"}],"curies":[{"name":"wp","href":"https:\/\/api.w.org\/{rel}","templated":true}]}}