{"id":3543,"date":"2023-04-14T14:18:26","date_gmt":"2023-04-14T14:18:26","guid":{"rendered":"https:\/\/victimcare-dc.org\/ajutor-pentru-sustinatori\/"},"modified":"2024-03-12T15:35:40","modified_gmt":"2024-03-12T15:35:40","slug":"ajutor-pentru-sustinatori","status":"publish","type":"page","link":"https:\/\/victimcare-dc.org\/ro\/ajutor-pentru-sustinatori\/","title":{"rendered":"Ajutor pentru sus\u021bin\u0103tori"},"content":{"rendered":"<!--themify_builder_content-->\n<div id=\"themify_builder_content-3543\" data-postid=\"3543\" class=\"themify_builder_content themify_builder_content-3543 themify_builder tf_clear\">\n                    <div  data-lazy=\"1\" class=\"module_row themify_builder_row tb_7ggw448 tb_first tf_w\">\n                        <div class=\"row_inner col_align_top tb_col_count_1 tf_box tf_rel\">\n                        <div  data-lazy=\"1\" class=\"module_column tb-column col-full tb_te72448 first\">\n                    <!-- module image -->\n<div  class=\"module module-image tb_vg97804 image-center   auto_fullwidth tf_mw wow\" data-tf-animation=\"slideInLeft\" data-lazy=\"1\">\n        <div class=\"image-wrap tf_rel tf_mw\">\n            <img data-recalc-dims=\"1\" loading=\"lazy\" decoding=\"async\" src=\"https:\/\/i0.wp.com\/victimcare-dc.org\/wp-content\/uploads\/2023\/04\/shutterstock_1332865433-1024x683.jpg?resize=888%2C474&#038;ssl=1\" width=\"888\" height=\"474\" class=\"wp-post-image wp-image-2530\" title=\"Ajutor pentru sus\u021bin\u0103tori\" alt=\"Ajutor pentru sus\u021bin\u0103tori\" srcset=\"https:\/\/i0.wp.com\/victimcare-dc.org\/wp-content\/uploads\/2023\/04\/shutterstock_1332865433-scaled.jpg?resize=888%2C474&amp;ssl=1 888w, https:\/\/i0.wp.com\/victimcare-dc.org\/wp-content\/uploads\/2023\/04\/shutterstock_1332865433-scaled.jpg?zoom=2&amp;resize=888%2C474&amp;ssl=1 1776w\" sizes=\"auto, (max-width: 888px) 100vw, 888px\" \/>    \n        <\/div>\n    <!-- \/image-wrap -->\n    \n        <\/div>\n<!-- \/module image -->        <\/div>\n                        <\/div>\n        <\/div>\n                        <div  data-lazy=\"1\" class=\"module_row themify_builder_row tb_i4et419 tf_w\">\n                        <div class=\"row_inner col_align_top tb_col_count_1 tf_box tf_rel\">\n                        <div  data-lazy=\"1\" class=\"module_column tb-column col-full tb_zfl1419 first\">\n                    <!-- module text -->\n<div  class=\"module module-text tb_g9yb346   \" data-lazy=\"1\">\n        <div  class=\"tb_text_wrap\">\n        <h3>Ce trebuie s\u0103 fac dac\u0103 \u00eemi fac griji pentru altcineva?<\/h3>\n<p><span style=\"font-weight: 400;\">Este posibil s\u0103 fi vizitat site-ul nostru web pentru c\u0103 v\u0103 face\u021bi griji pentru altcineva care este afectat de infrac\u021biuni. Sau poate ave\u021bi nevoie de sprijin pentru c\u0103 sprijini\u021bi pe altcineva. Recunoa\u0219tem c\u0103 poate fi dificil s\u0103 sprijini o persoan\u0103 care este victima unei infrac\u021biuni \u0219i c\u0103 este important ca \u0219i dumneavoastr\u0103 s\u0103 primi\u021bi ajutorul \u0219i sprijinul de care ave\u021bi nevoie.  <\/span><\/p>\n<p><span style=\"font-weight: 400;\">\u00cen\u021belegem c\u0103 s-ar putea s\u0103 fi\u021bi singura persoan\u0103 care \u0219tie ce s-a \u00eent\u00e2mplat \u0219i c\u0103 este posibil s\u0103 ajuta\u021bi persoana la care \u021bine\u021bi s\u0103 ia decizii importante cu privire la ceea ce are nevoie.  <\/span><\/p>    <\/div>\n<\/div>\n<!-- \/module text -->        <\/div>\n                        <\/div>\n        <\/div>\n                        <div  data-css_id=\"k46w26\" data-lazy=\"1\" class=\"module_row themify_builder_row fullwidth tb_k46w26 tf_w\">\n                        <div class=\"row_inner col_align_top tb_col_count_1 tf_box tf_rel\">\n                        <div  data-lazy=\"1\" class=\"module_column tb-column col-full tb_41q0916 first\">\n                    <!-- module text -->\n<div  class=\"module module-text tb_qghx916   \" data-lazy=\"1\">\n        <div  class=\"tb_text_wrap\">\n        <h3 style=\"text-align: center;\"><span style=\"color: #ffffff;\">Vestea bun\u0103 este c\u0103 cei de la Victim Support sunt, de asemenea, acolo pentru a sprijini prietenii, familia \u0219i orice alt\u0103 persoan\u0103 implicat\u0103 \u00een infrac\u021biune. Trebuie doar s\u0103 urma\u021bi acelea\u0219i detalii de contact pentru a vorbi cu cineva de la Victim Support care v\u0103 poate ajuta.<\/span><\/h3>    <\/div>\n<\/div>\n<!-- \/module text --><!-- module buttons -->\n<div  class=\"module module-buttons tb_o8dy916 buttons-horizontal outline  xlarge circle buttons-fullwidth\" data-lazy=\"1\">\n        <div class=\"module-buttons-item tf_in_flx\">\n                        <a href=\"https:\/\/www.victimsupport.org.uk\/\" class=\"ui builder_button tf_in_flx tb_default_color\" >\n                                                vizita\u021bi suportul pentru victime                                        <\/a>\n                <\/div>\n            <\/div>\n<!-- \/module buttons -->\n        <\/div>\n                        <\/div>\n        <\/div>\n                        <div  data-lazy=\"1\" class=\"module_row themify_builder_row tb_1b3f401 tf_w\">\n                        <div class=\"row_inner col_align_top tb_col_count_1 tf_box tf_rel\">\n                        <div  data-lazy=\"1\" class=\"module_column tb-column col-full tb_sl3p401 first\">\n                    <!-- module text -->\n<div  class=\"module module-text tb_oif3219   \" data-lazy=\"1\">\n        <div  class=\"tb_text_wrap\">\n        <p>Pe l\u00e2ng\u0103 utilizarea liniilor de asisten\u021b\u0103 telefonic\u0103 \u0219i a serviciului de chat live, pute\u021bi accesa, de asemenea, My Support Space. Furnizat de Victim Support, exist\u0103 o serie de resurse \u0219i ghiduri online utile de autoajutorare. Acestea includ ghiduri despre cum s\u0103 vorbe\u0219ti cu copiii, cum s\u0103 vorbe\u0219ti cu persoanele afectate de infrac\u021biuni \u0219i cum s\u0103 recuno\u0219ti semnele abuzului domestic, printre altele.<\/p>    <\/div>\n<\/div>\n<!-- \/module text -->        <\/div>\n                        <\/div>\n        <\/div>\n                        <div  data-lazy=\"1\" class=\"module_row themify_builder_row tb_lcgl306 tf_w\">\n                        <div class=\"row_inner col_align_top tb_col_count_1 tf_box tf_rel\">\n                        <div  data-lazy=\"1\" class=\"module_column tb-column col-full tb_eq71306 first\">\n                            <div  data-lazy=\"1\" class=\"module_subrow themify_builder_sub_row tf_w col_align_top tb_col_count_1 tb_hmsb306\">\n                <div  data-lazy=\"1\" class=\"module_column sub_column col-full tb_dw8c306 first\">\n                    <!-- module buttons -->\n<div  class=\"module module-buttons tb_xpip306 buttons-horizontal outline  xlarge circle buttons-fullwidth\" data-lazy=\"1\">\n        <div class=\"module-buttons-item tf_in_flx\">\n                        <a href=\"https:\/\/www.mysupportspace.org.uk\/\" class=\"ui builder_button tf_in_flx black\" >\n                                                VIZITA\u021aI SPA\u021aIUL MEU DE SPRIJIN                                        <\/a>\n                <\/div>\n            <\/div>\n<!-- \/module buttons -->\n        <\/div>\n                    <\/div>\n                <\/div>\n                        <\/div>\n        <\/div>\n        <\/div>\n<!--\/themify_builder_content-->","protected":false},"excerpt":{"rendered":"<p>Ce trebuie s\u0103 fac dac\u0103 \u00eemi fac griji pentru altcineva? Este posibil s\u0103 fi vizitat site-ul nostru web pentru c\u0103 [&hellip;]<\/p>\n","protected":false},"author":1,"featured_media":0,"parent":0,"menu_order":0,"comment_status":"closed","ping_status":"closed","template":"","meta":{"footnotes":""},"class_list":["post-3543","page","type-page","status-publish","hentry","has-post-title","has-post-date","has-post-category","has-post-tag","has-post-comment","has-post-author",""],"yoast_head":"<!-- This site is optimized with the Yoast SEO plugin v27.3 - https:\/\/yoast.com\/product\/yoast-seo-wordpress\/ -->\n<title>Ajutor pentru sus\u021bin\u0103tori - Victim Care Devon &amp; Cornwall<\/title>\n<meta name=\"description\" content=\"Access specialist support and information for victims of crime, even if you haven&#039;t reported to police.\" \/>\n<meta name=\"robots\" content=\"index, follow, max-snippet:-1, max-image-preview:large, max-video-preview:-1\" \/>\n<link rel=\"canonical\" href=\"https:\/\/victimcare-dc.org\/ro\/ajutor-pentru-sustinatori\/\" \/>\n<meta property=\"og:locale\" content=\"ro_RO\" \/>\n<meta property=\"og:type\" content=\"article\" \/>\n<meta property=\"og:title\" content=\"Ajutor pentru sus\u021bin\u0103tori - Victim Care Devon &amp; Cornwall\" \/>\n<meta property=\"og:description\" content=\"Access specialist support and information for victims of crime, even if you haven&#039;t reported to police.\" \/>\n<meta property=\"og:url\" content=\"https:\/\/victimcare-dc.org\/ro\/ajutor-pentru-sustinatori\/\" \/>\n<meta property=\"og:site_name\" content=\"Victim Care Devon &amp; Cornwall\" \/>\n<meta property=\"article:publisher\" content=\"https:\/\/www.facebook.com\/DCPCC\" \/>\n<meta property=\"article:modified_time\" content=\"2024-03-12T15:35:40+00:00\" \/>\n<meta property=\"og:image\" content=\"https:\/\/victimcare-dc.org\/wp-content\/uploads\/2023\/04\/shutterstock_1332865433-1024x683-888x474.jpg\" \/>\n<meta name=\"twitter:card\" content=\"summary_large_image\" \/>\n<meta name=\"twitter:site\" content=\"@DC_PCC\" \/>\n<meta name=\"twitter:label1\" content=\"Timp estimat pentru citire\" \/>\n\t<meta name=\"twitter:data1\" content=\"1 minut\" \/>\n<script type=\"application\/ld+json\" class=\"yoast-schema-graph\">{\"@context\":\"https:\\\/\\\/schema.org\",\"@graph\":[{\"@type\":\"WebPage\",\"@id\":\"https:\\\/\\\/victimcare-dc.org\\\/ro\\\/ajutor-pentru-sustinatori\\\/\",\"url\":\"https:\\\/\\\/victimcare-dc.org\\\/ro\\\/ajutor-pentru-sustinatori\\\/\",\"name\":\"Ajutor pentru sus\u021bin\u0103tori - Victim Care Devon &amp; Cornwall\",\"isPartOf\":{\"@id\":\"https:\\\/\\\/victimcare-dc.org\\\/ro\\\/#website\"},\"primaryImageOfPage\":{\"@id\":\"https:\\\/\\\/victimcare-dc.org\\\/ro\\\/ajutor-pentru-sustinatori\\\/#primaryimage\"},\"image\":{\"@id\":\"https:\\\/\\\/victimcare-dc.org\\\/ro\\\/ajutor-pentru-sustinatori\\\/#primaryimage\"},\"thumbnailUrl\":\"https:\\\/\\\/victimcare-dc.org\\\/wp-content\\\/uploads\\\/2023\\\/04\\\/shutterstock_1332865433-1024x683-888x474.jpg\",\"datePublished\":\"2023-04-14T14:18:26+00:00\",\"dateModified\":\"2024-03-12T15:35:40+00:00\",\"description\":\"Access specialist support and information for victims of crime, even if you haven't reported to police.\",\"breadcrumb\":{\"@id\":\"https:\\\/\\\/victimcare-dc.org\\\/ro\\\/ajutor-pentru-sustinatori\\\/#breadcrumb\"},\"inLanguage\":\"ro-RO\",\"potentialAction\":[{\"@type\":\"ReadAction\",\"target\":[\"https:\\\/\\\/victimcare-dc.org\\\/ro\\\/ajutor-pentru-sustinatori\\\/\"]}]},{\"@type\":\"ImageObject\",\"inLanguage\":\"ro-RO\",\"@id\":\"https:\\\/\\\/victimcare-dc.org\\\/ro\\\/ajutor-pentru-sustinatori\\\/#primaryimage\",\"url\":\"https:\\\/\\\/victimcare-dc.org\\\/wp-content\\\/uploads\\\/2023\\\/04\\\/shutterstock_1332865433-1024x683-888x474.jpg\",\"contentUrl\":\"https:\\\/\\\/victimcare-dc.org\\\/wp-content\\\/uploads\\\/2023\\\/04\\\/shutterstock_1332865433-1024x683-888x474.jpg\"},{\"@type\":\"BreadcrumbList\",\"@id\":\"https:\\\/\\\/victimcare-dc.org\\\/ro\\\/ajutor-pentru-sustinatori\\\/#breadcrumb\",\"itemListElement\":[{\"@type\":\"ListItem\",\"position\":1,\"name\":\"Home\",\"item\":\"https:\\\/\\\/victimcare-dc.org\\\/ro\\\/\"},{\"@type\":\"ListItem\",\"position\":2,\"name\":\"Ajutor pentru sus\u021bin\u0103tori\"}]},{\"@type\":\"WebSite\",\"@id\":\"https:\\\/\\\/victimcare-dc.org\\\/ro\\\/#website\",\"url\":\"https:\\\/\\\/victimcare-dc.org\\\/ro\\\/\",\"name\":\"Victim Care Devon and Cornwall\",\"description\":\"Putting you at the heart of your own care\",\"publisher\":{\"@id\":\"https:\\\/\\\/victimcare-dc.org\\\/ro\\\/#organization\"},\"potentialAction\":[{\"@type\":\"SearchAction\",\"target\":{\"@type\":\"EntryPoint\",\"urlTemplate\":\"https:\\\/\\\/victimcare-dc.org\\\/ro\\\/?s={search_term_string}\"},\"query-input\":{\"@type\":\"PropertyValueSpecification\",\"valueRequired\":true,\"valueName\":\"search_term_string\"}}],\"inLanguage\":\"ro-RO\"},{\"@type\":\"Organization\",\"@id\":\"https:\\\/\\\/victimcare-dc.org\\\/ro\\\/#organization\",\"name\":\"Victim Care Devon and Cornwall\",\"url\":\"https:\\\/\\\/victimcare-dc.org\\\/ro\\\/\",\"logo\":{\"@type\":\"ImageObject\",\"inLanguage\":\"ro-RO\",\"@id\":\"https:\\\/\\\/victimcare-dc.org\\\/ro\\\/#\\\/schema\\\/logo\\\/image\\\/\",\"url\":\"https:\\\/\\\/i0.wp.com\\\/victimcare-dc.org\\\/wp-content\\\/uploads\\\/2023\\\/05\\\/Victim-Care-logo-FINAL-web-1.png?fit=1600%2C1472&ssl=1\",\"contentUrl\":\"https:\\\/\\\/i0.wp.com\\\/victimcare-dc.org\\\/wp-content\\\/uploads\\\/2023\\\/05\\\/Victim-Care-logo-FINAL-web-1.png?fit=1600%2C1472&ssl=1\",\"width\":1600,\"height\":1472,\"caption\":\"Victim Care Devon and Cornwall\"},\"image\":{\"@id\":\"https:\\\/\\\/victimcare-dc.org\\\/ro\\\/#\\\/schema\\\/logo\\\/image\\\/\"},\"sameAs\":[\"https:\\\/\\\/www.facebook.com\\\/DCPCC\",\"https:\\\/\\\/x.com\\\/DC_PCC\"]}]}<\/script>\n<!-- \/ Yoast SEO plugin. -->","yoast_head_json":{"title":"Ajutor pentru sus\u021bin\u0103tori - Victim Care Devon &amp; Cornwall","description":"Access specialist support and information for victims of crime, even if you haven't reported to police.","robots":{"index":"index","follow":"follow","max-snippet":"max-snippet:-1","max-image-preview":"max-image-preview:large","max-video-preview":"max-video-preview:-1"},"canonical":"https:\/\/victimcare-dc.org\/ro\/ajutor-pentru-sustinatori\/","og_locale":"ro_RO","og_type":"article","og_title":"Ajutor pentru sus\u021bin\u0103tori - Victim Care Devon &amp; Cornwall","og_description":"Access specialist support and information for victims of crime, even if you haven't reported to police.","og_url":"https:\/\/victimcare-dc.org\/ro\/ajutor-pentru-sustinatori\/","og_site_name":"Victim Care Devon &amp; Cornwall","article_publisher":"https:\/\/www.facebook.com\/DCPCC","article_modified_time":"2024-03-12T15:35:40+00:00","og_image":[{"url":"https:\/\/victimcare-dc.org\/wp-content\/uploads\/2023\/04\/shutterstock_1332865433-1024x683-888x474.jpg","type":"","width":"","height":""}],"twitter_card":"summary_large_image","twitter_site":"@DC_PCC","twitter_misc":{"Timp estimat pentru citire":"1 minut"},"schema":{"@context":"https:\/\/schema.org","@graph":[{"@type":"WebPage","@id":"https:\/\/victimcare-dc.org\/ro\/ajutor-pentru-sustinatori\/","url":"https:\/\/victimcare-dc.org\/ro\/ajutor-pentru-sustinatori\/","name":"Ajutor pentru sus\u021bin\u0103tori - Victim Care Devon &amp; Cornwall","isPartOf":{"@id":"https:\/\/victimcare-dc.org\/ro\/#website"},"primaryImageOfPage":{"@id":"https:\/\/victimcare-dc.org\/ro\/ajutor-pentru-sustinatori\/#primaryimage"},"image":{"@id":"https:\/\/victimcare-dc.org\/ro\/ajutor-pentru-sustinatori\/#primaryimage"},"thumbnailUrl":"https:\/\/victimcare-dc.org\/wp-content\/uploads\/2023\/04\/shutterstock_1332865433-1024x683-888x474.jpg","datePublished":"2023-04-14T14:18:26+00:00","dateModified":"2024-03-12T15:35:40+00:00","description":"Access specialist support and information for victims of crime, even if you haven't reported to police.","breadcrumb":{"@id":"https:\/\/victimcare-dc.org\/ro\/ajutor-pentru-sustinatori\/#breadcrumb"},"inLanguage":"ro-RO","potentialAction":[{"@type":"ReadAction","target":["https:\/\/victimcare-dc.org\/ro\/ajutor-pentru-sustinatori\/"]}]},{"@type":"ImageObject","inLanguage":"ro-RO","@id":"https:\/\/victimcare-dc.org\/ro\/ajutor-pentru-sustinatori\/#primaryimage","url":"https:\/\/victimcare-dc.org\/wp-content\/uploads\/2023\/04\/shutterstock_1332865433-1024x683-888x474.jpg","contentUrl":"https:\/\/victimcare-dc.org\/wp-content\/uploads\/2023\/04\/shutterstock_1332865433-1024x683-888x474.jpg"},{"@type":"BreadcrumbList","@id":"https:\/\/victimcare-dc.org\/ro\/ajutor-pentru-sustinatori\/#breadcrumb","itemListElement":[{"@type":"ListItem","position":1,"name":"Home","item":"https:\/\/victimcare-dc.org\/ro\/"},{"@type":"ListItem","position":2,"name":"Ajutor pentru sus\u021bin\u0103tori"}]},{"@type":"WebSite","@id":"https:\/\/victimcare-dc.org\/ro\/#website","url":"https:\/\/victimcare-dc.org\/ro\/","name":"Victim Care Devon and Cornwall","description":"Putting you at the heart of your own care","publisher":{"@id":"https:\/\/victimcare-dc.org\/ro\/#organization"},"potentialAction":[{"@type":"SearchAction","target":{"@type":"EntryPoint","urlTemplate":"https:\/\/victimcare-dc.org\/ro\/?s={search_term_string}"},"query-input":{"@type":"PropertyValueSpecification","valueRequired":true,"valueName":"search_term_string"}}],"inLanguage":"ro-RO"},{"@type":"Organization","@id":"https:\/\/victimcare-dc.org\/ro\/#organization","name":"Victim Care Devon and Cornwall","url":"https:\/\/victimcare-dc.org\/ro\/","logo":{"@type":"ImageObject","inLanguage":"ro-RO","@id":"https:\/\/victimcare-dc.org\/ro\/#\/schema\/logo\/image\/","url":"https:\/\/i0.wp.com\/victimcare-dc.org\/wp-content\/uploads\/2023\/05\/Victim-Care-logo-FINAL-web-1.png?fit=1600%2C1472&ssl=1","contentUrl":"https:\/\/i0.wp.com\/victimcare-dc.org\/wp-content\/uploads\/2023\/05\/Victim-Care-logo-FINAL-web-1.png?fit=1600%2C1472&ssl=1","width":1600,"height":1472,"caption":"Victim Care Devon and Cornwall"},"image":{"@id":"https:\/\/victimcare-dc.org\/ro\/#\/schema\/logo\/image\/"},"sameAs":["https:\/\/www.facebook.com\/DCPCC","https:\/\/x.com\/DC_PCC"]}]}},"jetpack_sharing_enabled":true,"builder_content":"<img src=\"https:\/\/victimcare-dc.org\/wp-content\/uploads\/2023\/04\/shutterstock_1332865433-1024x683-888x474.jpg\" width=\"888\" height=\"474\" title=\"Ajutor pentru sus\u021bin\u0103tori\" alt=\"Ajutor pentru sus\u021bin\u0103tori\" srcset=\"https:\/\/i0.wp.com\/victimcare-dc.org\/wp-content\/uploads\/2023\/04\/shutterstock_1332865433-scaled.jpg?resize=888%2C474&amp;ssl=1 888w, https:\/\/i0.wp.com\/victimcare-dc.org\/wp-content\/uploads\/2023\/04\/shutterstock_1332865433-scaled.jpg?zoom=2&amp;resize=888%2C474&amp;ssl=1 1776w\" sizes=\"(max-width: 888px) 100vw, 888px\" \/>\n<h3>Ce trebuie s\u0103 fac dac\u0103 \u00eemi fac griji pentru altcineva?<\/h3> <p>Este posibil s\u0103 fi vizitat site-ul nostru web pentru c\u0103 v\u0103 face\u021bi griji pentru altcineva care este afectat de infrac\u021biuni. Sau poate ave\u021bi nevoie de sprijin pentru c\u0103 sprijini\u021bi pe altcineva. Recunoa\u0219tem c\u0103 poate fi dificil s\u0103 sprijini o persoan\u0103 care este victima unei infrac\u021biuni \u0219i c\u0103 este important ca \u0219i dumneavoastr\u0103 s\u0103 primi\u021bi ajutorul \u0219i sprijinul de care ave\u021bi nevoie. <\/p> <p>\u00cen\u021belegem c\u0103 s-ar putea s\u0103 fi\u021bi singura persoan\u0103 care \u0219tie ce s-a \u00eent\u00e2mplat \u0219i c\u0103 este posibil s\u0103 ajuta\u021bi persoana la care \u021bine\u021bi s\u0103 ia decizii importante cu privire la ceea ce are nevoie. <\/p>\n<h3 style=\"text-align: center;\">Vestea bun\u0103 este c\u0103 cei de la Victim Support sunt, de asemenea, acolo pentru a sprijini prietenii, familia \u0219i orice alt\u0103 persoan\u0103 implicat\u0103 \u00een infrac\u021biune. Trebuie doar s\u0103 urma\u021bi acelea\u0219i detalii de contact pentru a vorbi cu cineva de la Victim Support care v\u0103 poate ajuta.<\/h3>\n<a href=\"https:\/\/www.victimsupport.org.uk\/\" > vizita\u021bi suportul pentru victime <\/a>\n<p>Pe l\u00e2ng\u0103 utilizarea liniilor de asisten\u021b\u0103 telefonic\u0103 \u0219i a serviciului de chat live, pute\u021bi accesa, de asemenea, My Support Space. Furnizat de Victim Support, exist\u0103 o serie de resurse \u0219i ghiduri online utile de autoajutorare. Acestea includ ghiduri despre cum s\u0103 vorbe\u0219ti cu copiii, cum s\u0103 vorbe\u0219ti cu persoanele afectate de infrac\u021biuni \u0219i cum s\u0103 recuno\u0219ti semnele abuzului domestic, printre altele.<\/p>\n<a href=\"https:\/\/www.mysupportspace.org.uk\/\" > VIZITA\u021aI SPA\u021aIUL MEU DE SPRIJIN <\/a>","_links":{"self":[{"href":"https:\/\/victimcare-dc.org\/ro\/wp-json\/wp\/v2\/pages\/3543","targetHints":{"allow":["GET"]}}],"collection":[{"href":"https:\/\/victimcare-dc.org\/ro\/wp-json\/wp\/v2\/pages"}],"about":[{"href":"https:\/\/victimcare-dc.org\/ro\/wp-json\/wp\/v2\/types\/page"}],"author":[{"embeddable":true,"href":"https:\/\/victimcare-dc.org\/ro\/wp-json\/wp\/v2\/users\/1"}],"replies":[{"embeddable":true,"href":"https:\/\/victimcare-dc.org\/ro\/wp-json\/wp\/v2\/comments?post=3543"}],"version-history":[{"count":2,"href":"https:\/\/victimcare-dc.org\/ro\/wp-json\/wp\/v2\/pages\/3543\/revisions"}],"predecessor-version":[{"id":3591,"href":"https:\/\/victimcare-dc.org\/ro\/wp-json\/wp\/v2\/pages\/3543\/revisions\/3591"}],"wp:attachment":[{"href":"https:\/\/victimcare-dc.org\/ro\/wp-json\/wp\/v2\/media?parent=3543"}],"curies":[{"name":"wp","href":"https:\/\/api.w.org\/{rel}","templated":true}]}}